{"id":55504,"date":"2025-02-06T14:50:14","date_gmt":"2025-02-06T14:50:14","guid":{"rendered":"https:\/\/wildlifepro.de\/?page_id=55504"},"modified":"2026-01-26T13:33:45","modified_gmt":"2026-01-26T13:33:45","slug":"wws-wildlife-disease-warning-system","status":"publish","type":"page","link":"https:\/\/wildlifepro.de\/en\/wws-wildlife-disease-warning-system\/","title":{"rendered":"WWS &#8211; Wildlife Disease Warning System"},"content":{"rendered":"<p>[et_pb_section fb_built=&#8221;1&#8243; _builder_version=&#8221;4.16&#8243; global_colors_info=&#8221;{}&#8221;][et_pb_row column_structure=&#8221;1_2,1_2&#8243; _builder_version=&#8221;4.16&#8243; global_colors_info=&#8221;{}&#8221;][et_pb_column type=&#8221;1_2&#8243; _builder_version=&#8221;4.16&#8243; global_colors_info=&#8221;{}&#8221;][et_pb_text _builder_version=&#8221;4.25.2&#8243; text_font=&#8221;Mukta Malar|700|||||||&#8221; text_font_size=&#8221;25px&#8221; header_3_font=&#8221;Mukta Malar|700|||||||&#8221; header_3_text_color=&#8221;#000000&#8243; header_3_font_size=&#8221;29px&#8221; custom_margin=&#8221;7px||||false|false&#8221; global_colors_info=&#8221;{}&#8221;]<\/p>\n<p><strong>WWS &#8211; Wildlife Disease Warning System<\/strong><\/p>\n<p>[\/et_pb_text][et_pb_divider color=&#8221;#c49e6c&#8221; _builder_version=&#8221;4.16&#8243; global_colors_info=&#8221;{}&#8221;][\/et_pb_divider][\/et_pb_column][et_pb_column type=&#8221;1_2&#8243; _builder_version=&#8221;4.16&#8243; global_colors_info=&#8221;{}&#8221;][et_pb_button button_url=&#8221;https:\/\/wildlifepro.de\/&#8221; button_text=&#8221;ZUR\u00dcCK ZUR WEBSITE&#8221; button_alignment=&#8221;right&#8221; _builder_version=&#8221;4.16&#8243; custom_button=&#8221;on&#8221; button_text_size=&#8221;15px&#8221; button_text_color=&#8221;#ffffff&#8221; button_bg_color=&#8221;#c49e6c&#8221; button_border_color=&#8221;#c49e6c&#8221; button_border_radius=&#8221;0px&#8221; button_font=&#8221;Mukta Malar||||||||&#8221; button_use_icon=&#8221;off&#8221; custom_margin=&#8221;-2px||||false|false&#8221; custom_padding=&#8221;14px|37px|14px|37px|true|true&#8221; locked=&#8221;off&#8221; global_colors_info=&#8221;{}&#8221; button_text_color__hover_enabled=&#8221;on|hover&#8221; button_text_color__hover=&#8221;#ffffff&#8221; button_bg_color__hover_enabled=&#8221;on|desktop&#8221; button_bg_color__hover=&#8221;#495153&#8243; button_bg_enable_color__hover=&#8221;on&#8221; button_border_color__hover_enabled=&#8221;on|hover&#8221; button_border_color__hover=&#8221;#495153&#8243; button_letter_spacing__hover_enabled=&#8221;on|desktop&#8221; button_letter_spacing__hover=&#8221;0px&#8221;][\/et_pb_button][\/et_pb_column][\/et_pb_row][et_pb_row column_structure=&#8221;3_5,2_5&#8243; _builder_version=&#8221;4.16&#8243; custom_margin=&#8221;0px|auto||auto||&#8221; custom_padding=&#8221;4px||10px|||&#8221; locked=&#8221;off&#8221; global_colors_info=&#8221;{}&#8221;][et_pb_column type=&#8221;3_5&#8243; _builder_version=&#8221;4.16&#8243; global_colors_info=&#8221;{}&#8221;][et_pb_text _builder_version=&#8221;4.25.2&#8243; text_font_size=&#8221;16px&#8221; global_colors_info=&#8221;{}&#8221;]<\/p>\n<p><strong>AI-supported camera-based system solution for the early detection of wildlife diseases<\/strong><\/p>\n<p>The subject is the camera-based monitoring of wild animal populations with the aim of recognising diseases at an early stage and preventing epidemics. The development is based on the example of African swine fever. At present, there is a lack of early detection systems that make it possible to intervene in a timely and targeted manner. The aim is to develop a camera-based system that uses the possibilities of AI-supported image processing to analyse movement patterns and automatically detect other behavioural abnormalities, e.g. aggressiveness, that indicate pathologically relevant events. For this purpose, the individual movement of each body part is modelled as a relative movement and suitable mobility characteristics are derived that enable a classification between healthy and pathologically relevant. Visualisation is carried out using a traffic light solution. The automated triggering of predefined alarm routines is included. The system solution has considerable potential for scaling to other indications, which underlines its commercialisation potential.<\/p>\n<p>[\/et_pb_text][\/et_pb_column][et_pb_column type=&#8221;2_5&#8243; _builder_version=&#8221;4.16&#8243; custom_padding=&#8221;30px|30px|30px|30px|true|false&#8221; box_shadow_style=&#8221;preset1&#8243; global_colors_info=&#8221;{}&#8221;][et_pb_text _builder_version=&#8221;4.20.4&#8243; text_font_size=&#8221;16px&#8221; custom_margin=&#8221;|||0px||&#8221; global_colors_info=&#8221;{}&#8221;]<\/p>\n<p>Funding organisation: BMWK<\/p>\n<p>[\/et_pb_text][et_pb_image src=&#8221;https:\/\/wildlifepro.de\/media\/2023\/05\/BMWK_Fz_2021_WebSVG_de.svg&#8221; title_text=&#8221;BMWK_Fz_2021_WebSVG_de&#8221; _builder_version=&#8221;4.20.4&#8243; width=&#8221;85%&#8221; custom_margin=&#8221;-7px|||||&#8221; custom_padding=&#8221;|||15px||&#8221; global_colors_info=&#8221;{}&#8221;][\/et_pb_image][\/et_pb_column][\/et_pb_row][et_pb_row column_structure=&#8221;1_5,1_5,1_5,1_5,1_5&#8243; _builder_version=&#8221;4.25.2&#8243; global_colors_info=&#8221;{}&#8221;][et_pb_column type=&#8221;1_5&#8243; _builder_version=&#8221;4.16&#8243; global_colors_info=&#8221;{}&#8221;][et_pb_image src=&#8221;https:\/\/wildlifepro.de\/media\/2024\/08\/Design-ohne-Titel-2024-08-09T082458.477.png&#8221; title_text=&#8221;Anton Seissiger GmbH&#8221; url=&#8221;https:\/\/www.seissiger-wildkamera.eu\/&#8221; url_new_window=&#8221;on&#8221; _builder_version=&#8221;4.25.2&#8243; _module_preset=&#8221;default&#8221; global_colors_info=&#8221;{}&#8221;][\/et_pb_image][\/et_pb_column][et_pb_column type=&#8221;1_5&#8243; _builder_version=&#8221;4.16&#8243; global_colors_info=&#8221;{}&#8221;][et_pb_image src=&#8221;https:\/\/wildlifepro.de\/media\/2025\/02\/Design-ohne-Titel-2025-02-06T155341.092.png&#8221; title_text=&#8221;Logikwerk GmbH&#8221; url=&#8221;https:\/\/logikwerk.com\/&#8221; url_new_window=&#8221;on&#8221; _builder_version=&#8221;4.25.2&#8243; _module_preset=&#8221;default&#8221; global_colors_info=&#8221;{}&#8221;][\/et_pb_image][\/et_pb_column][et_pb_column type=&#8221;1_5&#8243; _builder_version=&#8221;4.16&#8243; global_colors_info=&#8221;{}&#8221;][et_pb_image src=&#8221;https:\/\/wildlifepro.de\/media\/2020\/06\/leibniz-institut.jpg&#8221; title_text=&#8221;leibniz institut&#8221; url=&#8221;https:\/\/www.izw-berlin.de\/de\/&#8221; url_new_window=&#8221;on&#8221; _builder_version=&#8221;4.25.2&#8243; _module_preset=&#8221;default&#8221; global_colors_info=&#8221;{}&#8221;][\/et_pb_image][\/et_pb_column][et_pb_column type=&#8221;1_5&#8243; _builder_version=&#8221;4.16&#8243; global_colors_info=&#8221;{}&#8221;][et_pb_image src=&#8221;https:\/\/wildlifepro.de\/media\/2026\/01\/IAB-Logo-farbig.png&#8221; title_text=&#8221;IAB \u2013 Institut f\u00fcr Angewandte Bauforschung Weimar gemeinn\u00fctzige GmbH&#8221; url=&#8221;https:\/\/www.iab-weimar.de\/&#8221; url_new_window=&#8221;on&#8221; _builder_version=&#8221;4.25.2&#8243; _module_preset=&#8221;default&#8221; hover_enabled=&#8221;0&#8243; global_colors_info=&#8221;{}&#8221; sticky_enabled=&#8221;0&#8243;][\/et_pb_image][\/et_pb_column][et_pb_column type=&#8221;1_5&#8243; _builder_version=&#8221;4.16&#8243; global_colors_info=&#8221;{}&#8221;][\/et_pb_column][\/et_pb_row][\/et_pb_section]<\/p>","protected":false},"excerpt":{"rendered":"<p>WWS &#8211; Wildlife Disease Warning SystemKI-unterst\u00fctzte kamerabasierte Systeml\u00f6sung f\u00fcr die Fr\u00fcherkennung von Wildtierkrankheiten Gegenstand ist die kamerarbasierte \u00dcberwachung von Wildtierbest\u00e4nden mit dem Ziel, Krankheiten fr\u00fchzeitig zu erkennen und Seuchen vorzubeugen. Die Entwicklung erfolgt am Beispiel der Afrikanischen Schweinepest. Gegenw\u00e4rtig fehlen Fr\u00fcherkennungssysteme, die es erm\u00f6glichen, rechtzeitig und gezielt zu intervenieren. Ziel ist es, ein kamerabasiertes System [&hellip;]<\/p>","protected":false},"author":5,"featured_media":0,"parent":0,"menu_order":0,"comment_status":"closed","ping_status":"closed","template":"","meta":{"_et_pb_use_builder":"on","_et_pb_old_content":"","_et_gb_content_width":"","footnotes":""},"dipi_cpt_category":[],"yoast_head":"<!-- This site is optimized with the Yoast SEO plugin v22.9 - https:\/\/yoast.com\/wordpress\/plugins\/seo\/ -->\n<title>WWS - Wildlife Disease Warning System - WildLifePro<\/title>\n<meta name=\"robots\" content=\"index, follow, max-snippet:-1, max-image-preview:large, max-video-preview:-1\" \/>\n<link rel=\"canonical\" href=\"https:\/\/wildlifepro.de\/en\/wws-wildlife-disease-warning-system\/\" \/>\n<meta property=\"og:locale\" content=\"en_GB\" \/>\n<meta property=\"og:type\" content=\"article\" \/>\n<meta property=\"og:title\" content=\"WWS - Wildlife Disease Warning System - WildLifePro\" \/>\n<meta property=\"og:description\" content=\"WWS - Wildlife Disease Warning SystemKI-unterst\u00fctzte kamerabasierte Systeml\u00f6sung f\u00fcr die Fr\u00fcherkennung von Wildtierkrankheiten Gegenstand ist die kamerarbasierte \u00dcberwachung von Wildtierbest\u00e4nden mit dem Ziel, Krankheiten fr\u00fchzeitig zu erkennen und Seuchen vorzubeugen. Die Entwicklung erfolgt am Beispiel der Afrikanischen Schweinepest. Gegenw\u00e4rtig fehlen Fr\u00fcherkennungssysteme, die es erm\u00f6glichen, rechtzeitig und gezielt zu intervenieren. Ziel ist es, ein kamerabasiertes System [&hellip;]\" \/>\n<meta property=\"og:url\" content=\"https:\/\/wildlifepro.de\/en\/wws-wildlife-disease-warning-system\/\" \/>\n<meta property=\"og:site_name\" content=\"WildLifePro\" \/>\n<meta property=\"article:modified_time\" content=\"2026-01-26T13:33:45+00:00\" \/>\n<meta name=\"twitter:card\" content=\"summary_large_image\" \/>\n<meta name=\"twitter:label1\" content=\"Estimated reading time\" \/>\n\t<meta name=\"twitter:data1\" content=\"2 minutes\" \/>\n<script type=\"application\/ld+json\" class=\"yoast-schema-graph\">{\"@context\":\"https:\/\/schema.org\",\"@graph\":[{\"@type\":\"WebPage\",\"@id\":\"https:\/\/wildlifepro.de\/wws-wildlife-disease-warning-system\/\",\"url\":\"https:\/\/wildlifepro.de\/wws-wildlife-disease-warning-system\/\",\"name\":\"WWS - Wildlife Disease Warning System - WildLifePro\",\"isPartOf\":{\"@id\":\"https:\/\/wildlifepro.de\/#website\"},\"datePublished\":\"2025-02-06T14:50:14+00:00\",\"dateModified\":\"2026-01-26T13:33:45+00:00\",\"breadcrumb\":{\"@id\":\"https:\/\/wildlifepro.de\/wws-wildlife-disease-warning-system\/#breadcrumb\"},\"inLanguage\":\"en-GB\",\"potentialAction\":[{\"@type\":\"ReadAction\",\"target\":[\"https:\/\/wildlifepro.de\/wws-wildlife-disease-warning-system\/\"]}]},{\"@type\":\"BreadcrumbList\",\"@id\":\"https:\/\/wildlifepro.de\/wws-wildlife-disease-warning-system\/#breadcrumb\",\"itemListElement\":[{\"@type\":\"ListItem\",\"position\":1,\"name\":\"Startseite\",\"item\":\"https:\/\/wildlifepro.de\/\"},{\"@type\":\"ListItem\",\"position\":2,\"name\":\"WWS &#8211; Wildlife Disease Warning System\"}]},{\"@type\":\"WebSite\",\"@id\":\"https:\/\/wildlifepro.de\/#website\",\"url\":\"https:\/\/wildlifepro.de\/\",\"name\":\"WildLifePro\",\"description\":\"Ihr Netzwerk.\",\"potentialAction\":[{\"@type\":\"SearchAction\",\"target\":{\"@type\":\"EntryPoint\",\"urlTemplate\":\"https:\/\/wildlifepro.de\/?s={search_term_string}\"},\"query-input\":\"required name=search_term_string\"}],\"inLanguage\":\"en-GB\"}]}<\/script>\n<!-- \/ Yoast SEO plugin. -->","yoast_head_json":{"title":"WWS - Wildlife Disease Warning System - WildLifePro","robots":{"index":"index","follow":"follow","max-snippet":"max-snippet:-1","max-image-preview":"max-image-preview:large","max-video-preview":"max-video-preview:-1"},"canonical":"https:\/\/wildlifepro.de\/en\/wws-wildlife-disease-warning-system\/","og_locale":"en_GB","og_type":"article","og_title":"WWS - Wildlife Disease Warning System - WildLifePro","og_description":"WWS - Wildlife Disease Warning SystemKI-unterst\u00fctzte kamerabasierte Systeml\u00f6sung f\u00fcr die Fr\u00fcherkennung von Wildtierkrankheiten Gegenstand ist die kamerarbasierte \u00dcberwachung von Wildtierbest\u00e4nden mit dem Ziel, Krankheiten fr\u00fchzeitig zu erkennen und Seuchen vorzubeugen. Die Entwicklung erfolgt am Beispiel der Afrikanischen Schweinepest. Gegenw\u00e4rtig fehlen Fr\u00fcherkennungssysteme, die es erm\u00f6glichen, rechtzeitig und gezielt zu intervenieren. Ziel ist es, ein kamerabasiertes System [&hellip;]","og_url":"https:\/\/wildlifepro.de\/en\/wws-wildlife-disease-warning-system\/","og_site_name":"WildLifePro","article_modified_time":"2026-01-26T13:33:45+00:00","twitter_card":"summary_large_image","twitter_misc":{"Estimated reading time":"2 minutes"},"schema":{"@context":"https:\/\/schema.org","@graph":[{"@type":"WebPage","@id":"https:\/\/wildlifepro.de\/wws-wildlife-disease-warning-system\/","url":"https:\/\/wildlifepro.de\/wws-wildlife-disease-warning-system\/","name":"WWS - Wildlife Disease Warning System - WildLifePro","isPartOf":{"@id":"https:\/\/wildlifepro.de\/#website"},"datePublished":"2025-02-06T14:50:14+00:00","dateModified":"2026-01-26T13:33:45+00:00","breadcrumb":{"@id":"https:\/\/wildlifepro.de\/wws-wildlife-disease-warning-system\/#breadcrumb"},"inLanguage":"en-GB","potentialAction":[{"@type":"ReadAction","target":["https:\/\/wildlifepro.de\/wws-wildlife-disease-warning-system\/"]}]},{"@type":"BreadcrumbList","@id":"https:\/\/wildlifepro.de\/wws-wildlife-disease-warning-system\/#breadcrumb","itemListElement":[{"@type":"ListItem","position":1,"name":"Startseite","item":"https:\/\/wildlifepro.de\/"},{"@type":"ListItem","position":2,"name":"WWS &#8211; Wildlife Disease Warning System"}]},{"@type":"WebSite","@id":"https:\/\/wildlifepro.de\/#website","url":"https:\/\/wildlifepro.de\/","name":"WildLifePro","description":"Ihr Netzwerk.","potentialAction":[{"@type":"SearchAction","target":{"@type":"EntryPoint","urlTemplate":"https:\/\/wildlifepro.de\/?s={search_term_string}"},"query-input":"required name=search_term_string"}],"inLanguage":"en-GB"}]}},"_links":{"self":[{"href":"https:\/\/wildlifepro.de\/en\/wp-json\/wp\/v2\/pages\/55504"}],"collection":[{"href":"https:\/\/wildlifepro.de\/en\/wp-json\/wp\/v2\/pages"}],"about":[{"href":"https:\/\/wildlifepro.de\/en\/wp-json\/wp\/v2\/types\/page"}],"author":[{"embeddable":true,"href":"https:\/\/wildlifepro.de\/en\/wp-json\/wp\/v2\/users\/5"}],"replies":[{"embeddable":true,"href":"https:\/\/wildlifepro.de\/en\/wp-json\/wp\/v2\/comments?post=55504"}],"version-history":[{"count":4,"href":"https:\/\/wildlifepro.de\/en\/wp-json\/wp\/v2\/pages\/55504\/revisions"}],"predecessor-version":[{"id":55699,"href":"https:\/\/wildlifepro.de\/en\/wp-json\/wp\/v2\/pages\/55504\/revisions\/55699"}],"wp:attachment":[{"href":"https:\/\/wildlifepro.de\/en\/wp-json\/wp\/v2\/media?parent=55504"}],"wp:term":[{"taxonomy":"dipi_cpt_category","embeddable":true,"href":"https:\/\/wildlifepro.de\/en\/wp-json\/wp\/v2\/dipi_cpt_category?post=55504"}],"curies":[{"name":"wp","href":"https:\/\/api.w.org\/{rel}","templated":true}]}}