{"id":55488,"date":"2025-02-06T14:08:37","date_gmt":"2025-02-06T14:08:37","guid":{"rendered":"https:\/\/wildlifepro.de\/?page_id=55488"},"modified":"2025-02-06T15:05:19","modified_gmt":"2025-02-06T15:05:19","slug":"fischfitpro","status":"publish","type":"page","link":"https:\/\/wildlifepro.de\/en\/fischfitpro\/","title":{"rendered":"FischFitPRO"},"content":{"rendered":"<p>[et_pb_section fb_built=&#8221;1&#8243; _builder_version=&#8221;4.16&#8243; global_colors_info=&#8221;{}&#8221;][et_pb_row column_structure=&#8221;1_2,1_2&#8243; _builder_version=&#8221;4.16&#8243; global_colors_info=&#8221;{}&#8221;][et_pb_column type=&#8221;1_2&#8243; _builder_version=&#8221;4.16&#8243; global_colors_info=&#8221;{}&#8221;][et_pb_text _builder_version=&#8221;4.25.2&#8243; text_font=&#8221;Mukta Malar|700|||||||&#8221; text_font_size=&#8221;25px&#8221; header_3_font=&#8221;Mukta Malar|700|||||||&#8221; header_3_text_color=&#8221;#000000&#8243; header_3_font_size=&#8221;29px&#8221; custom_margin=&#8221;7px||||false|false&#8221; global_colors_info=&#8221;{}&#8221;]<\/p>\n<p><strong>FischFitPRO <\/strong><\/p>\n<p>[\/et_pb_text][et_pb_divider color=&#8221;#c49e6c&#8221; _builder_version=&#8221;4.16&#8243; global_colors_info=&#8221;{}&#8221;][\/et_pb_divider][\/et_pb_column][et_pb_column type=&#8221;1_2&#8243; _builder_version=&#8221;4.16&#8243; global_colors_info=&#8221;{}&#8221;][et_pb_button button_url=&#8221;https:\/\/wildlifepro.de\/&#8221; button_text=&#8221;ZUR\u00dcCK ZUR WEBSITE&#8221; button_alignment=&#8221;right&#8221; _builder_version=&#8221;4.16&#8243; custom_button=&#8221;on&#8221; button_text_size=&#8221;15px&#8221; button_text_color=&#8221;#ffffff&#8221; button_bg_color=&#8221;#c49e6c&#8221; button_border_color=&#8221;#c49e6c&#8221; button_border_radius=&#8221;0px&#8221; button_font=&#8221;Mukta Malar||||||||&#8221; button_use_icon=&#8221;off&#8221; custom_margin=&#8221;-2px||||false|false&#8221; custom_padding=&#8221;14px|37px|14px|37px|true|true&#8221; locked=&#8221;off&#8221; global_colors_info=&#8221;{}&#8221; button_text_color__hover_enabled=&#8221;on|hover&#8221; button_text_color__hover=&#8221;#ffffff&#8221; button_bg_color__hover_enabled=&#8221;on|desktop&#8221; button_bg_color__hover=&#8221;#495153&#8243; button_bg_enable_color__hover=&#8221;on&#8221; button_border_color__hover_enabled=&#8221;on|hover&#8221; button_border_color__hover=&#8221;#495153&#8243; button_letter_spacing__hover_enabled=&#8221;on|desktop&#8221; button_letter_spacing__hover=&#8221;0px&#8221;][\/et_pb_button][\/et_pb_column][\/et_pb_row][et_pb_row column_structure=&#8221;3_5,2_5&#8243; _builder_version=&#8221;4.16&#8243; custom_margin=&#8221;0px|auto||auto||&#8221; custom_padding=&#8221;4px||10px|||&#8221; locked=&#8221;off&#8221; global_colors_info=&#8221;{}&#8221;][et_pb_column type=&#8221;3_5&#8243; _builder_version=&#8221;4.16&#8243; global_colors_info=&#8221;{}&#8221;][et_pb_text _builder_version=&#8221;4.25.2&#8243; text_font_size=&#8221;16px&#8221; global_colors_info=&#8221;{}&#8221;]<\/p>\n<p><strong>Development of a sensor-based system solution for the objective assessment of animal welfare and animal health in aquaculture\u00a0 <\/strong><\/p>\n<p>Reducing stress and improving animal welfare is increasingly becoming one of the key challenges in fish farming and breeding. The aim is to develop a sensor-based system solution that makes it possible for the first time to evaluate animal welfare in various application scenarios using objectively collected measured values. The solution is based on the fusion and interpretation of heterogeneous data. One technical challenge is the camera-based monitoring of movement behaviour (swimming speed and pattern). Length and mass growth is also determined using cameras. Another challenge is the semi-automated detection of cortisol in the water in the ng range, which allows the substitution of invasive sampling to determine this key stress parameter. All values (including other water parameters) become part of the data set, which is analysed using machine learning methods. The aim is to create an early warning system that makes it possible to optimise stress management, reduce fish mortality and increase the profitability of aquaculture.<\/p>\n<p>[\/et_pb_text][\/et_pb_column][et_pb_column type=&#8221;2_5&#8243; _builder_version=&#8221;4.16&#8243; custom_padding=&#8221;30px|30px|30px|30px|true|false&#8221; box_shadow_style=&#8221;preset1&#8243; global_colors_info=&#8221;{}&#8221;][et_pb_text _builder_version=&#8221;4.20.4&#8243; text_font_size=&#8221;16px&#8221; custom_margin=&#8221;|||0px||&#8221; global_colors_info=&#8221;{}&#8221;]<\/p>\n<p>Funding organisation: BMWK<\/p>\n<p>[\/et_pb_text][et_pb_image src=&#8221;https:\/\/wildlifepro.de\/media\/2023\/05\/BMWK_Fz_2021_WebSVG_de.svg&#8221; title_text=&#8221;BMWK_Fz_2021_WebSVG_de&#8221; _builder_version=&#8221;4.20.4&#8243; width=&#8221;85%&#8221; custom_margin=&#8221;-7px|||||&#8221; custom_padding=&#8221;|||15px||&#8221; global_colors_info=&#8221;{}&#8221;][\/et_pb_image][\/et_pb_column][\/et_pb_row][et_pb_row column_structure=&#8221;1_5,1_5,1_5,1_5,1_5&#8243; _builder_version=&#8221;4.25.2&#8243; global_colors_info=&#8221;{}&#8221;][et_pb_column type=&#8221;1_5&#8243; _builder_version=&#8221;4.16&#8243; global_colors_info=&#8221;{}&#8221;][et_pb_image src=&#8221;https:\/\/wildlifepro.de\/media\/2024\/01\/KSI.jpg&#8221; title_text=&#8221;KSI&#8221; url=&#8221;https:\/\/ksi-meinsberg.de\/&#8221; url_new_window=&#8221;on&#8221; _builder_version=&#8221;4.25.2&#8243; _module_preset=&#8221;default&#8221; global_colors_info=&#8221;{}&#8221;][\/et_pb_image][\/et_pb_column][et_pb_column type=&#8221;1_5&#8243; _builder_version=&#8221;4.16&#8243; global_colors_info=&#8221;{}&#8221;][et_pb_image src=&#8221;https:\/\/wildlifepro.de\/media\/2025\/02\/Design-ohne-Titel-2025-02-06T151319.634.png&#8221; title_text=&#8221;BGG BERLINER GESELLSCHAFT F\u00dcR GRO\u00dfAQUARIEN MBH&#8221; url=&#8221;https:\/\/blauerseestern.de\/&#8221; url_new_window=&#8221;on&#8221; _builder_version=&#8221;4.25.2&#8243; _module_preset=&#8221;default&#8221; global_colors_info=&#8221;{}&#8221;][\/et_pb_image][\/et_pb_column][et_pb_column type=&#8221;1_5&#8243; _builder_version=&#8221;4.16&#8243; global_colors_info=&#8221;{}&#8221;][et_pb_image src=&#8221;https:\/\/wildlifepro.de\/media\/2025\/02\/Design-ohne-Titel-2025-02-06T160328.370.png&#8221; title_text=&#8221;Cubeoffice GmbH &#038; Co. KG&#8221; url=&#8221;https:\/\/cubeoffice.de\/&#8221; url_new_window=&#8221;on&#8221; _builder_version=&#8221;4.25.2&#8243; _module_preset=&#8221;default&#8221; hover_enabled=&#8221;0&#8243; global_colors_info=&#8221;{}&#8221; sticky_enabled=&#8221;0&#8243;][\/et_pb_image][\/et_pb_column][et_pb_column type=&#8221;1_5&#8243; _builder_version=&#8221;4.16&#8243; global_colors_info=&#8221;{}&#8221;][et_pb_image src=&#8221;https:\/\/wildlifepro.de\/media\/2020\/06\/humboldt.jpg&#8221; title_text=&#8221;humboldt&#8221; url=&#8221;https:\/\/www.hu-berlin.de\/de&#8221; url_new_window=&#8221;on&#8221; _builder_version=&#8221;4.25.2&#8243; _module_preset=&#8221;default&#8221; global_colors_info=&#8221;{}&#8221;][\/et_pb_image][\/et_pb_column][et_pb_column type=&#8221;1_5&#8243; _builder_version=&#8221;4.16&#8243; global_colors_info=&#8221;{}&#8221;][\/et_pb_column][\/et_pb_row][\/et_pb_section]<\/p>","protected":false},"excerpt":{"rendered":"<p>FischFitPRO Entwicklung einer sensorbasierten Systeml\u00f6sung f\u00fcr die objektive Bewertung von Tierwohl und Tiergesundheit in der Aquakultur\u00a0 Stressreduzierung und St\u00e4rkung des Tierwohls ist zunehmend auch in der Fischhaltung\/-zucht eine der zentralen Herausforderungen. Ziel ist eine sensorbasierte Systeml\u00f6sung, die es erstmals erm\u00f6glicht, mittels objektiv erhobener Messwerte Tierwohl in verschiedenen Anwendungsszenarien zu bewerten. Den L\u00f6sungsansatz bildet die Fusionierung [&hellip;]<\/p>","protected":false},"author":5,"featured_media":0,"parent":0,"menu_order":0,"comment_status":"closed","ping_status":"closed","template":"","meta":{"_et_pb_use_builder":"on","_et_pb_old_content":"","_et_gb_content_width":"","footnotes":""},"dipi_cpt_category":[],"yoast_head":"<!-- This site is optimized with the Yoast SEO plugin v22.9 - https:\/\/yoast.com\/wordpress\/plugins\/seo\/ -->\n<title>FischFitPRO - WildLifePro<\/title>\n<meta name=\"robots\" content=\"index, follow, max-snippet:-1, max-image-preview:large, max-video-preview:-1\" \/>\n<link rel=\"canonical\" href=\"https:\/\/wildlifepro.de\/en\/fischfitpro\/\" \/>\n<meta property=\"og:locale\" content=\"en_GB\" \/>\n<meta property=\"og:type\" content=\"article\" \/>\n<meta property=\"og:title\" content=\"FischFitPRO - WildLifePro\" \/>\n<meta property=\"og:description\" content=\"FischFitPRO Entwicklung einer sensorbasierten Systeml\u00f6sung f\u00fcr die objektive Bewertung von Tierwohl und Tiergesundheit in der Aquakultur\u00a0 Stressreduzierung und St\u00e4rkung des Tierwohls ist zunehmend auch in der Fischhaltung\/-zucht eine der zentralen Herausforderungen. Ziel ist eine sensorbasierte Systeml\u00f6sung, die es erstmals erm\u00f6glicht, mittels objektiv erhobener Messwerte Tierwohl in verschiedenen Anwendungsszenarien zu bewerten. Den L\u00f6sungsansatz bildet die Fusionierung [&hellip;]\" \/>\n<meta property=\"og:url\" content=\"https:\/\/wildlifepro.de\/en\/fischfitpro\/\" \/>\n<meta property=\"og:site_name\" content=\"WildLifePro\" \/>\n<meta property=\"article:modified_time\" content=\"2025-02-06T15:05:19+00:00\" \/>\n<meta name=\"twitter:card\" content=\"summary_large_image\" \/>\n<meta name=\"twitter:label1\" content=\"Estimated reading time\" \/>\n\t<meta name=\"twitter:data1\" content=\"2 minutes\" \/>\n<script type=\"application\/ld+json\" class=\"yoast-schema-graph\">{\"@context\":\"https:\/\/schema.org\",\"@graph\":[{\"@type\":\"WebPage\",\"@id\":\"https:\/\/wildlifepro.de\/fischfitpro\/\",\"url\":\"https:\/\/wildlifepro.de\/fischfitpro\/\",\"name\":\"FischFitPRO - WildLifePro\",\"isPartOf\":{\"@id\":\"https:\/\/wildlifepro.de\/#website\"},\"datePublished\":\"2025-02-06T14:08:37+00:00\",\"dateModified\":\"2025-02-06T15:05:19+00:00\",\"breadcrumb\":{\"@id\":\"https:\/\/wildlifepro.de\/fischfitpro\/#breadcrumb\"},\"inLanguage\":\"en-GB\",\"potentialAction\":[{\"@type\":\"ReadAction\",\"target\":[\"https:\/\/wildlifepro.de\/fischfitpro\/\"]}]},{\"@type\":\"BreadcrumbList\",\"@id\":\"https:\/\/wildlifepro.de\/fischfitpro\/#breadcrumb\",\"itemListElement\":[{\"@type\":\"ListItem\",\"position\":1,\"name\":\"Startseite\",\"item\":\"https:\/\/wildlifepro.de\/\"},{\"@type\":\"ListItem\",\"position\":2,\"name\":\"FischFitPRO\"}]},{\"@type\":\"WebSite\",\"@id\":\"https:\/\/wildlifepro.de\/#website\",\"url\":\"https:\/\/wildlifepro.de\/\",\"name\":\"WildLifePro\",\"description\":\"Ihr Netzwerk.\",\"potentialAction\":[{\"@type\":\"SearchAction\",\"target\":{\"@type\":\"EntryPoint\",\"urlTemplate\":\"https:\/\/wildlifepro.de\/?s={search_term_string}\"},\"query-input\":\"required name=search_term_string\"}],\"inLanguage\":\"en-GB\"}]}<\/script>\n<!-- \/ Yoast SEO plugin. -->","yoast_head_json":{"title":"FischFitPRO - WildLifePro","robots":{"index":"index","follow":"follow","max-snippet":"max-snippet:-1","max-image-preview":"max-image-preview:large","max-video-preview":"max-video-preview:-1"},"canonical":"https:\/\/wildlifepro.de\/en\/fischfitpro\/","og_locale":"en_GB","og_type":"article","og_title":"FischFitPRO - WildLifePro","og_description":"FischFitPRO Entwicklung einer sensorbasierten Systeml\u00f6sung f\u00fcr die objektive Bewertung von Tierwohl und Tiergesundheit in der Aquakultur\u00a0 Stressreduzierung und St\u00e4rkung des Tierwohls ist zunehmend auch in der Fischhaltung\/-zucht eine der zentralen Herausforderungen. Ziel ist eine sensorbasierte Systeml\u00f6sung, die es erstmals erm\u00f6glicht, mittels objektiv erhobener Messwerte Tierwohl in verschiedenen Anwendungsszenarien zu bewerten. Den L\u00f6sungsansatz bildet die Fusionierung [&hellip;]","og_url":"https:\/\/wildlifepro.de\/en\/fischfitpro\/","og_site_name":"WildLifePro","article_modified_time":"2025-02-06T15:05:19+00:00","twitter_card":"summary_large_image","twitter_misc":{"Estimated reading time":"2 minutes"},"schema":{"@context":"https:\/\/schema.org","@graph":[{"@type":"WebPage","@id":"https:\/\/wildlifepro.de\/fischfitpro\/","url":"https:\/\/wildlifepro.de\/fischfitpro\/","name":"FischFitPRO - WildLifePro","isPartOf":{"@id":"https:\/\/wildlifepro.de\/#website"},"datePublished":"2025-02-06T14:08:37+00:00","dateModified":"2025-02-06T15:05:19+00:00","breadcrumb":{"@id":"https:\/\/wildlifepro.de\/fischfitpro\/#breadcrumb"},"inLanguage":"en-GB","potentialAction":[{"@type":"ReadAction","target":["https:\/\/wildlifepro.de\/fischfitpro\/"]}]},{"@type":"BreadcrumbList","@id":"https:\/\/wildlifepro.de\/fischfitpro\/#breadcrumb","itemListElement":[{"@type":"ListItem","position":1,"name":"Startseite","item":"https:\/\/wildlifepro.de\/"},{"@type":"ListItem","position":2,"name":"FischFitPRO"}]},{"@type":"WebSite","@id":"https:\/\/wildlifepro.de\/#website","url":"https:\/\/wildlifepro.de\/","name":"WildLifePro","description":"Ihr Netzwerk.","potentialAction":[{"@type":"SearchAction","target":{"@type":"EntryPoint","urlTemplate":"https:\/\/wildlifepro.de\/?s={search_term_string}"},"query-input":"required name=search_term_string"}],"inLanguage":"en-GB"}]}},"_links":{"self":[{"href":"https:\/\/wildlifepro.de\/en\/wp-json\/wp\/v2\/pages\/55488"}],"collection":[{"href":"https:\/\/wildlifepro.de\/en\/wp-json\/wp\/v2\/pages"}],"about":[{"href":"https:\/\/wildlifepro.de\/en\/wp-json\/wp\/v2\/types\/page"}],"author":[{"embeddable":true,"href":"https:\/\/wildlifepro.de\/en\/wp-json\/wp\/v2\/users\/5"}],"replies":[{"embeddable":true,"href":"https:\/\/wildlifepro.de\/en\/wp-json\/wp\/v2\/comments?post=55488"}],"version-history":[{"count":4,"href":"https:\/\/wildlifepro.de\/en\/wp-json\/wp\/v2\/pages\/55488\/revisions"}],"predecessor-version":[{"id":55514,"href":"https:\/\/wildlifepro.de\/en\/wp-json\/wp\/v2\/pages\/55488\/revisions\/55514"}],"wp:attachment":[{"href":"https:\/\/wildlifepro.de\/en\/wp-json\/wp\/v2\/media?parent=55488"}],"wp:term":[{"taxonomy":"dipi_cpt_category","embeddable":true,"href":"https:\/\/wildlifepro.de\/en\/wp-json\/wp\/v2\/dipi_cpt_category?post=55488"}],"curies":[{"name":"wp","href":"https:\/\/api.w.org\/{rel}","templated":true}]}}