{"id":55479,"date":"2025-02-06T13:50:01","date_gmt":"2025-02-06T13:50:01","guid":{"rendered":"https:\/\/wildlifepro.de\/?page_id=55479"},"modified":"2025-02-06T14:32:30","modified_gmt":"2025-02-06T14:32:30","slug":"guard","status":"publish","type":"page","link":"https:\/\/wildlifepro.de\/en\/guard\/","title":{"rendered":"GUARD"},"content":{"rendered":"<p>[et_pb_section fb_built=&#8221;1&#8243; _builder_version=&#8221;4.16&#8243; global_colors_info=&#8221;{}&#8221;][et_pb_row column_structure=&#8221;1_2,1_2&#8243; _builder_version=&#8221;4.16&#8243; global_colors_info=&#8221;{}&#8221;][et_pb_column type=&#8221;1_2&#8243; _builder_version=&#8221;4.16&#8243; global_colors_info=&#8221;{}&#8221;][et_pb_text _builder_version=&#8221;4.25.2&#8243; text_font=&#8221;Mukta Malar|700|||||||&#8221; text_font_size=&#8221;25px&#8221; header_3_font=&#8221;Mukta Malar|700|||||||&#8221; header_3_text_color=&#8221;#000000&#8243; header_3_font_size=&#8221;29px&#8221; custom_margin=&#8221;7px||||false|false&#8221; global_colors_info=&#8221;{}&#8221;]<\/p>\n<p><strong>GUARD <\/strong><\/p>\n<p>[\/et_pb_text][et_pb_divider color=&#8221;#c49e6c&#8221; _builder_version=&#8221;4.16&#8243; global_colors_info=&#8221;{}&#8221;][\/et_pb_divider][\/et_pb_column][et_pb_column type=&#8221;1_2&#8243; _builder_version=&#8221;4.16&#8243; global_colors_info=&#8221;{}&#8221;][et_pb_button button_url=&#8221;https:\/\/wildlifepro.de\/&#8221; button_text=&#8221;ZUR\u00dcCK ZUR WEBSITE&#8221; button_alignment=&#8221;right&#8221; _builder_version=&#8221;4.16&#8243; custom_button=&#8221;on&#8221; button_text_size=&#8221;15px&#8221; button_text_color=&#8221;#ffffff&#8221; button_bg_color=&#8221;#c49e6c&#8221; button_border_color=&#8221;#c49e6c&#8221; button_border_radius=&#8221;0px&#8221; button_font=&#8221;Mukta Malar||||||||&#8221; button_use_icon=&#8221;off&#8221; custom_margin=&#8221;-2px||||false|false&#8221; custom_padding=&#8221;14px|37px|14px|37px|true|true&#8221; locked=&#8221;off&#8221; global_colors_info=&#8221;{}&#8221; button_text_color__hover_enabled=&#8221;on|hover&#8221; button_text_color__hover=&#8221;#ffffff&#8221; button_bg_color__hover_enabled=&#8221;on|desktop&#8221; button_bg_color__hover=&#8221;#495153&#8243; button_bg_enable_color__hover=&#8221;on&#8221; button_border_color__hover_enabled=&#8221;on|hover&#8221; button_border_color__hover=&#8221;#495153&#8243; button_letter_spacing__hover_enabled=&#8221;on|desktop&#8221; button_letter_spacing__hover=&#8221;0px&#8221;][\/et_pb_button][\/et_pb_column][\/et_pb_row][et_pb_row column_structure=&#8221;3_5,2_5&#8243; _builder_version=&#8221;4.16&#8243; custom_margin=&#8221;0px|auto||auto||&#8221; custom_padding=&#8221;4px||10px|||&#8221; locked=&#8221;off&#8221; global_colors_info=&#8221;{}&#8221;][et_pb_column type=&#8221;3_5&#8243; _builder_version=&#8221;4.16&#8243; global_colors_info=&#8221;{}&#8221;][et_pb_text _builder_version=&#8221;4.25.2&#8243; text_font_size=&#8221;16px&#8221; global_colors_info=&#8221;{}&#8221;]<\/p>\n<p><strong>Multi-sensor-based system for monitoring animal welfare during transport <\/strong><\/p>\n<p>Animals are exposed to considerable stress in transport situations. This also affects a large number of zoo animal transports as part of breeding programmes and animal transports in the sports sector. The subject is a multi-sensor-based system with AI data acquisition for monitoring animal welfare during transport. The contactless monitoring of vital parameters using radar sensors is central. The combination with an optical sensor allows the measured values to be assigned individually. Real-time monitoring is guaranteed by utilising AI-based algorithms. This involves time-synchronised data fusion, which also integrates transport box-related environmental data. The data interpretation leads to the automated generation of the animal welfare score. Based on this, alarm routines are triggered in risk situations. All transport data is logged in a tamper-proof manner and is available for retrospective analysis.<\/p>\n<p>[\/et_pb_text][\/et_pb_column][et_pb_column type=&#8221;2_5&#8243; _builder_version=&#8221;4.16&#8243; custom_padding=&#8221;30px|30px|30px|30px|true|false&#8221; box_shadow_style=&#8221;preset1&#8243; global_colors_info=&#8221;{}&#8221;][et_pb_text _builder_version=&#8221;4.20.4&#8243; text_font_size=&#8221;16px&#8221; custom_margin=&#8221;|||0px||&#8221; global_colors_info=&#8221;{}&#8221;]<\/p>\n<p>Funding organisation: BMWK<\/p>\n<p>[\/et_pb_text][et_pb_image src=&#8221;https:\/\/wildlifepro.de\/media\/2023\/05\/BMWK_Fz_2021_WebSVG_de.svg&#8221; title_text=&#8221;BMWK_Fz_2021_WebSVG_de&#8221; _builder_version=&#8221;4.20.4&#8243; width=&#8221;85%&#8221; custom_margin=&#8221;-7px|||||&#8221; custom_padding=&#8221;|||15px||&#8221; global_colors_info=&#8221;{}&#8221;][\/et_pb_image][\/et_pb_column][\/et_pb_row][et_pb_row column_structure=&#8221;1_5,1_5,1_5,1_5,1_5&#8243; _builder_version=&#8221;4.25.2&#8243; global_colors_info=&#8221;{}&#8221;][et_pb_column type=&#8221;1_5&#8243; _builder_version=&#8221;4.16&#8243; global_colors_info=&#8221;{}&#8221;][et_pb_image src=&#8221;https:\/\/wildlifepro.de\/media\/2022\/04\/IRPDlogo.png&#8221; title_text=&#8221;IRPDlogo&#8221; url=&#8221;https:\/\/www.irpd.de\/&#8221; url_new_window=&#8221;on&#8221; _builder_version=&#8221;4.25.2&#8243; _module_preset=&#8221;default&#8221; global_colors_info=&#8221;{}&#8221;][\/et_pb_image][\/et_pb_column][et_pb_column type=&#8221;1_5&#8243; _builder_version=&#8221;4.16&#8243; global_colors_info=&#8221;{}&#8221;][et_pb_image src=&#8221;https:\/\/wildlifepro.de\/media\/2024\/01\/Stiftng-Baeren.jpg&#8221; title_text=&#8221;Stiftng-Baeren&#8221; url=&#8221;https:\/\/www.baer.de\/&#8221; url_new_window=&#8221;on&#8221; _builder_version=&#8221;4.25.2&#8243; _module_preset=&#8221;default&#8221; global_colors_info=&#8221;{}&#8221;][\/et_pb_image][\/et_pb_column][et_pb_column type=&#8221;1_5&#8243; _builder_version=&#8221;4.16&#8243; global_colors_info=&#8221;{}&#8221;][et_pb_image src=&#8221;https:\/\/wildlifepro.de\/media\/2024\/01\/5.png&#8221; title_text=&#8221;TECHNISCHE UNIVERSIT\u00c4T BERLIN \u2013 FACHGEBIET AUDIOKOMMUNIKATION&#8221; url=&#8221;https:\/\/www.tu.berlin\/ak&#8221; url_new_window=&#8221;on&#8221; _builder_version=&#8221;4.25.2&#8243; _module_preset=&#8221;default&#8221; hover_enabled=&#8221;0&#8243; global_colors_info=&#8221;{}&#8221; sticky_enabled=&#8221;0&#8243;][\/et_pb_image][\/et_pb_column][et_pb_column type=&#8221;1_5&#8243; _builder_version=&#8221;4.16&#8243; global_colors_info=&#8221;{}&#8221;][\/et_pb_column][et_pb_column type=&#8221;1_5&#8243; _builder_version=&#8221;4.16&#8243; global_colors_info=&#8221;{}&#8221;][\/et_pb_column][\/et_pb_row][\/et_pb_section]<\/p>","protected":false},"excerpt":{"rendered":"<p>GUARD Multisensorbasiertes System f\u00fcr das transportbegleitende Monitoring von Tierwohl Tiere sind in Transportsituationen erheblichem Stress ausgesetzt. Dies betrifft in gro\u00dfer Zahl auch Zootiertransporte im Rahmen von Zuchtprogrammen und Tiertransporte im Sportbereich. Gegenstand ist ein multi-sensorbasiertes System mit KI-Datenakquisition f\u00fcr das transportbegleitende Monitoring von Tierwohl. Zentral ist die ber\u00fchrungslose \u00dcberwachung von Vitalparametern mittels Radarsensoren. Durch die [&hellip;]<\/p>","protected":false},"author":5,"featured_media":0,"parent":0,"menu_order":0,"comment_status":"closed","ping_status":"closed","template":"","meta":{"_et_pb_use_builder":"on","_et_pb_old_content":"","_et_gb_content_width":"","footnotes":""},"dipi_cpt_category":[],"yoast_head":"<!-- This site is optimized with the Yoast SEO plugin v22.9 - https:\/\/yoast.com\/wordpress\/plugins\/seo\/ -->\n<title>GUARD - WildLifePro<\/title>\n<meta name=\"robots\" content=\"index, follow, max-snippet:-1, max-image-preview:large, max-video-preview:-1\" \/>\n<link rel=\"canonical\" href=\"https:\/\/wildlifepro.de\/en\/guard\/\" \/>\n<meta property=\"og:locale\" content=\"en_GB\" \/>\n<meta property=\"og:type\" content=\"article\" \/>\n<meta property=\"og:title\" content=\"GUARD - WildLifePro\" \/>\n<meta property=\"og:description\" content=\"GUARD Multisensorbasiertes System f\u00fcr das transportbegleitende Monitoring von Tierwohl Tiere sind in Transportsituationen erheblichem Stress ausgesetzt. Dies betrifft in gro\u00dfer Zahl auch Zootiertransporte im Rahmen von Zuchtprogrammen und Tiertransporte im Sportbereich. Gegenstand ist ein multi-sensorbasiertes System mit KI-Datenakquisition f\u00fcr das transportbegleitende Monitoring von Tierwohl. Zentral ist die ber\u00fchrungslose \u00dcberwachung von Vitalparametern mittels Radarsensoren. Durch die [&hellip;]\" \/>\n<meta property=\"og:url\" content=\"https:\/\/wildlifepro.de\/en\/guard\/\" \/>\n<meta property=\"og:site_name\" content=\"WildLifePro\" \/>\n<meta property=\"article:modified_time\" content=\"2025-02-06T14:32:30+00:00\" \/>\n<meta name=\"twitter:card\" content=\"summary_large_image\" \/>\n<meta name=\"twitter:label1\" content=\"Estimated reading time\" \/>\n\t<meta name=\"twitter:data1\" content=\"3 minutes\" \/>\n<script type=\"application\/ld+json\" class=\"yoast-schema-graph\">{\"@context\":\"https:\/\/schema.org\",\"@graph\":[{\"@type\":\"WebPage\",\"@id\":\"https:\/\/wildlifepro.de\/guard\/\",\"url\":\"https:\/\/wildlifepro.de\/guard\/\",\"name\":\"GUARD - WildLifePro\",\"isPartOf\":{\"@id\":\"https:\/\/wildlifepro.de\/#website\"},\"datePublished\":\"2025-02-06T13:50:01+00:00\",\"dateModified\":\"2025-02-06T14:32:30+00:00\",\"breadcrumb\":{\"@id\":\"https:\/\/wildlifepro.de\/guard\/#breadcrumb\"},\"inLanguage\":\"en-GB\",\"potentialAction\":[{\"@type\":\"ReadAction\",\"target\":[\"https:\/\/wildlifepro.de\/guard\/\"]}]},{\"@type\":\"BreadcrumbList\",\"@id\":\"https:\/\/wildlifepro.de\/guard\/#breadcrumb\",\"itemListElement\":[{\"@type\":\"ListItem\",\"position\":1,\"name\":\"Startseite\",\"item\":\"https:\/\/wildlifepro.de\/\"},{\"@type\":\"ListItem\",\"position\":2,\"name\":\"GUARD\"}]},{\"@type\":\"WebSite\",\"@id\":\"https:\/\/wildlifepro.de\/#website\",\"url\":\"https:\/\/wildlifepro.de\/\",\"name\":\"WildLifePro\",\"description\":\"Ihr Netzwerk.\",\"potentialAction\":[{\"@type\":\"SearchAction\",\"target\":{\"@type\":\"EntryPoint\",\"urlTemplate\":\"https:\/\/wildlifepro.de\/?s={search_term_string}\"},\"query-input\":\"required name=search_term_string\"}],\"inLanguage\":\"en-GB\"}]}<\/script>\n<!-- \/ Yoast SEO plugin. -->","yoast_head_json":{"title":"GUARD - WildLifePro","robots":{"index":"index","follow":"follow","max-snippet":"max-snippet:-1","max-image-preview":"max-image-preview:large","max-video-preview":"max-video-preview:-1"},"canonical":"https:\/\/wildlifepro.de\/en\/guard\/","og_locale":"en_GB","og_type":"article","og_title":"GUARD - WildLifePro","og_description":"GUARD Multisensorbasiertes System f\u00fcr das transportbegleitende Monitoring von Tierwohl Tiere sind in Transportsituationen erheblichem Stress ausgesetzt. Dies betrifft in gro\u00dfer Zahl auch Zootiertransporte im Rahmen von Zuchtprogrammen und Tiertransporte im Sportbereich. Gegenstand ist ein multi-sensorbasiertes System mit KI-Datenakquisition f\u00fcr das transportbegleitende Monitoring von Tierwohl. Zentral ist die ber\u00fchrungslose \u00dcberwachung von Vitalparametern mittels Radarsensoren. Durch die [&hellip;]","og_url":"https:\/\/wildlifepro.de\/en\/guard\/","og_site_name":"WildLifePro","article_modified_time":"2025-02-06T14:32:30+00:00","twitter_card":"summary_large_image","twitter_misc":{"Estimated reading time":"3 minutes"},"schema":{"@context":"https:\/\/schema.org","@graph":[{"@type":"WebPage","@id":"https:\/\/wildlifepro.de\/guard\/","url":"https:\/\/wildlifepro.de\/guard\/","name":"GUARD - WildLifePro","isPartOf":{"@id":"https:\/\/wildlifepro.de\/#website"},"datePublished":"2025-02-06T13:50:01+00:00","dateModified":"2025-02-06T14:32:30+00:00","breadcrumb":{"@id":"https:\/\/wildlifepro.de\/guard\/#breadcrumb"},"inLanguage":"en-GB","potentialAction":[{"@type":"ReadAction","target":["https:\/\/wildlifepro.de\/guard\/"]}]},{"@type":"BreadcrumbList","@id":"https:\/\/wildlifepro.de\/guard\/#breadcrumb","itemListElement":[{"@type":"ListItem","position":1,"name":"Startseite","item":"https:\/\/wildlifepro.de\/"},{"@type":"ListItem","position":2,"name":"GUARD"}]},{"@type":"WebSite","@id":"https:\/\/wildlifepro.de\/#website","url":"https:\/\/wildlifepro.de\/","name":"WildLifePro","description":"Ihr Netzwerk.","potentialAction":[{"@type":"SearchAction","target":{"@type":"EntryPoint","urlTemplate":"https:\/\/wildlifepro.de\/?s={search_term_string}"},"query-input":"required name=search_term_string"}],"inLanguage":"en-GB"}]}},"_links":{"self":[{"href":"https:\/\/wildlifepro.de\/en\/wp-json\/wp\/v2\/pages\/55479"}],"collection":[{"href":"https:\/\/wildlifepro.de\/en\/wp-json\/wp\/v2\/pages"}],"about":[{"href":"https:\/\/wildlifepro.de\/en\/wp-json\/wp\/v2\/types\/page"}],"author":[{"embeddable":true,"href":"https:\/\/wildlifepro.de\/en\/wp-json\/wp\/v2\/users\/5"}],"replies":[{"embeddable":true,"href":"https:\/\/wildlifepro.de\/en\/wp-json\/wp\/v2\/comments?post=55479"}],"version-history":[{"count":3,"href":"https:\/\/wildlifepro.de\/en\/wp-json\/wp\/v2\/pages\/55479\/revisions"}],"predecessor-version":[{"id":55499,"href":"https:\/\/wildlifepro.de\/en\/wp-json\/wp\/v2\/pages\/55479\/revisions\/55499"}],"wp:attachment":[{"href":"https:\/\/wildlifepro.de\/en\/wp-json\/wp\/v2\/media?parent=55479"}],"wp:term":[{"taxonomy":"dipi_cpt_category","embeddable":true,"href":"https:\/\/wildlifepro.de\/en\/wp-json\/wp\/v2\/dipi_cpt_category?post=55479"}],"curies":[{"name":"wp","href":"https:\/\/api.w.org\/{rel}","templated":true}]}}