{"id":55338,"date":"2024-01-12T13:36:07","date_gmt":"2024-01-12T13:36:07","guid":{"rendered":"https:\/\/wildlifepro.de\/?page_id=55338"},"modified":"2025-02-06T15:42:50","modified_gmt":"2025-02-06T15:42:50","slug":"bgg-berliner-gesellschaft-fuer-grossaquarien-mbh","status":"publish","type":"page","link":"https:\/\/wildlifepro.de\/en\/bgg-berliner-gesellschaft-fuer-grossaquarien-mbh\/","title":{"rendered":"BGG Berliner Gesellschaft f\u00fcr Gro\u00dfaquarien mbH"},"content":{"rendered":"<p>[et_pb_section fb_built=&#8221;1&#8243; _builder_version=&#8221;4.16&#8243; global_colors_info=&#8221;{}&#8221;][et_pb_row column_structure=&#8221;1_2,1_2&#8243; _builder_version=&#8221;4.16&#8243; global_colors_info=&#8221;{}&#8221;][et_pb_column type=&#8221;1_2&#8243; _builder_version=&#8221;4.16&#8243; global_colors_info=&#8221;{}&#8221;][et_pb_text _builder_version=&#8221;4.23.1&#8243; text_font=&#8221;Mukta Malar|700|||||||&#8221; text_font_size=&#8221;25px&#8221; header_3_font=&#8221;Mukta Malar|700|||||||&#8221; header_3_text_color=&#8221;#000000&#8243; header_3_font_size=&#8221;29px&#8221; custom_margin=&#8221;7px||||false|false&#8221; global_colors_info=&#8221;{}&#8221;]<\/p>\n<h3>BGG Berliner Gesellschaft f\u00fcr Gro\u00dfaquarien mbH<\/h3>\n<p>[\/et_pb_text][et_pb_divider color=&#8221;#c49e6c&#8221; _builder_version=&#8221;4.16&#8243; global_colors_info=&#8221;{}&#8221;][\/et_pb_divider][\/et_pb_column][et_pb_column type=&#8221;1_2&#8243; _builder_version=&#8221;4.16&#8243; global_colors_info=&#8221;{}&#8221;][et_pb_button button_url=&#8221;https:\/\/wildlifepro.de\/&#8221; button_text=&#8221;ZUR\u00dcCK ZUR WEBSITE&#8221; button_alignment=&#8221;right&#8221; _builder_version=&#8221;4.16&#8243; custom_button=&#8221;on&#8221; button_text_size=&#8221;15px&#8221; button_text_color=&#8221;#ffffff&#8221; button_bg_color=&#8221;#c49e6c&#8221; button_border_color=&#8221;#c49e6c&#8221; button_border_radius=&#8221;0px&#8221; button_font=&#8221;Mukta Malar||||||||&#8221; button_use_icon=&#8221;off&#8221; custom_margin=&#8221;-2px||||false|false&#8221; custom_padding=&#8221;14px|37px|14px|37px|true|true&#8221; locked=&#8221;off&#8221; global_colors_info=&#8221;{}&#8221; button_text_color__hover_enabled=&#8221;on|hover&#8221; button_text_color__hover=&#8221;#ffffff&#8221; button_bg_color__hover_enabled=&#8221;on|desktop&#8221; button_bg_color__hover=&#8221;#495153&#8243; button_bg_enable_color__hover=&#8221;on&#8221; button_border_color__hover_enabled=&#8221;on|hover&#8221; button_border_color__hover=&#8221;#495153&#8243; button_letter_spacing__hover_enabled=&#8221;on|desktop&#8221; button_letter_spacing__hover=&#8221;0px&#8221;][\/et_pb_button][\/et_pb_column][\/et_pb_row][et_pb_row column_structure=&#8221;3_5,2_5&#8243; _builder_version=&#8221;4.16&#8243; custom_margin=&#8221;0px|auto||auto||&#8221; custom_padding=&#8221;4px||10px|||&#8221; locked=&#8221;off&#8221; global_colors_info=&#8221;{}&#8221;][et_pb_column type=&#8221;3_5&#8243; _builder_version=&#8221;4.16&#8243; global_colors_info=&#8221;{}&#8221;][et_pb_text _builder_version=&#8221;4.23.1&#8243; text_font_size=&#8221;16px&#8221; global_colors_info=&#8221;{}&#8221;]<\/p>\n<p>Die BGG Berliner Gesellschaft f\u00fcr Gro\u00dfaquarien mbH ist ein f\u00fchrendes Unternehmen im Bereich der Planung, Entwicklung und Betreibung von Gro\u00dfaquarien und prim\u00e4r die Arterhaltungszucht von aquatischen Organismen. Ihre herausragende Expertise und langj\u00e4hrige Erfahrung macht Sie zu einem verl\u00e4sslichen Partner. Die Leidenschaft f\u00fcr den Artenschutz und Innovationskraft treibt die BGG stets an, neue Ma\u00dfst\u00e4be zu setzen.<\/p>\n<p>Zu den Kernkompetenzen und St\u00e4rken der BGG z\u00e4hlen unter anderem:<\/p>\n<ul>\n<li><strong>Tierpflege und -management:<\/strong> Die Gesundheit und das Wohlbefinden der in ihren Anlagen gehaltenen Tiere haben oberste Priorit\u00e4t. Die Experten f\u00fcr Tierpflege und -management sorgen daf\u00fcr, dass die Tiere optimale Lebensbedingungen haben und arbeiten eng mit wissenschaftlichen Institutionen zusammen, um die Erforschung und den Schutz der Artenvielfalt zu unterst\u00fctzen.<\/li>\n<li><strong>Nachhaltigkeit und Umweltschutz:<\/strong> Die BGG ist sich ihrer Verantwortung f\u00fcr die Um-welt bewusst. Sie setzen sich f\u00fcr nachhaltige Betriebspraktiken ein, minimieren ihren \u00f6kologischen Fu\u00dfabdruck und engagieren sich aktiv f\u00fcr den Schutz von Habitaten.<\/li>\n<li><strong>Forschung und Bildung:<\/strong> Die BGG f\u00f6rdert die Forschung im Bereich Zoologie und \u00d6kologie und bietet Bildungsprogramme an, um das Bewusstsein f\u00fcr die Bedeutung des Schutzes der Umwelt zu st\u00e4rken.<\/li>\n<li><strong>Planung und Konzeption:<\/strong> Die BGG verf\u00fcgt \u00fcber ein erfahrenes Team von Aquarienexperten, Architekten und Ingenieuren, das in der Lage ist, ma\u00dfgeschneiderte Konzepte f\u00fcr Gro\u00dfaquarien und aquatische Einrichtungen zu entwickeln.<\/li>\n<li><strong>Bau und technische Umsetzung:<\/strong> Die BGG arbeitet mit den neuesten Technologien und hochqualifizierten Bauunternehmen zusammen, um sicherzustellen, dass ihre Aquarien den h\u00f6chsten Standards in Bezug auf Tierwohl und Sicherheit entsprechen.<\/li>\n<\/ul>\n<p>[\/et_pb_text][et_pb_text _builder_version=&#8221;4.23.1&#8243; text_font_size=&#8221;16px&#8221; global_colors_info=&#8221;{}&#8221;]<\/p>\n<p><em><strong>Kernkompetenz im Netzwerk: Umsetzung aquatischer Zuchtprogramme<\/strong><\/em><\/p>\n<p>&nbsp;<\/p>\n<p>[\/et_pb_text][\/et_pb_column][et_pb_column type=&#8221;2_5&#8243; _builder_version=&#8221;4.16&#8243; custom_padding=&#8221;30px|30px|30px|30px|true|false&#8221; box_shadow_style=&#8221;preset1&#8243; global_colors_info=&#8221;{}&#8221;][et_pb_image src=&#8221;https:\/\/wildlifepro.de\/media\/2024\/01\/Design-ohne-Titel-2024-01-12T143236.354.png&#8221; title_text=&#8221;BGG BERLINER GESELLSCHAFT F\u00dcR GRO\u00dfAQUARIEN MBH&#8221; _builder_version=&#8221;4.23.1&#8243; width=&#8221;100%&#8221; max_width=&#8221;100%&#8221; custom_margin=&#8221;-7px|||||&#8221; custom_padding=&#8221;|||15px||&#8221; global_colors_info=&#8221;{}&#8221;][\/et_pb_image][et_pb_blurb use_icon=&#8221;on&#8221; font_icon=&#8221;&#xe0e3;||divi||400&#8243; icon_color=&#8221;#c49e6c&#8221; icon_placement=&#8221;left&#8221; image_icon_width=&#8221;25px&#8221; _builder_version=&#8221;4.25.2&#8243; body_font=&#8221;Mukta Malar|600|||||||&#8221; body_font_size=&#8221;19px&#8221; custom_margin=&#8221;||56px|50px||&#8221; hover_enabled=&#8221;0&#8243; icon_font_size=&#8221;25px&#8221; global_colors_info=&#8221;{}&#8221; sticky_enabled=&#8221;0&#8243;]<\/p>\n<p><a href=\"https:\/\/1000arten.org\/\" target=\"_blank\" rel=\"noopener\">1000 Arten Projekt<\/a><\/p>\n<p><a href=\"https:\/\/blauerseestern.de\/\" target=\"_blank\" rel=\"noopener\">Visit website<\/a><\/p>\n<p>[\/et_pb_blurb][\/et_pb_column][\/et_pb_row][et_pb_row _builder_version=&#8221;4.16&#8243; global_colors_info=&#8221;{}&#8221;][et_pb_column type=&#8221;4_4&#8243; _builder_version=&#8221;4.16&#8243; global_colors_info=&#8221;{}&#8221;][\/et_pb_column][\/et_pb_row][\/et_pb_section]<\/p>","protected":false},"excerpt":{"rendered":"<p>BGG Berliner Gesellschaft f\u00fcr Gro\u00dfaquarien mbHDie BGG Berliner Gesellschaft f\u00fcr Gro\u00dfaquarien mbH ist ein f\u00fchrendes Unternehmen im Bereich der Planung, Entwicklung und Betreibung von Gro\u00dfaquarien und prim\u00e4r die Arterhaltungszucht von aquatischen Organismen. Ihre herausragende Expertise und langj\u00e4hrige Erfahrung macht Sie zu einem verl\u00e4sslichen Partner. Die Leidenschaft f\u00fcr den Artenschutz und Innovationskraft treibt die BGG stets [&hellip;]<\/p>","protected":false},"author":5,"featured_media":0,"parent":0,"menu_order":0,"comment_status":"closed","ping_status":"closed","template":"","meta":{"_et_pb_use_builder":"on","_et_pb_old_content":"","_et_gb_content_width":"","footnotes":""},"dipi_cpt_category":[],"yoast_head":"<!-- This site is optimized with the Yoast SEO plugin v22.9 - https:\/\/yoast.com\/wordpress\/plugins\/seo\/ -->\n<title>BGG Berliner Gesellschaft f\u00fcr Gro\u00dfaquarien mbH - WildLifePro<\/title>\n<meta name=\"robots\" content=\"index, follow, max-snippet:-1, max-image-preview:large, max-video-preview:-1\" \/>\n<link rel=\"canonical\" href=\"https:\/\/wildlifepro.de\/en\/bgg-berliner-gesellschaft-fuer-grossaquarien-mbh\/\" \/>\n<meta property=\"og:locale\" content=\"en_GB\" \/>\n<meta property=\"og:type\" content=\"article\" \/>\n<meta property=\"og:title\" content=\"BGG Berliner Gesellschaft f\u00fcr Gro\u00dfaquarien mbH - WildLifePro\" \/>\n<meta property=\"og:description\" content=\"BGG Berliner Gesellschaft f\u00fcr Gro\u00dfaquarien mbHDie BGG Berliner Gesellschaft f\u00fcr Gro\u00dfaquarien mbH ist ein f\u00fchrendes Unternehmen im Bereich der Planung, Entwicklung und Betreibung von Gro\u00dfaquarien und prim\u00e4r die Arterhaltungszucht von aquatischen Organismen. Ihre herausragende Expertise und langj\u00e4hrige Erfahrung macht Sie zu einem verl\u00e4sslichen Partner. Die Leidenschaft f\u00fcr den Artenschutz und Innovationskraft treibt die BGG stets [&hellip;]\" \/>\n<meta property=\"og:url\" content=\"https:\/\/wildlifepro.de\/en\/bgg-berliner-gesellschaft-fuer-grossaquarien-mbh\/\" \/>\n<meta property=\"og:site_name\" content=\"WildLifePro\" \/>\n<meta property=\"article:modified_time\" content=\"2025-02-06T15:42:50+00:00\" \/>\n<meta name=\"twitter:card\" content=\"summary_large_image\" \/>\n<script type=\"application\/ld+json\" class=\"yoast-schema-graph\">{\"@context\":\"https:\/\/schema.org\",\"@graph\":[{\"@type\":\"WebPage\",\"@id\":\"https:\/\/wildlifepro.de\/bgg-berliner-gesellschaft-fuer-grossaquarien-mbh\/\",\"url\":\"https:\/\/wildlifepro.de\/bgg-berliner-gesellschaft-fuer-grossaquarien-mbh\/\",\"name\":\"BGG Berliner Gesellschaft f\u00fcr Gro\u00dfaquarien mbH - WildLifePro\",\"isPartOf\":{\"@id\":\"https:\/\/wildlifepro.de\/#website\"},\"datePublished\":\"2024-01-12T13:36:07+00:00\",\"dateModified\":\"2025-02-06T15:42:50+00:00\",\"breadcrumb\":{\"@id\":\"https:\/\/wildlifepro.de\/bgg-berliner-gesellschaft-fuer-grossaquarien-mbh\/#breadcrumb\"},\"inLanguage\":\"en-GB\",\"potentialAction\":[{\"@type\":\"ReadAction\",\"target\":[\"https:\/\/wildlifepro.de\/bgg-berliner-gesellschaft-fuer-grossaquarien-mbh\/\"]}]},{\"@type\":\"BreadcrumbList\",\"@id\":\"https:\/\/wildlifepro.de\/bgg-berliner-gesellschaft-fuer-grossaquarien-mbh\/#breadcrumb\",\"itemListElement\":[{\"@type\":\"ListItem\",\"position\":1,\"name\":\"Startseite\",\"item\":\"https:\/\/wildlifepro.de\/\"},{\"@type\":\"ListItem\",\"position\":2,\"name\":\"BGG Berliner Gesellschaft f\u00fcr Gro\u00dfaquarien mbH\"}]},{\"@type\":\"WebSite\",\"@id\":\"https:\/\/wildlifepro.de\/#website\",\"url\":\"https:\/\/wildlifepro.de\/\",\"name\":\"WildLifePro\",\"description\":\"Ihr Netzwerk.\",\"potentialAction\":[{\"@type\":\"SearchAction\",\"target\":{\"@type\":\"EntryPoint\",\"urlTemplate\":\"https:\/\/wildlifepro.de\/?s={search_term_string}\"},\"query-input\":\"required name=search_term_string\"}],\"inLanguage\":\"en-GB\"}]}<\/script>\n<!-- \/ Yoast SEO plugin. -->","yoast_head_json":{"title":"BGG Berliner Gesellschaft f\u00fcr Gro\u00dfaquarien mbH - WildLifePro","robots":{"index":"index","follow":"follow","max-snippet":"max-snippet:-1","max-image-preview":"max-image-preview:large","max-video-preview":"max-video-preview:-1"},"canonical":"https:\/\/wildlifepro.de\/en\/bgg-berliner-gesellschaft-fuer-grossaquarien-mbh\/","og_locale":"en_GB","og_type":"article","og_title":"BGG Berliner Gesellschaft f\u00fcr Gro\u00dfaquarien mbH - WildLifePro","og_description":"BGG Berliner Gesellschaft f\u00fcr Gro\u00dfaquarien mbHDie BGG Berliner Gesellschaft f\u00fcr Gro\u00dfaquarien mbH ist ein f\u00fchrendes Unternehmen im Bereich der Planung, Entwicklung und Betreibung von Gro\u00dfaquarien und prim\u00e4r die Arterhaltungszucht von aquatischen Organismen. Ihre herausragende Expertise und langj\u00e4hrige Erfahrung macht Sie zu einem verl\u00e4sslichen Partner. Die Leidenschaft f\u00fcr den Artenschutz und Innovationskraft treibt die BGG stets [&hellip;]","og_url":"https:\/\/wildlifepro.de\/en\/bgg-berliner-gesellschaft-fuer-grossaquarien-mbh\/","og_site_name":"WildLifePro","article_modified_time":"2025-02-06T15:42:50+00:00","twitter_card":"summary_large_image","schema":{"@context":"https:\/\/schema.org","@graph":[{"@type":"WebPage","@id":"https:\/\/wildlifepro.de\/bgg-berliner-gesellschaft-fuer-grossaquarien-mbh\/","url":"https:\/\/wildlifepro.de\/bgg-berliner-gesellschaft-fuer-grossaquarien-mbh\/","name":"BGG Berliner Gesellschaft f\u00fcr Gro\u00dfaquarien mbH - WildLifePro","isPartOf":{"@id":"https:\/\/wildlifepro.de\/#website"},"datePublished":"2024-01-12T13:36:07+00:00","dateModified":"2025-02-06T15:42:50+00:00","breadcrumb":{"@id":"https:\/\/wildlifepro.de\/bgg-berliner-gesellschaft-fuer-grossaquarien-mbh\/#breadcrumb"},"inLanguage":"en-GB","potentialAction":[{"@type":"ReadAction","target":["https:\/\/wildlifepro.de\/bgg-berliner-gesellschaft-fuer-grossaquarien-mbh\/"]}]},{"@type":"BreadcrumbList","@id":"https:\/\/wildlifepro.de\/bgg-berliner-gesellschaft-fuer-grossaquarien-mbh\/#breadcrumb","itemListElement":[{"@type":"ListItem","position":1,"name":"Startseite","item":"https:\/\/wildlifepro.de\/"},{"@type":"ListItem","position":2,"name":"BGG Berliner Gesellschaft f\u00fcr Gro\u00dfaquarien mbH"}]},{"@type":"WebSite","@id":"https:\/\/wildlifepro.de\/#website","url":"https:\/\/wildlifepro.de\/","name":"WildLifePro","description":"Ihr Netzwerk.","potentialAction":[{"@type":"SearchAction","target":{"@type":"EntryPoint","urlTemplate":"https:\/\/wildlifepro.de\/?s={search_term_string}"},"query-input":"required name=search_term_string"}],"inLanguage":"en-GB"}]}},"_links":{"self":[{"href":"https:\/\/wildlifepro.de\/en\/wp-json\/wp\/v2\/pages\/55338"}],"collection":[{"href":"https:\/\/wildlifepro.de\/en\/wp-json\/wp\/v2\/pages"}],"about":[{"href":"https:\/\/wildlifepro.de\/en\/wp-json\/wp\/v2\/types\/page"}],"author":[{"embeddable":true,"href":"https:\/\/wildlifepro.de\/en\/wp-json\/wp\/v2\/users\/5"}],"replies":[{"embeddable":true,"href":"https:\/\/wildlifepro.de\/en\/wp-json\/wp\/v2\/comments?post=55338"}],"version-history":[{"count":5,"href":"https:\/\/wildlifepro.de\/en\/wp-json\/wp\/v2\/pages\/55338\/revisions"}],"predecessor-version":[{"id":55523,"href":"https:\/\/wildlifepro.de\/en\/wp-json\/wp\/v2\/pages\/55338\/revisions\/55523"}],"wp:attachment":[{"href":"https:\/\/wildlifepro.de\/en\/wp-json\/wp\/v2\/media?parent=55338"}],"wp:term":[{"taxonomy":"dipi_cpt_category","embeddable":true,"href":"https:\/\/wildlifepro.de\/en\/wp-json\/wp\/v2\/dipi_cpt_category?post=55338"}],"curies":[{"name":"wp","href":"https:\/\/api.w.org\/{rel}","templated":true}]}}