{"id":38335,"date":"2023-05-02T08:49:57","date_gmt":"2023-05-02T08:49:57","guid":{"rendered":"https:\/\/wildlifepro.de\/?page_id=38335"},"modified":"2023-05-02T10:12:02","modified_gmt":"2023-05-02T10:12:02","slug":"implantpro","status":"publish","type":"page","link":"https:\/\/wildlifepro.de\/en\/implantpro\/","title":{"rendered":"ImplantPRO"},"content":{"rendered":"<p>[et_pb_section fb_built=&#8221;1&#8243; _builder_version=&#8221;4.16&#8243; global_colors_info=&#8221;{}&#8221;][et_pb_row column_structure=&#8221;1_2,1_2&#8243; _builder_version=&#8221;4.16&#8243; global_colors_info=&#8221;{}&#8221;][et_pb_column type=&#8221;1_2&#8243; _builder_version=&#8221;4.16&#8243; global_colors_info=&#8221;{}&#8221;][et_pb_text _builder_version=&#8221;4.20.4&#8243; text_font=&#8221;Mukta Malar|700|||||||&#8221; text_font_size=&#8221;25px&#8221; header_3_font=&#8221;Mukta Malar|700|||||||&#8221; header_3_text_color=&#8221;#000000&#8243; header_3_font_size=&#8221;29px&#8221; custom_margin=&#8221;7px||||false|false&#8221; global_colors_info=&#8221;{}&#8221;]<\/p>\n<p><strong>ImplantPRO<\/strong><\/p>\n<p>[\/et_pb_text][et_pb_divider color=&#8221;#c49e6c&#8221; _builder_version=&#8221;4.16&#8243; global_colors_info=&#8221;{}&#8221;][\/et_pb_divider][\/et_pb_column][et_pb_column type=&#8221;1_2&#8243; _builder_version=&#8221;4.16&#8243; global_colors_info=&#8221;{}&#8221;][et_pb_button button_url=&#8221;https:\/\/wildlifepro.de\/&#8221; button_text=&#8221;ZUR\u00dcCK ZUR WEBSITE&#8221; button_alignment=&#8221;right&#8221; _builder_version=&#8221;4.16&#8243; custom_button=&#8221;on&#8221; button_text_size=&#8221;15px&#8221; button_text_color=&#8221;#ffffff&#8221; button_bg_color=&#8221;#c49e6c&#8221; button_border_color=&#8221;#c49e6c&#8221; button_border_radius=&#8221;0px&#8221; button_font=&#8221;Mukta Malar||||||||&#8221; button_use_icon=&#8221;off&#8221; custom_margin=&#8221;-2px||||false|false&#8221; custom_padding=&#8221;14px|37px|14px|37px|true|true&#8221; locked=&#8221;off&#8221; global_colors_info=&#8221;{}&#8221; button_text_color__hover_enabled=&#8221;on|hover&#8221; button_text_color__hover=&#8221;#ffffff&#8221; button_bg_color__hover_enabled=&#8221;on|desktop&#8221; button_bg_color__hover=&#8221;#495153&#8243; button_bg_enable_color__hover=&#8221;on&#8221; button_border_color__hover_enabled=&#8221;on|hover&#8221; button_border_color__hover=&#8221;#495153&#8243; button_letter_spacing__hover_enabled=&#8221;on|desktop&#8221; button_letter_spacing__hover=&#8221;0px&#8221;][\/et_pb_button][\/et_pb_column][\/et_pb_row][et_pb_row column_structure=&#8221;3_5,2_5&#8243; _builder_version=&#8221;4.16&#8243; custom_margin=&#8221;0px|auto||auto||&#8221; custom_padding=&#8221;4px||10px|||&#8221; locked=&#8221;off&#8221; global_colors_info=&#8221;{}&#8221;][et_pb_column type=&#8221;3_5&#8243; _builder_version=&#8221;4.16&#8243; global_colors_info=&#8221;{}&#8221;][et_pb_text _builder_version=&#8221;4.20.4&#8243; text_font_size=&#8221;16px&#8221; global_colors_info=&#8221;{}&#8221;]<\/p>\n<p><strong>Individualised implants for veterinary fracture treatment in wild animals using AI-based analysis of reference bones<\/strong><\/p>\n<p>Projektfokus ist die Erschlie\u00dfung neuer M\u00f6glichkeiten f\u00fcr die R\u00f6hrenknochenfrakturversorgung bei Wildtieren. F\u00fcr die Frakturcharakterisierung soll der kontralaterale Referenzknochen genutzt werden, um ein individualisiertes Implantat herzustellen, da dieser die gleichen geometrischen Merkmale aufweist. Diese sollen ber\u00fchrungslos erfasst werden. Die Detaildefinition der Merkmale wird \u00fcber einen Keypoint-Detection Algorithmus abgeleitet. Die Messung nutzt die Triangulation, indem zwei optische Sensoren in einem definierten Abstand zueinander integriert werden. \u00dcber die Bildanalyse wird mit einer Genauigkeit von +\/- 5% auf die Geometrie des zu versorgenden Knochens geschlossen. Die Erzeugung von Produktionsdaten f\u00fcr das Implantat erfolgt \u00fcber den Abgleich mit einer Knochendatenbank. Es ist ein additives Fertigungsverfahren vorgesehen, wobei prinzipiell Elektronenstrahl-schmelzen und Selektives Laserschmelzen in Betracht kommen. Die Projektumsetzung erfolgt am Beispiel Dromedar und Zebra und kann durch die Fernanwendung auf andere Gro\u00dftierarten \u00fcbertragen werden.<\/p>\n<p>[\/et_pb_text][\/et_pb_column][et_pb_column type=&#8221;2_5&#8243; _builder_version=&#8221;4.16&#8243; custom_padding=&#8221;30px|30px|30px|30px|true|false&#8221; box_shadow_style=&#8221;preset1&#8243; global_colors_info=&#8221;{}&#8221;][et_pb_text _builder_version=&#8221;4.20.4&#8243; text_font_size=&#8221;16px&#8221; custom_margin=&#8221;|||0px||&#8221; global_colors_info=&#8221;{}&#8221;]<\/p>\n<p>Funding organisation: BMWK<\/p>\n<p>[\/et_pb_text][et_pb_image src=&#8221;https:\/\/wildlifepro.de\/media\/2023\/05\/BMWK_Fz_2021_WebSVG_de.svg&#8221; title_text=&#8221;BMWK_Fz_2021_WebSVG_de&#8221; _builder_version=&#8221;4.20.4&#8243; width=&#8221;85%&#8221; custom_margin=&#8221;-7px|||||&#8221; custom_padding=&#8221;|||15px||&#8221; global_colors_info=&#8221;{}&#8221;][\/et_pb_image][\/et_pb_column][\/et_pb_row][et_pb_row column_structure=&#8221;1_5,1_5,1_5,1_5,1_5&#8243; _builder_version=&#8221;4.20.4&#8243; global_colors_info=&#8221;{}&#8221;][et_pb_column type=&#8221;1_5&#8243; _builder_version=&#8221;4.16&#8243; global_colors_info=&#8221;{}&#8221;][et_pb_image src=&#8221;https:\/\/wildlifepro.de\/media\/2020\/06\/ibis.jpg&#8221; title_text=&#8221;ibis&#8221; url=&#8221;https:\/\/www.ibis-sondermaschinen.de\/&#8221; url_new_window=&#8221;on&#8221; _builder_version=&#8221;4.20.4&#8243; _module_preset=&#8221;default&#8221; hover_enabled=&#8221;0&#8243; global_colors_info=&#8221;{}&#8221; sticky_enabled=&#8221;0&#8243;][\/et_pb_image][\/et_pb_column][et_pb_column type=&#8221;1_5&#8243; _builder_version=&#8221;4.16&#8243; global_colors_info=&#8221;{}&#8221;][et_pb_image src=&#8221;https:\/\/wildlifepro.de\/media\/2023\/05\/Download-60.png&#8221; title_text=&#8221;Download (60)&#8221; url=&#8221;https:\/\/tiergesundheit-schwanebeck.de\/&#8221; url_new_window=&#8221;on&#8221; _builder_version=&#8221;4.20.4&#8243; _module_preset=&#8221;default&#8221; hover_enabled=&#8221;0&#8243; global_colors_info=&#8221;{}&#8221; sticky_enabled=&#8221;0&#8243;][\/et_pb_image][\/et_pb_column][et_pb_column type=&#8221;1_5&#8243; _builder_version=&#8221;4.16&#8243; global_colors_info=&#8221;{}&#8221;][et_pb_image src=&#8221;https:\/\/wildlifepro.de\/media\/2023\/05\/Download-61.png&#8221; title_text=&#8221;Download (61)&#8221; url=&#8221;https:\/\/www.tum.de\/&#8221; url_new_window=&#8221;on&#8221; _builder_version=&#8221;4.20.4&#8243; _module_preset=&#8221;default&#8221; custom_margin=&#8221;9px||||false|false&#8221; hover_enabled=&#8221;0&#8243; global_colors_info=&#8221;{}&#8221; sticky_enabled=&#8221;0&#8243;][\/et_pb_image][\/et_pb_column][et_pb_column type=&#8221;1_5&#8243; _builder_version=&#8221;4.16&#8243; global_colors_info=&#8221;{}&#8221;][et_pb_image src=&#8221;https:\/\/wildlifepro.de\/media\/2023\/03\/fzmb.png&#8221; title_text=&#8221;fzmb&#8221; url=&#8221;https:\/\/www.fzmb.de\/&#8221; url_new_window=&#8221;on&#8221; show_bottom_space=&#8221;off&#8221; _builder_version=&#8221;4.20.4&#8243; _module_preset=&#8221;default&#8221; custom_margin=&#8221;11px||||false|false&#8221; global_colors_info=&#8221;{}&#8221;][\/et_pb_image][\/et_pb_column][et_pb_column type=&#8221;1_5&#8243; _builder_version=&#8221;4.16&#8243; global_colors_info=&#8221;{}&#8221;][\/et_pb_column][\/et_pb_row][\/et_pb_section]<\/p>","protected":false},"excerpt":{"rendered":"<p>ImplantPROIndividualisierte Implantate f\u00fcr die veterin\u00e4rmedizinische Frakturversorgung bei Wildtieren durch eine KI-basierte Analyse von Referenzknochen Projektfokus ist die Erschlie\u00dfung neuer M\u00f6glichkeiten f\u00fcr die R\u00f6hrenknochenfrakturversorgung bei Wildtieren. F\u00fcr die Frakturcharakterisierung soll der kontralaterale Referenzknochen genutzt werden, um ein individualisiertes Implantat herzustellen, da dieser die gleichen geometrischen Merkmale aufweist. Diese sollen ber\u00fchrungslos erfasst werden. Die Detaildefinition der Merkmale [&hellip;]<\/p>","protected":false},"author":4,"featured_media":0,"parent":0,"menu_order":0,"comment_status":"closed","ping_status":"closed","template":"","meta":{"_et_pb_use_builder":"on","_et_pb_old_content":"","_et_gb_content_width":"","footnotes":""},"dipi_cpt_category":[],"yoast_head":"<!-- This site is optimized with the Yoast SEO plugin v22.9 - https:\/\/yoast.com\/wordpress\/plugins\/seo\/ -->\n<title>ImplantPRO - WildLifePro<\/title>\n<meta name=\"robots\" content=\"index, follow, max-snippet:-1, max-image-preview:large, max-video-preview:-1\" \/>\n<link rel=\"canonical\" href=\"https:\/\/wildlifepro.de\/en\/implantpro\/\" \/>\n<meta property=\"og:locale\" content=\"en_GB\" \/>\n<meta property=\"og:type\" content=\"article\" \/>\n<meta property=\"og:title\" content=\"ImplantPRO - WildLifePro\" \/>\n<meta property=\"og:description\" content=\"ImplantPROIndividualisierte Implantate f\u00fcr die veterin\u00e4rmedizinische Frakturversorgung bei Wildtieren durch eine KI-basierte Analyse von Referenzknochen Projektfokus ist die Erschlie\u00dfung neuer M\u00f6glichkeiten f\u00fcr die R\u00f6hrenknochenfrakturversorgung bei Wildtieren. F\u00fcr die Frakturcharakterisierung soll der kontralaterale Referenzknochen genutzt werden, um ein individualisiertes Implantat herzustellen, da dieser die gleichen geometrischen Merkmale aufweist. Diese sollen ber\u00fchrungslos erfasst werden. Die Detaildefinition der Merkmale [&hellip;]\" \/>\n<meta property=\"og:url\" content=\"https:\/\/wildlifepro.de\/en\/implantpro\/\" \/>\n<meta property=\"og:site_name\" content=\"WildLifePro\" \/>\n<meta property=\"article:modified_time\" content=\"2023-05-02T10:12:02+00:00\" \/>\n<meta name=\"twitter:card\" content=\"summary_large_image\" \/>\n<meta name=\"twitter:label1\" content=\"Estimated reading time\" \/>\n\t<meta name=\"twitter:data1\" content=\"2 minutes\" \/>\n<script type=\"application\/ld+json\" class=\"yoast-schema-graph\">{\"@context\":\"https:\/\/schema.org\",\"@graph\":[{\"@type\":\"WebPage\",\"@id\":\"https:\/\/wildlifepro.de\/implantpro\/\",\"url\":\"https:\/\/wildlifepro.de\/implantpro\/\",\"name\":\"ImplantPRO - WildLifePro\",\"isPartOf\":{\"@id\":\"https:\/\/wildlifepro.de\/#website\"},\"datePublished\":\"2023-05-02T08:49:57+00:00\",\"dateModified\":\"2023-05-02T10:12:02+00:00\",\"breadcrumb\":{\"@id\":\"https:\/\/wildlifepro.de\/implantpro\/#breadcrumb\"},\"inLanguage\":\"en-GB\",\"potentialAction\":[{\"@type\":\"ReadAction\",\"target\":[\"https:\/\/wildlifepro.de\/implantpro\/\"]}]},{\"@type\":\"BreadcrumbList\",\"@id\":\"https:\/\/wildlifepro.de\/implantpro\/#breadcrumb\",\"itemListElement\":[{\"@type\":\"ListItem\",\"position\":1,\"name\":\"Startseite\",\"item\":\"https:\/\/wildlifepro.de\/\"},{\"@type\":\"ListItem\",\"position\":2,\"name\":\"ImplantPRO\"}]},{\"@type\":\"WebSite\",\"@id\":\"https:\/\/wildlifepro.de\/#website\",\"url\":\"https:\/\/wildlifepro.de\/\",\"name\":\"WildLifePro\",\"description\":\"Ihr Netzwerk.\",\"potentialAction\":[{\"@type\":\"SearchAction\",\"target\":{\"@type\":\"EntryPoint\",\"urlTemplate\":\"https:\/\/wildlifepro.de\/?s={search_term_string}\"},\"query-input\":\"required name=search_term_string\"}],\"inLanguage\":\"en-GB\"}]}<\/script>\n<!-- \/ Yoast SEO plugin. -->","yoast_head_json":{"title":"ImplantPRO - WildLifePro","robots":{"index":"index","follow":"follow","max-snippet":"max-snippet:-1","max-image-preview":"max-image-preview:large","max-video-preview":"max-video-preview:-1"},"canonical":"https:\/\/wildlifepro.de\/en\/implantpro\/","og_locale":"en_GB","og_type":"article","og_title":"ImplantPRO - WildLifePro","og_description":"ImplantPROIndividualisierte Implantate f\u00fcr die veterin\u00e4rmedizinische Frakturversorgung bei Wildtieren durch eine KI-basierte Analyse von Referenzknochen Projektfokus ist die Erschlie\u00dfung neuer M\u00f6glichkeiten f\u00fcr die R\u00f6hrenknochenfrakturversorgung bei Wildtieren. F\u00fcr die Frakturcharakterisierung soll der kontralaterale Referenzknochen genutzt werden, um ein individualisiertes Implantat herzustellen, da dieser die gleichen geometrischen Merkmale aufweist. Diese sollen ber\u00fchrungslos erfasst werden. Die Detaildefinition der Merkmale [&hellip;]","og_url":"https:\/\/wildlifepro.de\/en\/implantpro\/","og_site_name":"WildLifePro","article_modified_time":"2023-05-02T10:12:02+00:00","twitter_card":"summary_large_image","twitter_misc":{"Estimated reading time":"2 minutes"},"schema":{"@context":"https:\/\/schema.org","@graph":[{"@type":"WebPage","@id":"https:\/\/wildlifepro.de\/implantpro\/","url":"https:\/\/wildlifepro.de\/implantpro\/","name":"ImplantPRO - WildLifePro","isPartOf":{"@id":"https:\/\/wildlifepro.de\/#website"},"datePublished":"2023-05-02T08:49:57+00:00","dateModified":"2023-05-02T10:12:02+00:00","breadcrumb":{"@id":"https:\/\/wildlifepro.de\/implantpro\/#breadcrumb"},"inLanguage":"en-GB","potentialAction":[{"@type":"ReadAction","target":["https:\/\/wildlifepro.de\/implantpro\/"]}]},{"@type":"BreadcrumbList","@id":"https:\/\/wildlifepro.de\/implantpro\/#breadcrumb","itemListElement":[{"@type":"ListItem","position":1,"name":"Startseite","item":"https:\/\/wildlifepro.de\/"},{"@type":"ListItem","position":2,"name":"ImplantPRO"}]},{"@type":"WebSite","@id":"https:\/\/wildlifepro.de\/#website","url":"https:\/\/wildlifepro.de\/","name":"WildLifePro","description":"Ihr Netzwerk.","potentialAction":[{"@type":"SearchAction","target":{"@type":"EntryPoint","urlTemplate":"https:\/\/wildlifepro.de\/?s={search_term_string}"},"query-input":"required name=search_term_string"}],"inLanguage":"en-GB"}]}},"_links":{"self":[{"href":"https:\/\/wildlifepro.de\/en\/wp-json\/wp\/v2\/pages\/38335"}],"collection":[{"href":"https:\/\/wildlifepro.de\/en\/wp-json\/wp\/v2\/pages"}],"about":[{"href":"https:\/\/wildlifepro.de\/en\/wp-json\/wp\/v2\/types\/page"}],"author":[{"embeddable":true,"href":"https:\/\/wildlifepro.de\/en\/wp-json\/wp\/v2\/users\/4"}],"replies":[{"embeddable":true,"href":"https:\/\/wildlifepro.de\/en\/wp-json\/wp\/v2\/comments?post=38335"}],"version-history":[{"count":3,"href":"https:\/\/wildlifepro.de\/en\/wp-json\/wp\/v2\/pages\/38335\/revisions"}],"predecessor-version":[{"id":38348,"href":"https:\/\/wildlifepro.de\/en\/wp-json\/wp\/v2\/pages\/38335\/revisions\/38348"}],"wp:attachment":[{"href":"https:\/\/wildlifepro.de\/en\/wp-json\/wp\/v2\/media?parent=38335"}],"wp:term":[{"taxonomy":"dipi_cpt_category","embeddable":true,"href":"https:\/\/wildlifepro.de\/en\/wp-json\/wp\/v2\/dipi_cpt_category?post=38335"}],"curies":[{"name":"wp","href":"https:\/\/api.w.org\/{rel}","templated":true}]}}