{"id":24110,"date":"2021-12-08T15:41:14","date_gmt":"2021-12-08T15:41:14","guid":{"rendered":"https:\/\/wildlifepro.de\/?page_id=24110"},"modified":"2022-04-13T14:32:28","modified_gmt":"2022-04-13T14:32:28","slug":"haspro-gmbh","status":"publish","type":"page","link":"https:\/\/wildlifepro.de\/en\/haspro-gmbh\/","title":{"rendered":"HASPRO GMBH"},"content":{"rendered":"<p>[et_pb_section fb_built=&#8221;1&#8243; _builder_version=&#8221;4.4.9&#8243; global_colors_info=&#8221;{}&#8221;][et_pb_row column_structure=&#8221;1_2,1_2&#8243; _builder_version=&#8221;4.4.9&#8243; global_colors_info=&#8221;{}&#8221;][et_pb_column type=&#8221;1_2&#8243; _builder_version=&#8221;4.4.9&#8243; global_colors_info=&#8221;{}&#8221;][et_pb_text _builder_version=&#8221;4.14.2&#8243; text_font=&#8221;Mukta Malar|700|||||||&#8221; text_font_size=&#8221;25px&#8221; header_3_font=&#8221;Mukta Malar|700|||||||&#8221; header_3_text_color=&#8221;#000000&#8243; header_3_font_size=&#8221;29px&#8221; custom_margin=&#8221;7px||||false|false&#8221; global_colors_info=&#8221;{}&#8221;]<\/p>\n<h3><strong>HASPRO Ltd<\/strong><\/h3>\n<p>[\/et_pb_text][et_pb_divider color=&#8221;#c49e6c&#8221; _builder_version=&#8221;4.4.9&#8243; global_colors_info=&#8221;{}&#8221;][\/et_pb_divider][\/et_pb_column][et_pb_column type=&#8221;1_2&#8243; _builder_version=&#8221;4.4.9&#8243; global_colors_info=&#8221;{}&#8221;][et_pb_button button_url=&#8221;https:\/\/wildlifepro.de\/&#8221; button_text=&#8221;ZUR\u00dcCK ZUR WEBSITE&#8221; button_alignment=&#8221;right&#8221; _builder_version=&#8221;4.4.9&#8243; custom_button=&#8221;on&#8221; button_text_size=&#8221;15px&#8221; button_text_color=&#8221;#ffffff&#8221; button_bg_color=&#8221;#c49e6c&#8221; button_border_color=&#8221;#c49e6c&#8221; button_border_radius=&#8221;0px&#8221; button_font=&#8221;Mukta Malar||||||||&#8221; button_use_icon=&#8221;off&#8221; custom_margin=&#8221;-2px||||false|false&#8221; custom_padding=&#8221;14px|37px|14px|37px|true|true&#8221; locked=&#8221;off&#8221; global_colors_info=&#8221;{}&#8221; button_text_color__hover_enabled=&#8221;on|hover&#8221; button_text_color__hover=&#8221;#ffffff&#8221; button_bg_color__hover_enabled=&#8221;on|desktop&#8221; button_bg_color__hover=&#8221;#495153&#8243; button_bg_enable_color__hover=&#8221;on&#8221; button_border_color__hover_enabled=&#8221;on|hover&#8221; button_border_color__hover=&#8221;#495153&#8243; button_letter_spacing__hover_enabled=&#8221;on|desktop&#8221; button_letter_spacing__hover=&#8221;0px&#8221;][\/et_pb_button][\/et_pb_column][\/et_pb_row][et_pb_row column_structure=&#8221;3_5,2_5&#8243; _builder_version=&#8221;4.4.9&#8243; custom_margin=&#8221;0px|auto||auto||&#8221; custom_padding=&#8221;4px||10px|||&#8221; locked=&#8221;off&#8221; global_colors_info=&#8221;{}&#8221;][et_pb_column type=&#8221;3_5&#8243; _builder_version=&#8221;4.4.9&#8243; global_colors_info=&#8221;{}&#8221;][et_pb_text _builder_version=&#8221;4.4.9&#8243; text_font_size=&#8221;16px&#8221; global_colors_info=&#8221;{}&#8221;]<\/p>\n<p>Founded in 2019, HASPRO GmbH is an Austrian company. Its expertise relates in particular to the development of innovative, certifiable high-performance electronics and software. Examples include systems using sensors for temperature, humidity or oxygen saturation, which enable the measurement of EMG and EEG signals and act on the basis of shock, magnetic field and radar technology. The collected measurement results can then be used from pure monitoring to active biofeedback control.<\/p>\n<p>[\/et_pb_text][et_pb_text _builder_version=&#8221;4.14.2&#8243; text_font_size=&#8221;16px&#8221; global_colors_info=&#8221;{}&#8221;]<\/p>\n<p><em><strong>Core competencies for the network<\/strong><\/em><em><strong>: <span>Biofeedback systems<\/span><\/strong><\/em><\/p>\n<p>&nbsp;<\/p>\n<p>[\/et_pb_text][\/et_pb_column][et_pb_column type=&#8221;2_5&#8243; _builder_version=&#8221;4.4.9&#8243; custom_padding=&#8221;30px|30px|30px|30px|true|false&#8221; box_shadow_style=&#8221;preset1&#8243; global_colors_info=&#8221;{}&#8221;][et_pb_image src=&#8221;https:\/\/wildlifepro.de\/media\/2022\/04\/logoHaspro.png&#8221; title_text=&#8221;logoHaspro&#8221; _builder_version=&#8221;4.14.7&#8243; custom_margin=&#8221;-7px|||||&#8221; custom_padding=&#8221;|||15px||&#8221; hover_enabled=&#8221;0&#8243; global_colors_info=&#8221;{}&#8221; sticky_enabled=&#8221;0&#8243; width=&#8221;97%&#8221; align=&#8221;center&#8221;][\/et_pb_image][et_pb_blurb use_icon=&#8221;on&#8221; font_icon=&#8221;&#xe0e3;||divi||400&#8243; icon_color=&#8221;#c49e6c&#8221; icon_placement=&#8221;left&#8221; image_icon_width=&#8221;25px&#8221; _builder_version=&#8221;4.14.2&#8243; body_font=&#8221;Mukta Malar|600|||||||&#8221; body_font_size=&#8221;19px&#8221; custom_margin=&#8221;||56px|50px||&#8221; hover_enabled=&#8221;0&#8243; icon_font_size=&#8221;25px&#8221; global_colors_info=&#8221;{}&#8221; sticky_enabled=&#8221;0&#8243;]<\/p>\n<p><a href=\"http:\/\/www.haspro.eu\">Visit website<\/a><\/p>\n<p>[\/et_pb_blurb][\/et_pb_column][\/et_pb_row][et_pb_row _builder_version=&#8221;4.4.9&#8243; global_colors_info=&#8221;{}&#8221;][et_pb_column type=&#8221;4_4&#8243; _builder_version=&#8221;4.4.9&#8243; global_colors_info=&#8221;{}&#8221;][\/et_pb_column][\/et_pb_row][\/et_pb_section]<\/p>","protected":false},"excerpt":{"rendered":"<p>HASPRO GmbHDie 2019 gegr\u00fcndete HASPRO GmbH ist ein \u00f6sterreichisches Unternehmen. Die Expertise betrifft insbesondere die Entwicklung von innovativer, zertifizierbarer Hochleistungselektronik und Software. Beispiele sind Systeme unter Nutzung von Sensoren f\u00fcr die Temperatur-, Feuchtigkeits- oder Sauerstoffs\u00e4ttigung, die die Messung von EMG- und EEG-Signalen erm\u00f6glichen und auf Basis der Schock-, Magnetfelder- und Radartechnologie agieren. Die gesammelten Messergebnisse [&hellip;]<\/p>","protected":false},"author":4,"featured_media":0,"parent":0,"menu_order":0,"comment_status":"closed","ping_status":"closed","template":"","meta":{"_et_pb_use_builder":"on","_et_pb_old_content":"","_et_gb_content_width":"","footnotes":""},"dipi_cpt_category":[],"yoast_head":"<!-- This site is optimized with the Yoast SEO plugin v22.9 - https:\/\/yoast.com\/wordpress\/plugins\/seo\/ -->\n<title>HASPRO GMBH - WildLifePro<\/title>\n<meta name=\"robots\" content=\"index, follow, max-snippet:-1, max-image-preview:large, max-video-preview:-1\" \/>\n<link rel=\"canonical\" href=\"https:\/\/wildlifepro.de\/en\/haspro-gmbh\/\" \/>\n<meta property=\"og:locale\" content=\"en_GB\" \/>\n<meta property=\"og:type\" content=\"article\" \/>\n<meta property=\"og:title\" content=\"HASPRO GMBH - WildLifePro\" \/>\n<meta property=\"og:description\" content=\"HASPRO GmbHDie 2019 gegr\u00fcndete HASPRO GmbH ist ein \u00f6sterreichisches Unternehmen. Die Expertise betrifft insbesondere die Entwicklung von innovativer, zertifizierbarer Hochleistungselektronik und Software. Beispiele sind Systeme unter Nutzung von Sensoren f\u00fcr die Temperatur-, Feuchtigkeits- oder Sauerstoffs\u00e4ttigung, die die Messung von EMG- und EEG-Signalen erm\u00f6glichen und auf Basis der Schock-, Magnetfelder- und Radartechnologie agieren. Die gesammelten Messergebnisse [&hellip;]\" \/>\n<meta property=\"og:url\" content=\"https:\/\/wildlifepro.de\/en\/haspro-gmbh\/\" \/>\n<meta property=\"og:site_name\" content=\"WildLifePro\" \/>\n<meta property=\"article:modified_time\" content=\"2022-04-13T14:32:28+00:00\" \/>\n<meta name=\"twitter:card\" content=\"summary_large_image\" \/>\n<meta name=\"twitter:label1\" content=\"Estimated reading time\" \/>\n\t<meta name=\"twitter:data1\" content=\"1 minute\" \/>\n<script type=\"application\/ld+json\" class=\"yoast-schema-graph\">{\"@context\":\"https:\/\/schema.org\",\"@graph\":[{\"@type\":\"WebPage\",\"@id\":\"https:\/\/wildlifepro.de\/haspro-gmbh\/\",\"url\":\"https:\/\/wildlifepro.de\/haspro-gmbh\/\",\"name\":\"HASPRO GMBH - WildLifePro\",\"isPartOf\":{\"@id\":\"https:\/\/wildlifepro.de\/#website\"},\"datePublished\":\"2021-12-08T15:41:14+00:00\",\"dateModified\":\"2022-04-13T14:32:28+00:00\",\"breadcrumb\":{\"@id\":\"https:\/\/wildlifepro.de\/haspro-gmbh\/#breadcrumb\"},\"inLanguage\":\"en-GB\",\"potentialAction\":[{\"@type\":\"ReadAction\",\"target\":[\"https:\/\/wildlifepro.de\/haspro-gmbh\/\"]}]},{\"@type\":\"BreadcrumbList\",\"@id\":\"https:\/\/wildlifepro.de\/haspro-gmbh\/#breadcrumb\",\"itemListElement\":[{\"@type\":\"ListItem\",\"position\":1,\"name\":\"Startseite\",\"item\":\"https:\/\/wildlifepro.de\/\"},{\"@type\":\"ListItem\",\"position\":2,\"name\":\"HASPRO GMBH\"}]},{\"@type\":\"WebSite\",\"@id\":\"https:\/\/wildlifepro.de\/#website\",\"url\":\"https:\/\/wildlifepro.de\/\",\"name\":\"WildLifePro\",\"description\":\"Ihr Netzwerk.\",\"potentialAction\":[{\"@type\":\"SearchAction\",\"target\":{\"@type\":\"EntryPoint\",\"urlTemplate\":\"https:\/\/wildlifepro.de\/?s={search_term_string}\"},\"query-input\":\"required name=search_term_string\"}],\"inLanguage\":\"en-GB\"}]}<\/script>\n<!-- \/ Yoast SEO plugin. -->","yoast_head_json":{"title":"HASPRO GMBH - WildLifePro","robots":{"index":"index","follow":"follow","max-snippet":"max-snippet:-1","max-image-preview":"max-image-preview:large","max-video-preview":"max-video-preview:-1"},"canonical":"https:\/\/wildlifepro.de\/en\/haspro-gmbh\/","og_locale":"en_GB","og_type":"article","og_title":"HASPRO GMBH - WildLifePro","og_description":"HASPRO GmbHDie 2019 gegr\u00fcndete HASPRO GmbH ist ein \u00f6sterreichisches Unternehmen. Die Expertise betrifft insbesondere die Entwicklung von innovativer, zertifizierbarer Hochleistungselektronik und Software. Beispiele sind Systeme unter Nutzung von Sensoren f\u00fcr die Temperatur-, Feuchtigkeits- oder Sauerstoffs\u00e4ttigung, die die Messung von EMG- und EEG-Signalen erm\u00f6glichen und auf Basis der Schock-, Magnetfelder- und Radartechnologie agieren. Die gesammelten Messergebnisse [&hellip;]","og_url":"https:\/\/wildlifepro.de\/en\/haspro-gmbh\/","og_site_name":"WildLifePro","article_modified_time":"2022-04-13T14:32:28+00:00","twitter_card":"summary_large_image","twitter_misc":{"Estimated reading time":"1 minute"},"schema":{"@context":"https:\/\/schema.org","@graph":[{"@type":"WebPage","@id":"https:\/\/wildlifepro.de\/haspro-gmbh\/","url":"https:\/\/wildlifepro.de\/haspro-gmbh\/","name":"HASPRO GMBH - WildLifePro","isPartOf":{"@id":"https:\/\/wildlifepro.de\/#website"},"datePublished":"2021-12-08T15:41:14+00:00","dateModified":"2022-04-13T14:32:28+00:00","breadcrumb":{"@id":"https:\/\/wildlifepro.de\/haspro-gmbh\/#breadcrumb"},"inLanguage":"en-GB","potentialAction":[{"@type":"ReadAction","target":["https:\/\/wildlifepro.de\/haspro-gmbh\/"]}]},{"@type":"BreadcrumbList","@id":"https:\/\/wildlifepro.de\/haspro-gmbh\/#breadcrumb","itemListElement":[{"@type":"ListItem","position":1,"name":"Startseite","item":"https:\/\/wildlifepro.de\/"},{"@type":"ListItem","position":2,"name":"HASPRO GMBH"}]},{"@type":"WebSite","@id":"https:\/\/wildlifepro.de\/#website","url":"https:\/\/wildlifepro.de\/","name":"WildLifePro","description":"Ihr Netzwerk.","potentialAction":[{"@type":"SearchAction","target":{"@type":"EntryPoint","urlTemplate":"https:\/\/wildlifepro.de\/?s={search_term_string}"},"query-input":"required name=search_term_string"}],"inLanguage":"en-GB"}]}},"_links":{"self":[{"href":"https:\/\/wildlifepro.de\/en\/wp-json\/wp\/v2\/pages\/24110"}],"collection":[{"href":"https:\/\/wildlifepro.de\/en\/wp-json\/wp\/v2\/pages"}],"about":[{"href":"https:\/\/wildlifepro.de\/en\/wp-json\/wp\/v2\/types\/page"}],"author":[{"embeddable":true,"href":"https:\/\/wildlifepro.de\/en\/wp-json\/wp\/v2\/users\/4"}],"replies":[{"embeddable":true,"href":"https:\/\/wildlifepro.de\/en\/wp-json\/wp\/v2\/comments?post=24110"}],"version-history":[{"count":1,"href":"https:\/\/wildlifepro.de\/en\/wp-json\/wp\/v2\/pages\/24110\/revisions"}],"predecessor-version":[{"id":24184,"href":"https:\/\/wildlifepro.de\/en\/wp-json\/wp\/v2\/pages\/24110\/revisions\/24184"}],"wp:attachment":[{"href":"https:\/\/wildlifepro.de\/en\/wp-json\/wp\/v2\/media?parent=24110"}],"wp:term":[{"taxonomy":"dipi_cpt_category","embeddable":true,"href":"https:\/\/wildlifepro.de\/en\/wp-json\/wp\/v2\/dipi_cpt_category?post=24110"}],"curies":[{"name":"wp","href":"https:\/\/api.w.org\/{rel}","templated":true}]}}