{"id":24084,"date":"2021-12-08T15:22:28","date_gmt":"2021-12-08T15:22:28","guid":{"rendered":"https:\/\/wildlifepro.de\/?page_id=24084"},"modified":"2024-01-12T12:47:56","modified_gmt":"2024-01-12T12:47:56","slug":"frankenfoerder-forschungsgesellschaft-mbh","status":"publish","type":"page","link":"https:\/\/wildlifepro.de\/en\/frankenfoerder-forschungsgesellschaft-mbh\/","title":{"rendered":"FRANKENF\u00d6RDER FORSCHUNGSGESELLSCHAFT MBH"},"content":{"rendered":"<p>[et_pb_section fb_built=&#8221;1&#8243; _builder_version=&#8221;4.16&#8243; global_colors_info=&#8221;{}&#8221;][et_pb_row column_structure=&#8221;1_2,1_2&#8243; _builder_version=&#8221;4.16&#8243; global_colors_info=&#8221;{}&#8221;][et_pb_column type=&#8221;1_2&#8243; _builder_version=&#8221;4.16&#8243; global_colors_info=&#8221;{}&#8221;][et_pb_text _builder_version=&#8221;4.16&#8243; text_font=&#8221;Mukta Malar|700|||||||&#8221; text_font_size=&#8221;25px&#8221; header_3_font=&#8221;Mukta Malar|700|||||||&#8221; header_3_text_color=&#8221;#000000&#8243; header_3_font_size=&#8221;29px&#8221; custom_margin=&#8221;7px||||false|false&#8221; global_colors_info=&#8221;{}&#8221;]<\/p>\n<h3><strong>Frankenf\u00f6rder Research Company Ltd.<\/strong><\/h3>\n<p>[\/et_pb_text][et_pb_divider color=&#8221;#c49e6c&#8221; _builder_version=&#8221;4.16&#8243; global_colors_info=&#8221;{}&#8221;][\/et_pb_divider][\/et_pb_column][et_pb_column type=&#8221;1_2&#8243; _builder_version=&#8221;4.16&#8243; global_colors_info=&#8221;{}&#8221;][et_pb_button button_url=&#8221;https:\/\/wildlifepro.de\/&#8221; button_text=&#8221;ZUR\u00dcCK ZUR WEBSITE&#8221; button_alignment=&#8221;right&#8221; _builder_version=&#8221;4.16&#8243; custom_button=&#8221;on&#8221; button_text_size=&#8221;15px&#8221; button_text_color=&#8221;#ffffff&#8221; button_bg_color=&#8221;#c49e6c&#8221; button_border_color=&#8221;#c49e6c&#8221; button_border_radius=&#8221;0px&#8221; button_font=&#8221;Mukta Malar||||||||&#8221; button_use_icon=&#8221;off&#8221; custom_margin=&#8221;-2px||||false|false&#8221; custom_padding=&#8221;14px|37px|14px|37px|true|true&#8221; locked=&#8221;off&#8221; global_colors_info=&#8221;{}&#8221; button_text_color__hover_enabled=&#8221;on|hover&#8221; button_text_color__hover=&#8221;#ffffff&#8221; button_bg_color__hover_enabled=&#8221;on|desktop&#8221; button_bg_color__hover=&#8221;#495153&#8243; button_bg_enable_color__hover=&#8221;on&#8221; button_border_color__hover_enabled=&#8221;on|hover&#8221; button_border_color__hover=&#8221;#495153&#8243; button_letter_spacing__hover_enabled=&#8221;on|desktop&#8221; button_letter_spacing__hover=&#8221;0px&#8221;][\/et_pb_button][\/et_pb_column][\/et_pb_row][et_pb_row column_structure=&#8221;3_5,2_5&#8243; _builder_version=&#8221;4.16&#8243; custom_margin=&#8221;0px|auto||auto||&#8221; custom_padding=&#8221;4px||10px|||&#8221; locked=&#8221;off&#8221; global_colors_info=&#8221;{}&#8221;][et_pb_column type=&#8221;3_5&#8243; _builder_version=&#8221;4.16&#8243; global_colors_info=&#8221;{}&#8221;][et_pb_text _builder_version=&#8221;4.16&#8243; text_font_size=&#8221;16px&#8221; global_colors_info=&#8221;{}&#8221;]<\/p>\n<p>The Frankenf\u00f6rder Forschungsgesellschaft mbH (FFG) was founded in 1991. In addition to agriculture and veterinary medicine, its research focuses also include the food industry, food safety and environmental ecology. The focus here is on process engineering developments and the further development of special products and processes. This includes product innovations for health-promoting nutrition for humans and animals. Questions concerning the improvement of animal husbandry, the specific positive influence on the health and well-being of animals in conventional and organic husbandry are also taken into account.<\/p>\n<p>[\/et_pb_text][et_pb_text _builder_version=&#8221;4.16&#8243; text_font_size=&#8221;16px&#8221; global_colors_info=&#8221;{}&#8221;]<\/p>\n<p><em><strong>Core competencies for the network<\/strong><\/em><em><strong>: <\/strong><strong>Assessment methods for animal welfare<\/strong><\/em><\/p>\n<p>&nbsp;<\/p>\n<p>[\/et_pb_text][\/et_pb_column][et_pb_column type=&#8221;2_5&#8243; _builder_version=&#8221;4.16&#8243; custom_padding=&#8221;30px|30px|30px|30px|true|false&#8221; box_shadow_style=&#8221;preset1&#8243; global_colors_info=&#8221;{}&#8221;][et_pb_image src=&#8221;https:\/\/wildlifepro.de\/media\/2024\/01\/Frankenfroeder.jpg&#8221; title_text=&#8221;Frankenfroeder&#8221; align=&#8221;center&#8221; _builder_version=&#8221;4.23.1&#8243; custom_margin=&#8221;-7px|||||&#8221; custom_padding=&#8221;|||15px||&#8221; global_colors_info=&#8221;{}&#8221;][\/et_pb_image][et_pb_blurb use_icon=&#8221;on&#8221; font_icon=&#8221;&#xe0e3;||divi||400&#8243; icon_color=&#8221;#c49e6c&#8221; icon_placement=&#8221;left&#8221; image_icon_width=&#8221;25px&#8221; _builder_version=&#8221;4.16&#8243; body_font=&#8221;Mukta Malar|600|||||||&#8221; body_font_size=&#8221;19px&#8221; custom_margin=&#8221;||56px|50px||&#8221; icon_font_size=&#8221;25px&#8221; global_colors_info=&#8221;{}&#8221;]<\/p>\n<p><a href=\"https:\/\/frankenfoerder-fg.de\/\">Visit website<\/a><\/p>\n<p>[\/et_pb_blurb][\/et_pb_column][\/et_pb_row][et_pb_row _builder_version=&#8221;4.16&#8243; global_colors_info=&#8221;{}&#8221;][et_pb_column type=&#8221;4_4&#8243; _builder_version=&#8221;4.16&#8243; global_colors_info=&#8221;{}&#8221;][\/et_pb_column][\/et_pb_row][\/et_pb_section]<\/p>","protected":false},"excerpt":{"rendered":"<p>Frankenf\u00f6rder Forschungsgesellschaft mbHDie Frankenf\u00f6rder Forschungsgesellschaft mbH (FFG) wurde 1991 gegr\u00fcndet. Die Forschungsschwerpunkte umfassen neben der Agrarwirtschaft und Veterin\u00e4rmedizin auch die Ern\u00e4hrungswirtschaft, Lebensmittelsicherheit und Umwelt\u00f6kologie. Hierbei stehen verfahrenstechnische Entwicklungen und die Weiterentwicklung von speziellen Erzeugnissen und Verfahren im Mittelpunkt. Dazu geh\u00f6ren Produktinnovationen zur gesundheitsf\u00f6rdernden Ern\u00e4hrung von Mensch und Tier. Auch Fragen der Verbesserung der Tierhaltung, der [&hellip;]<\/p>","protected":false},"author":4,"featured_media":0,"parent":0,"menu_order":0,"comment_status":"closed","ping_status":"closed","template":"","meta":{"_et_pb_use_builder":"on","_et_pb_old_content":"","_et_gb_content_width":"","footnotes":""},"dipi_cpt_category":[],"yoast_head":"<!-- This site is optimized with the Yoast SEO plugin v22.9 - https:\/\/yoast.com\/wordpress\/plugins\/seo\/ -->\n<title>FRANKENF\u00d6RDER FORSCHUNGSGESELLSCHAFT MBH - WildLifePro<\/title>\n<meta name=\"robots\" content=\"index, follow, max-snippet:-1, max-image-preview:large, max-video-preview:-1\" \/>\n<link rel=\"canonical\" href=\"https:\/\/wildlifepro.de\/en\/frankenfoerder-forschungsgesellschaft-mbh\/\" \/>\n<meta property=\"og:locale\" content=\"en_GB\" \/>\n<meta property=\"og:type\" content=\"article\" \/>\n<meta property=\"og:title\" content=\"FRANKENF\u00d6RDER FORSCHUNGSGESELLSCHAFT MBH - WildLifePro\" \/>\n<meta property=\"og:description\" content=\"Frankenf\u00f6rder Forschungsgesellschaft mbHDie Frankenf\u00f6rder Forschungsgesellschaft mbH (FFG) wurde 1991 gegr\u00fcndet. Die Forschungsschwerpunkte umfassen neben der Agrarwirtschaft und Veterin\u00e4rmedizin auch die Ern\u00e4hrungswirtschaft, Lebensmittelsicherheit und Umwelt\u00f6kologie. Hierbei stehen verfahrenstechnische Entwicklungen und die Weiterentwicklung von speziellen Erzeugnissen und Verfahren im Mittelpunkt. Dazu geh\u00f6ren Produktinnovationen zur gesundheitsf\u00f6rdernden Ern\u00e4hrung von Mensch und Tier. Auch Fragen der Verbesserung der Tierhaltung, der [&hellip;]\" \/>\n<meta property=\"og:url\" content=\"https:\/\/wildlifepro.de\/en\/frankenfoerder-forschungsgesellschaft-mbh\/\" \/>\n<meta property=\"og:site_name\" content=\"WildLifePro\" \/>\n<meta property=\"article:modified_time\" content=\"2024-01-12T12:47:56+00:00\" \/>\n<meta name=\"twitter:card\" content=\"summary_large_image\" \/>\n<meta name=\"twitter:label1\" content=\"Estimated reading time\" \/>\n\t<meta name=\"twitter:data1\" content=\"1 minute\" \/>\n<script type=\"application\/ld+json\" class=\"yoast-schema-graph\">{\"@context\":\"https:\/\/schema.org\",\"@graph\":[{\"@type\":\"WebPage\",\"@id\":\"https:\/\/wildlifepro.de\/frankenfoerder-forschungsgesellschaft-mbh\/\",\"url\":\"https:\/\/wildlifepro.de\/frankenfoerder-forschungsgesellschaft-mbh\/\",\"name\":\"FRANKENF\u00d6RDER FORSCHUNGSGESELLSCHAFT MBH - WildLifePro\",\"isPartOf\":{\"@id\":\"https:\/\/wildlifepro.de\/#website\"},\"datePublished\":\"2021-12-08T15:22:28+00:00\",\"dateModified\":\"2024-01-12T12:47:56+00:00\",\"breadcrumb\":{\"@id\":\"https:\/\/wildlifepro.de\/frankenfoerder-forschungsgesellschaft-mbh\/#breadcrumb\"},\"inLanguage\":\"en-GB\",\"potentialAction\":[{\"@type\":\"ReadAction\",\"target\":[\"https:\/\/wildlifepro.de\/frankenfoerder-forschungsgesellschaft-mbh\/\"]}]},{\"@type\":\"BreadcrumbList\",\"@id\":\"https:\/\/wildlifepro.de\/frankenfoerder-forschungsgesellschaft-mbh\/#breadcrumb\",\"itemListElement\":[{\"@type\":\"ListItem\",\"position\":1,\"name\":\"Startseite\",\"item\":\"https:\/\/wildlifepro.de\/\"},{\"@type\":\"ListItem\",\"position\":2,\"name\":\"FRANKENF\u00d6RDER FORSCHUNGSGESELLSCHAFT MBH\"}]},{\"@type\":\"WebSite\",\"@id\":\"https:\/\/wildlifepro.de\/#website\",\"url\":\"https:\/\/wildlifepro.de\/\",\"name\":\"WildLifePro\",\"description\":\"Ihr Netzwerk.\",\"potentialAction\":[{\"@type\":\"SearchAction\",\"target\":{\"@type\":\"EntryPoint\",\"urlTemplate\":\"https:\/\/wildlifepro.de\/?s={search_term_string}\"},\"query-input\":\"required name=search_term_string\"}],\"inLanguage\":\"en-GB\"}]}<\/script>\n<!-- \/ Yoast SEO plugin. -->","yoast_head_json":{"title":"FRANKENF\u00d6RDER FORSCHUNGSGESELLSCHAFT MBH - WildLifePro","robots":{"index":"index","follow":"follow","max-snippet":"max-snippet:-1","max-image-preview":"max-image-preview:large","max-video-preview":"max-video-preview:-1"},"canonical":"https:\/\/wildlifepro.de\/en\/frankenfoerder-forschungsgesellschaft-mbh\/","og_locale":"en_GB","og_type":"article","og_title":"FRANKENF\u00d6RDER FORSCHUNGSGESELLSCHAFT MBH - WildLifePro","og_description":"Frankenf\u00f6rder Forschungsgesellschaft mbHDie Frankenf\u00f6rder Forschungsgesellschaft mbH (FFG) wurde 1991 gegr\u00fcndet. Die Forschungsschwerpunkte umfassen neben der Agrarwirtschaft und Veterin\u00e4rmedizin auch die Ern\u00e4hrungswirtschaft, Lebensmittelsicherheit und Umwelt\u00f6kologie. Hierbei stehen verfahrenstechnische Entwicklungen und die Weiterentwicklung von speziellen Erzeugnissen und Verfahren im Mittelpunkt. Dazu geh\u00f6ren Produktinnovationen zur gesundheitsf\u00f6rdernden Ern\u00e4hrung von Mensch und Tier. Auch Fragen der Verbesserung der Tierhaltung, der [&hellip;]","og_url":"https:\/\/wildlifepro.de\/en\/frankenfoerder-forschungsgesellschaft-mbh\/","og_site_name":"WildLifePro","article_modified_time":"2024-01-12T12:47:56+00:00","twitter_card":"summary_large_image","twitter_misc":{"Estimated reading time":"1 minute"},"schema":{"@context":"https:\/\/schema.org","@graph":[{"@type":"WebPage","@id":"https:\/\/wildlifepro.de\/frankenfoerder-forschungsgesellschaft-mbh\/","url":"https:\/\/wildlifepro.de\/frankenfoerder-forschungsgesellschaft-mbh\/","name":"FRANKENF\u00d6RDER FORSCHUNGSGESELLSCHAFT MBH - WildLifePro","isPartOf":{"@id":"https:\/\/wildlifepro.de\/#website"},"datePublished":"2021-12-08T15:22:28+00:00","dateModified":"2024-01-12T12:47:56+00:00","breadcrumb":{"@id":"https:\/\/wildlifepro.de\/frankenfoerder-forschungsgesellschaft-mbh\/#breadcrumb"},"inLanguage":"en-GB","potentialAction":[{"@type":"ReadAction","target":["https:\/\/wildlifepro.de\/frankenfoerder-forschungsgesellschaft-mbh\/"]}]},{"@type":"BreadcrumbList","@id":"https:\/\/wildlifepro.de\/frankenfoerder-forschungsgesellschaft-mbh\/#breadcrumb","itemListElement":[{"@type":"ListItem","position":1,"name":"Startseite","item":"https:\/\/wildlifepro.de\/"},{"@type":"ListItem","position":2,"name":"FRANKENF\u00d6RDER FORSCHUNGSGESELLSCHAFT MBH"}]},{"@type":"WebSite","@id":"https:\/\/wildlifepro.de\/#website","url":"https:\/\/wildlifepro.de\/","name":"WildLifePro","description":"Ihr Netzwerk.","potentialAction":[{"@type":"SearchAction","target":{"@type":"EntryPoint","urlTemplate":"https:\/\/wildlifepro.de\/?s={search_term_string}"},"query-input":"required name=search_term_string"}],"inLanguage":"en-GB"}]}},"_links":{"self":[{"href":"https:\/\/wildlifepro.de\/en\/wp-json\/wp\/v2\/pages\/24084"}],"collection":[{"href":"https:\/\/wildlifepro.de\/en\/wp-json\/wp\/v2\/pages"}],"about":[{"href":"https:\/\/wildlifepro.de\/en\/wp-json\/wp\/v2\/types\/page"}],"author":[{"embeddable":true,"href":"https:\/\/wildlifepro.de\/en\/wp-json\/wp\/v2\/users\/4"}],"replies":[{"embeddable":true,"href":"https:\/\/wildlifepro.de\/en\/wp-json\/wp\/v2\/comments?post=24084"}],"version-history":[{"count":2,"href":"https:\/\/wildlifepro.de\/en\/wp-json\/wp\/v2\/pages\/24084\/revisions"}],"predecessor-version":[{"id":55294,"href":"https:\/\/wildlifepro.de\/en\/wp-json\/wp\/v2\/pages\/24084\/revisions\/55294"}],"wp:attachment":[{"href":"https:\/\/wildlifepro.de\/en\/wp-json\/wp\/v2\/media?parent=24084"}],"wp:term":[{"taxonomy":"dipi_cpt_category","embeddable":true,"href":"https:\/\/wildlifepro.de\/en\/wp-json\/wp\/v2\/dipi_cpt_category?post=24084"}],"curies":[{"name":"wp","href":"https:\/\/api.w.org\/{rel}","templated":true}]}}