{"id":23570,"date":"2020-07-10T21:31:16","date_gmt":"2020-07-10T21:31:16","guid":{"rendered":"https:\/\/wildlifepro.de\/?page_id=23570"},"modified":"2022-04-13T14:27:17","modified_gmt":"2022-04-13T14:27:17","slug":"genspeed-biotech-gmbh","status":"publish","type":"page","link":"https:\/\/wildlifepro.de\/en\/genspeed-biotech-gmbh\/","title":{"rendered":"GENSPEED BIOTECH GMBH"},"content":{"rendered":"<p>[et_pb_section fb_built=&#8221;1&#8243; _builder_version=&#8221;4.4.9&#8243; global_colors_info=&#8221;{}&#8221;][et_pb_row column_structure=&#8221;1_2,1_2&#8243; _builder_version=&#8221;4.4.9&#8243; global_colors_info=&#8221;{}&#8221;][et_pb_column type=&#8221;1_2&#8243; _builder_version=&#8221;4.4.9&#8243; global_colors_info=&#8221;{}&#8221;][et_pb_text _builder_version=&#8221;4.4.9&#8243; text_font=&#8221;Mukta Malar|700|||||||&#8221; text_font_size=&#8221;25px&#8221; header_3_font=&#8221;Mukta Malar|700|||||||&#8221; header_3_text_color=&#8221;#000000&#8243; header_3_font_size=&#8221;29px&#8221; custom_margin=&#8221;7px||||false|false&#8221; global_colors_info=&#8221;{}&#8221;]<\/p>\n<h3>GenSpeed Biotech Ltd<\/h3>\n<p>[\/et_pb_text][et_pb_divider color=&#8221;#c49e6c&#8221; _builder_version=&#8221;4.4.9&#8243; global_colors_info=&#8221;{}&#8221;][\/et_pb_divider][\/et_pb_column][et_pb_column type=&#8221;1_2&#8243; _builder_version=&#8221;4.4.9&#8243; global_colors_info=&#8221;{}&#8221;][et_pb_button button_url=&#8221;https:\/\/wildlifepro.de\/&#8221; button_text=&#8221;ZUR\u00dcCK ZUR WEBSITE&#8221; button_alignment=&#8221;right&#8221; _builder_version=&#8221;4.4.9&#8243; custom_button=&#8221;on&#8221; button_text_size=&#8221;15px&#8221; button_text_color=&#8221;#ffffff&#8221; button_bg_color=&#8221;#c49e6c&#8221; button_border_color=&#8221;#c49e6c&#8221; button_border_radius=&#8221;0px&#8221; button_font=&#8221;Mukta Malar||||||||&#8221; button_use_icon=&#8221;off&#8221; custom_margin=&#8221;-2px||||false|false&#8221; custom_padding=&#8221;14px|37px|14px|37px|true|true&#8221; locked=&#8221;off&#8221; global_colors_info=&#8221;{}&#8221; button_text_color__hover_enabled=&#8221;on|hover&#8221; button_text_color__hover=&#8221;#ffffff&#8221; button_bg_color__hover_enabled=&#8221;on|desktop&#8221; button_bg_color__hover=&#8221;#495153&#8243; button_bg_enable_color__hover=&#8221;on&#8221; button_border_color__hover_enabled=&#8221;on|hover&#8221; button_border_color__hover=&#8221;#495153&#8243; button_letter_spacing__hover_enabled=&#8221;on|desktop&#8221; button_letter_spacing__hover=&#8221;0px&#8221;][\/et_pb_button][\/et_pb_column][\/et_pb_row][et_pb_row column_structure=&#8221;3_5,2_5&#8243; _builder_version=&#8221;4.4.9&#8243; custom_margin=&#8221;0px|auto||auto||&#8221; custom_padding=&#8221;4px||10px|||&#8221; locked=&#8221;off&#8221; global_colors_info=&#8221;{}&#8221;][et_pb_column type=&#8221;3_5&#8243; _builder_version=&#8221;4.4.9&#8243; global_colors_info=&#8221;{}&#8221;][et_pb_text _builder_version=&#8221;4.14.7&#8243; text_font_size=&#8221;16px&#8221; hover_enabled=&#8221;0&#8243; global_colors_info=&#8221;{}&#8221; sticky_enabled=&#8221;0&#8243;]<\/p>\n<p>GenSpeed ist ein Spin-Off der Greiner Bio-One International GmbH. Gegenstand der Gesch\u00e4ftst\u00e4tigkeit ist die Entwicklung, Produktion und der Vertrieb von diagnostischen Schnelltests auf Basis der IVD-CE zertifizierten Genspeed\u00ae Technologie zur Detektion von verschiedenen Krankheitserregern. Auf der Basis einer Kombination aus Mikrofluidik, miniaturisierter optischer\u00a0 Detektion und Automatisierung erlaubt diese Technologie es erstmals, mehrere Parameter am Point of Care mit hoher Empfindlichkeit gleichzeitig und in wenigen Minuten nachzuweisen. Genspeed\u00ae kann sowohl f\u00fcr nukleins\u00e4urebasierte, also genetische Tests, wie auch f\u00fcr proteinbasierte Tests angewendet werden. So k\u00f6nnen beispielsweise bestimmte Bakterien oder Viren schnell identifiziert, oder die Konzentration von verschiedenen Biomarkern in Blut oder anderen Probenmaterialien bestimmt werden. Gleiches gilt f\u00fcr den Nachweis von MRSA und anderen multiresistenten Erregern.<\/p>\n<p>[\/et_pb_text][et_pb_text _builder_version=&#8221;4.4.9&#8243; text_font_size=&#8221;16px&#8221; global_colors_info=&#8221;{}&#8221;]<\/p>\n<p><em><strong>Core competencies for the network<\/strong><\/em><em><strong>: <span>Chip-based veterinary diagnostics<\/span><\/strong><\/em><\/p>\n<p>&nbsp;<\/p>\n<p>[\/et_pb_text][\/et_pb_column][et_pb_column type=&#8221;2_5&#8243; _builder_version=&#8221;4.4.9&#8243; custom_padding=&#8221;30px|30px|30px|30px|true|false&#8221; box_shadow_style=&#8221;preset1&#8243; global_colors_info=&#8221;{}&#8221;][et_pb_image src=&#8221;https:\/\/wildlifepro.de\/media\/2020\/06\/genspeed.jpg&#8221; title_text=&#8221;genspeed&#8221; _builder_version=&#8221;4.4.9&#8243; custom_margin=&#8221;-7px|||||&#8221; custom_padding=&#8221;|||15px||&#8221; global_colors_info=&#8221;{}&#8221;][\/et_pb_image][et_pb_blurb use_icon=&#8221;on&#8221; font_icon=&#8221;&#xe0e3;||divi||400&#8243; icon_color=&#8221;#c49e6c&#8221; icon_placement=&#8221;left&#8221; image_icon_width=&#8221;25px&#8221; _builder_version=&#8221;4.13.0&#8243; body_font=&#8221;Mukta Malar|600|||||||&#8221; body_font_size=&#8221;19px&#8221; custom_margin=&#8221;||56px|50px||&#8221; icon_font_size=&#8221;25px&#8221; global_colors_info=&#8221;{}&#8221;]<\/p>\n<p><a href=\"http:\/\/www.genspeed-biotech.com\/\">Visit website<\/a><\/p>\n<p>[\/et_pb_blurb][\/et_pb_column][\/et_pb_row][et_pb_row _builder_version=&#8221;4.4.9&#8243; global_colors_info=&#8221;{}&#8221;][et_pb_column type=&#8221;4_4&#8243; _builder_version=&#8221;4.4.9&#8243; global_colors_info=&#8221;{}&#8221;][\/et_pb_column][\/et_pb_row][\/et_pb_section]<\/p>","protected":false},"excerpt":{"rendered":"<p>GenSpeed Biotech GmbHGenSpeed ist ein Spin-Off der Greiner Bio-One International GmbH. Gegenstand der Gesch\u00e4ftst\u00e4tigkeit ist die Entwicklung, Produktion und der Vertrieb von diagnostischen Schnelltests auf Basis der IVD-CE zertifizierten Genspeed\u00ae Technologie zur Detektion von verschiedenen Krankheitserregern. Auf der Basis einer Kombination aus Mikrofluidik, miniaturisierter optischer\u00a0 Detektion und Automatisierung erlaubt diese Technologie es erstmals, mehrere Parameter [&hellip;]<\/p>","protected":false},"author":1,"featured_media":0,"parent":0,"menu_order":0,"comment_status":"closed","ping_status":"closed","template":"","meta":{"_et_pb_use_builder":"on","_et_pb_old_content":"","_et_gb_content_width":"","footnotes":""},"dipi_cpt_category":[],"yoast_head":"<!-- This site is optimized with the Yoast SEO plugin v22.9 - https:\/\/yoast.com\/wordpress\/plugins\/seo\/ -->\n<title>GENSPEED BIOTECH GMBH - WildLifePro<\/title>\n<meta name=\"robots\" content=\"index, follow, max-snippet:-1, max-image-preview:large, max-video-preview:-1\" \/>\n<link rel=\"canonical\" href=\"https:\/\/wildlifepro.de\/en\/genspeed-biotech-gmbh\/\" \/>\n<meta property=\"og:locale\" content=\"en_GB\" \/>\n<meta property=\"og:type\" content=\"article\" \/>\n<meta property=\"og:title\" content=\"GENSPEED BIOTECH GMBH - WildLifePro\" \/>\n<meta property=\"og:description\" content=\"GenSpeed Biotech GmbHGenSpeed ist ein Spin-Off der Greiner Bio-One International GmbH. Gegenstand der Gesch\u00e4ftst\u00e4tigkeit ist die Entwicklung, Produktion und der Vertrieb von diagnostischen Schnelltests auf Basis der IVD-CE zertifizierten Genspeed\u00ae Technologie zur Detektion von verschiedenen Krankheitserregern. Auf der Basis einer Kombination aus Mikrofluidik, miniaturisierter optischer\u00a0 Detektion und Automatisierung erlaubt diese Technologie es erstmals, mehrere Parameter [&hellip;]\" \/>\n<meta property=\"og:url\" content=\"https:\/\/wildlifepro.de\/en\/genspeed-biotech-gmbh\/\" \/>\n<meta property=\"og:site_name\" content=\"WildLifePro\" \/>\n<meta property=\"article:modified_time\" content=\"2022-04-13T14:27:17+00:00\" \/>\n<meta name=\"twitter:card\" content=\"summary_large_image\" \/>\n<meta name=\"twitter:label1\" content=\"Estimated reading time\" \/>\n\t<meta name=\"twitter:data1\" content=\"3 minutes\" \/>\n<script type=\"application\/ld+json\" class=\"yoast-schema-graph\">{\"@context\":\"https:\/\/schema.org\",\"@graph\":[{\"@type\":\"WebPage\",\"@id\":\"https:\/\/wildlifepro.de\/genspeed-biotech-gmbh\/\",\"url\":\"https:\/\/wildlifepro.de\/genspeed-biotech-gmbh\/\",\"name\":\"GENSPEED BIOTECH GMBH - WildLifePro\",\"isPartOf\":{\"@id\":\"https:\/\/wildlifepro.de\/#website\"},\"datePublished\":\"2020-07-10T21:31:16+00:00\",\"dateModified\":\"2022-04-13T14:27:17+00:00\",\"breadcrumb\":{\"@id\":\"https:\/\/wildlifepro.de\/genspeed-biotech-gmbh\/#breadcrumb\"},\"inLanguage\":\"en-GB\",\"potentialAction\":[{\"@type\":\"ReadAction\",\"target\":[\"https:\/\/wildlifepro.de\/genspeed-biotech-gmbh\/\"]}]},{\"@type\":\"BreadcrumbList\",\"@id\":\"https:\/\/wildlifepro.de\/genspeed-biotech-gmbh\/#breadcrumb\",\"itemListElement\":[{\"@type\":\"ListItem\",\"position\":1,\"name\":\"Startseite\",\"item\":\"https:\/\/wildlifepro.de\/\"},{\"@type\":\"ListItem\",\"position\":2,\"name\":\"GENSPEED BIOTECH GMBH\"}]},{\"@type\":\"WebSite\",\"@id\":\"https:\/\/wildlifepro.de\/#website\",\"url\":\"https:\/\/wildlifepro.de\/\",\"name\":\"WildLifePro\",\"description\":\"Ihr Netzwerk.\",\"potentialAction\":[{\"@type\":\"SearchAction\",\"target\":{\"@type\":\"EntryPoint\",\"urlTemplate\":\"https:\/\/wildlifepro.de\/?s={search_term_string}\"},\"query-input\":\"required name=search_term_string\"}],\"inLanguage\":\"en-GB\"}]}<\/script>\n<!-- \/ Yoast SEO plugin. -->","yoast_head_json":{"title":"GENSPEED BIOTECH GMBH - WildLifePro","robots":{"index":"index","follow":"follow","max-snippet":"max-snippet:-1","max-image-preview":"max-image-preview:large","max-video-preview":"max-video-preview:-1"},"canonical":"https:\/\/wildlifepro.de\/en\/genspeed-biotech-gmbh\/","og_locale":"en_GB","og_type":"article","og_title":"GENSPEED BIOTECH GMBH - WildLifePro","og_description":"GenSpeed Biotech GmbHGenSpeed ist ein Spin-Off der Greiner Bio-One International GmbH. Gegenstand der Gesch\u00e4ftst\u00e4tigkeit ist die Entwicklung, Produktion und der Vertrieb von diagnostischen Schnelltests auf Basis der IVD-CE zertifizierten Genspeed\u00ae Technologie zur Detektion von verschiedenen Krankheitserregern. Auf der Basis einer Kombination aus Mikrofluidik, miniaturisierter optischer\u00a0 Detektion und Automatisierung erlaubt diese Technologie es erstmals, mehrere Parameter [&hellip;]","og_url":"https:\/\/wildlifepro.de\/en\/genspeed-biotech-gmbh\/","og_site_name":"WildLifePro","article_modified_time":"2022-04-13T14:27:17+00:00","twitter_card":"summary_large_image","twitter_misc":{"Estimated reading time":"3 minutes"},"schema":{"@context":"https:\/\/schema.org","@graph":[{"@type":"WebPage","@id":"https:\/\/wildlifepro.de\/genspeed-biotech-gmbh\/","url":"https:\/\/wildlifepro.de\/genspeed-biotech-gmbh\/","name":"GENSPEED BIOTECH GMBH - WildLifePro","isPartOf":{"@id":"https:\/\/wildlifepro.de\/#website"},"datePublished":"2020-07-10T21:31:16+00:00","dateModified":"2022-04-13T14:27:17+00:00","breadcrumb":{"@id":"https:\/\/wildlifepro.de\/genspeed-biotech-gmbh\/#breadcrumb"},"inLanguage":"en-GB","potentialAction":[{"@type":"ReadAction","target":["https:\/\/wildlifepro.de\/genspeed-biotech-gmbh\/"]}]},{"@type":"BreadcrumbList","@id":"https:\/\/wildlifepro.de\/genspeed-biotech-gmbh\/#breadcrumb","itemListElement":[{"@type":"ListItem","position":1,"name":"Startseite","item":"https:\/\/wildlifepro.de\/"},{"@type":"ListItem","position":2,"name":"GENSPEED BIOTECH GMBH"}]},{"@type":"WebSite","@id":"https:\/\/wildlifepro.de\/#website","url":"https:\/\/wildlifepro.de\/","name":"WildLifePro","description":"Ihr Netzwerk.","potentialAction":[{"@type":"SearchAction","target":{"@type":"EntryPoint","urlTemplate":"https:\/\/wildlifepro.de\/?s={search_term_string}"},"query-input":"required name=search_term_string"}],"inLanguage":"en-GB"}]}},"_links":{"self":[{"href":"https:\/\/wildlifepro.de\/en\/wp-json\/wp\/v2\/pages\/23570"}],"collection":[{"href":"https:\/\/wildlifepro.de\/en\/wp-json\/wp\/v2\/pages"}],"about":[{"href":"https:\/\/wildlifepro.de\/en\/wp-json\/wp\/v2\/types\/page"}],"author":[{"embeddable":true,"href":"https:\/\/wildlifepro.de\/en\/wp-json\/wp\/v2\/users\/1"}],"replies":[{"embeddable":true,"href":"https:\/\/wildlifepro.de\/en\/wp-json\/wp\/v2\/comments?post=23570"}],"version-history":[{"count":4,"href":"https:\/\/wildlifepro.de\/en\/wp-json\/wp\/v2\/pages\/23570\/revisions"}],"predecessor-version":[{"id":23577,"href":"https:\/\/wildlifepro.de\/en\/wp-json\/wp\/v2\/pages\/23570\/revisions\/23577"}],"wp:attachment":[{"href":"https:\/\/wildlifepro.de\/en\/wp-json\/wp\/v2\/media?parent=23570"}],"wp:term":[{"taxonomy":"dipi_cpt_category","embeddable":true,"href":"https:\/\/wildlifepro.de\/en\/wp-json\/wp\/v2\/dipi_cpt_category?post=23570"}],"curies":[{"name":"wp","href":"https:\/\/api.w.org\/{rel}","templated":true}]}}