{"id":23543,"date":"2020-07-10T21:19:00","date_gmt":"2020-07-10T21:19:00","guid":{"rendered":"https:\/\/wildlifepro.de\/?page_id=23543"},"modified":"2020-07-10T21:26:27","modified_gmt":"2020-07-10T21:26:27","slug":"stap-gmbh","status":"publish","type":"page","link":"https:\/\/wildlifepro.de\/en\/stap-gmbh\/","title":{"rendered":"STAP GMBH"},"content":{"rendered":"<p>[et_pb_section fb_built=&#8221;1&#8243; _builder_version=&#8221;4.4.9&#8243;][et_pb_row column_structure=&#8221;1_2,1_2&#8243; _builder_version=&#8221;4.4.9&#8243;][et_pb_column type=&#8221;1_2&#8243; _builder_version=&#8221;4.4.9&#8243;][et_pb_text _builder_version=&#8221;4.4.9&#8243; text_font=&#8221;Mukta Malar|700|||||||&#8221; text_font_size=&#8221;25px&#8221; header_3_font=&#8221;Mukta Malar|700|||||||&#8221; header_3_text_color=&#8221;#000000&#8243; header_3_font_size=&#8221;29px&#8221; custom_margin=&#8221;7px||||false|false&#8221; hover_enabled=&#8221;0&#8243;]<\/p>\n<h3>STAP Ltd<\/h3>\n<p>[\/et_pb_text][et_pb_divider color=&#8221;#c49e6c&#8221; _builder_version=&#8221;4.4.9&#8243;][\/et_pb_divider][\/et_pb_column][et_pb_column type=&#8221;1_2&#8243; _builder_version=&#8221;4.4.9&#8243;][et_pb_button button_url=&#8221;https:\/\/wildlifepro.de\/&#8221; button_text=&#8221;ZUR\u00dcCK ZUR WEBSITE&#8221; button_alignment=&#8221;right&#8221; _builder_version=&#8221;4.4.9&#8243; custom_button=&#8221;on&#8221; button_text_size=&#8221;15px&#8221; button_text_color=&#8221;#ffffff&#8221; button_bg_color=&#8221;#c49e6c&#8221; button_border_color=&#8221;#c49e6c&#8221; button_border_radius=&#8221;0px&#8221; button_font=&#8221;Mukta Malar||||||||&#8221; button_use_icon=&#8221;off&#8221; custom_margin=&#8221;-2px||||false|false&#8221; custom_padding=&#8221;14px|37px|14px|37px|true|true&#8221; locked=&#8221;off&#8221; button_text_color__hover_enabled=&#8221;on|hover&#8221; button_text_color__hover=&#8221;#ffffff&#8221; button_bg_color__hover_enabled=&#8221;on|desktop&#8221; button_bg_color__hover=&#8221;#495153&#8243; button_bg_enable_color__hover=&#8221;on&#8221; button_border_color__hover_enabled=&#8221;on|hover&#8221; button_border_color__hover=&#8221;#495153&#8243; button_letter_spacing__hover_enabled=&#8221;on|desktop&#8221; button_letter_spacing__hover=&#8221;0px&#8221;][\/et_pb_button][\/et_pb_column][\/et_pb_row][et_pb_row column_structure=&#8221;3_5,2_5&#8243; _builder_version=&#8221;4.4.9&#8243; custom_margin=&#8221;0px|auto||auto||&#8221; custom_padding=&#8221;4px||10px|||&#8221; locked=&#8221;off&#8221;][et_pb_column type=&#8221;3_5&#8243; _builder_version=&#8221;4.4.9&#8243;][et_pb_text _builder_version=&#8221;4.4.9&#8243; text_font_size=&#8221;16px&#8221; hover_enabled=&#8221;0&#8243;]<\/p>\n<p>STAP is still a young but very innovative company that has successfully established itself on the market in a short time. In 2018, a patent was filed with the Austrian Patent Office in the field of effective, secure and special air cargo handling STAP has experience in the field of security-relevant electronic-based systems. Among other things, deep learning devices for artificial intelligence are used in combination with augmented reality solutions for modern interaction between the systems and the users. For about a year, the company has also been addressing problems in the field of human-animal interaction. Here, development contracts have already been acquired from Germany. The company has a powerful internal R&amp;D potential with developers for embedded hardware, analogue and digital communication, localisation technologies, satellite communication systems and the associated embedded and application software.<\/p>\n<p>[\/et_pb_text][et_pb_text _builder_version=&#8221;4.4.9&#8243; text_font_size=&#8221;16px&#8221; hover_enabled=&#8221;0&#8243;]<\/p>\n<p><em><strong>Core competencies for the network<\/strong><\/em><em><strong>: <span>Sensor-based electronics<\/span><\/strong><\/em><\/p>\n<p>&nbsp;<\/p>\n<p>[\/et_pb_text][\/et_pb_column][et_pb_column type=&#8221;2_5&#8243; _builder_version=&#8221;4.4.9&#8243; custom_padding=&#8221;30px|30px|30px|30px|true|false&#8221; box_shadow_style=&#8221;preset1&#8243;][et_pb_image src=&#8221;https:\/\/wildlifepro.de\/media\/2020\/06\/stap.jpg&#8221; title_text=&#8221;stap&#8221; _builder_version=&#8221;4.4.9&#8243; custom_margin=&#8221;-7px|||||&#8221; custom_padding=&#8221;|||15px||&#8221; hover_enabled=&#8221;0&#8243;][\/et_pb_image][et_pb_blurb use_icon=&#8221;on&#8221; font_icon=&#8221;%%165%%&#8221; icon_color=&#8221;#c49e6c&#8221; icon_placement=&#8221;left&#8221; use_icon_font_size=&#8221;on&#8221; icon_font_size=&#8221;25px&#8221; _builder_version=&#8221;4.4.9&#8243; body_font=&#8221;Mukta Malar|600|||||||&#8221; body_font_size=&#8221;19px&#8221; custom_margin=&#8221;||56px|50px||&#8221; hover_enabled=&#8221;0&#8243;]<\/p>\n<p><a href=\"https:\/\/stap-online.at\/\">Visit website<\/a><\/p>\n<p>[\/et_pb_blurb][\/et_pb_column][\/et_pb_row][et_pb_row _builder_version=&#8221;4.4.9&#8243;][et_pb_column type=&#8221;4_4&#8243; _builder_version=&#8221;4.4.9&#8243;][\/et_pb_column][\/et_pb_row][\/et_pb_section]<\/p>","protected":false},"excerpt":{"rendered":"<p>STAP GmbH STAP ist ein noch junges, aber sehr innovationsstarkes Unternehmen, das sich in kurzer Zeit erfolgreich am Markt etabliert hat. Im Jahr 2018 wurde ein Patent im Bereich der effektiven, sicheren und speziellen Luftfrachtabfertigung beim \u00d6sterreichischen Patentamt angemeldet\u00a0 \u00a0Die STAP verf\u00fcgt \u00fcber Erfahrungen im Bereich von sicherheitsrelevanten elektronikbasierten Systemen. Genutzt werden u.a. Deep-Learning-Ger\u00e4te f\u00fcr [&hellip;]<\/p>","protected":false},"author":1,"featured_media":0,"parent":0,"menu_order":0,"comment_status":"closed","ping_status":"closed","template":"","meta":{"_et_pb_use_builder":"on","_et_pb_old_content":"","_et_gb_content_width":"","footnotes":""},"dipi_cpt_category":[],"yoast_head":"<!-- This site is optimized with the Yoast SEO plugin v22.9 - https:\/\/yoast.com\/wordpress\/plugins\/seo\/ -->\n<title>STAP GMBH - WildLifePro<\/title>\n<meta name=\"robots\" content=\"index, follow, max-snippet:-1, max-image-preview:large, max-video-preview:-1\" \/>\n<link rel=\"canonical\" href=\"https:\/\/wildlifepro.de\/en\/stap-gmbh\/\" \/>\n<meta property=\"og:locale\" content=\"en_GB\" \/>\n<meta property=\"og:type\" content=\"article\" \/>\n<meta property=\"og:title\" content=\"STAP GMBH - WildLifePro\" \/>\n<meta property=\"og:description\" content=\"STAP GmbH STAP ist ein noch junges, aber sehr innovationsstarkes Unternehmen, das sich in kurzer Zeit erfolgreich am Markt etabliert hat. Im Jahr 2018 wurde ein Patent im Bereich der effektiven, sicheren und speziellen Luftfrachtabfertigung beim \u00d6sterreichischen Patentamt angemeldet\u00a0 \u00a0Die STAP verf\u00fcgt \u00fcber Erfahrungen im Bereich von sicherheitsrelevanten elektronikbasierten Systemen. Genutzt werden u.a. Deep-Learning-Ger\u00e4te f\u00fcr [&hellip;]\" \/>\n<meta property=\"og:url\" content=\"https:\/\/wildlifepro.de\/en\/stap-gmbh\/\" \/>\n<meta property=\"og:site_name\" content=\"WildLifePro\" \/>\n<meta property=\"article:modified_time\" content=\"2020-07-10T21:26:27+00:00\" \/>\n<meta name=\"twitter:card\" content=\"summary_large_image\" \/>\n<meta name=\"twitter:label1\" content=\"Estimated reading time\" \/>\n\t<meta name=\"twitter:data1\" content=\"3 minutes\" \/>\n<script type=\"application\/ld+json\" class=\"yoast-schema-graph\">{\"@context\":\"https:\/\/schema.org\",\"@graph\":[{\"@type\":\"WebPage\",\"@id\":\"https:\/\/wildlifepro.de\/stap-gmbh\/\",\"url\":\"https:\/\/wildlifepro.de\/stap-gmbh\/\",\"name\":\"STAP GMBH - WildLifePro\",\"isPartOf\":{\"@id\":\"https:\/\/wildlifepro.de\/#website\"},\"datePublished\":\"2020-07-10T21:19:00+00:00\",\"dateModified\":\"2020-07-10T21:26:27+00:00\",\"breadcrumb\":{\"@id\":\"https:\/\/wildlifepro.de\/stap-gmbh\/#breadcrumb\"},\"inLanguage\":\"en-GB\",\"potentialAction\":[{\"@type\":\"ReadAction\",\"target\":[\"https:\/\/wildlifepro.de\/stap-gmbh\/\"]}]},{\"@type\":\"BreadcrumbList\",\"@id\":\"https:\/\/wildlifepro.de\/stap-gmbh\/#breadcrumb\",\"itemListElement\":[{\"@type\":\"ListItem\",\"position\":1,\"name\":\"Startseite\",\"item\":\"https:\/\/wildlifepro.de\/\"},{\"@type\":\"ListItem\",\"position\":2,\"name\":\"STAP GMBH\"}]},{\"@type\":\"WebSite\",\"@id\":\"https:\/\/wildlifepro.de\/#website\",\"url\":\"https:\/\/wildlifepro.de\/\",\"name\":\"WildLifePro\",\"description\":\"Ihr Netzwerk.\",\"potentialAction\":[{\"@type\":\"SearchAction\",\"target\":{\"@type\":\"EntryPoint\",\"urlTemplate\":\"https:\/\/wildlifepro.de\/?s={search_term_string}\"},\"query-input\":\"required name=search_term_string\"}],\"inLanguage\":\"en-GB\"}]}<\/script>\n<!-- \/ Yoast SEO plugin. -->","yoast_head_json":{"title":"STAP GMBH - WildLifePro","robots":{"index":"index","follow":"follow","max-snippet":"max-snippet:-1","max-image-preview":"max-image-preview:large","max-video-preview":"max-video-preview:-1"},"canonical":"https:\/\/wildlifepro.de\/en\/stap-gmbh\/","og_locale":"en_GB","og_type":"article","og_title":"STAP GMBH - WildLifePro","og_description":"STAP GmbH STAP ist ein noch junges, aber sehr innovationsstarkes Unternehmen, das sich in kurzer Zeit erfolgreich am Markt etabliert hat. Im Jahr 2018 wurde ein Patent im Bereich der effektiven, sicheren und speziellen Luftfrachtabfertigung beim \u00d6sterreichischen Patentamt angemeldet\u00a0 \u00a0Die STAP verf\u00fcgt \u00fcber Erfahrungen im Bereich von sicherheitsrelevanten elektronikbasierten Systemen. Genutzt werden u.a. Deep-Learning-Ger\u00e4te f\u00fcr [&hellip;]","og_url":"https:\/\/wildlifepro.de\/en\/stap-gmbh\/","og_site_name":"WildLifePro","article_modified_time":"2020-07-10T21:26:27+00:00","twitter_card":"summary_large_image","twitter_misc":{"Estimated reading time":"3 minutes"},"schema":{"@context":"https:\/\/schema.org","@graph":[{"@type":"WebPage","@id":"https:\/\/wildlifepro.de\/stap-gmbh\/","url":"https:\/\/wildlifepro.de\/stap-gmbh\/","name":"STAP GMBH - WildLifePro","isPartOf":{"@id":"https:\/\/wildlifepro.de\/#website"},"datePublished":"2020-07-10T21:19:00+00:00","dateModified":"2020-07-10T21:26:27+00:00","breadcrumb":{"@id":"https:\/\/wildlifepro.de\/stap-gmbh\/#breadcrumb"},"inLanguage":"en-GB","potentialAction":[{"@type":"ReadAction","target":["https:\/\/wildlifepro.de\/stap-gmbh\/"]}]},{"@type":"BreadcrumbList","@id":"https:\/\/wildlifepro.de\/stap-gmbh\/#breadcrumb","itemListElement":[{"@type":"ListItem","position":1,"name":"Startseite","item":"https:\/\/wildlifepro.de\/"},{"@type":"ListItem","position":2,"name":"STAP GMBH"}]},{"@type":"WebSite","@id":"https:\/\/wildlifepro.de\/#website","url":"https:\/\/wildlifepro.de\/","name":"WildLifePro","description":"Ihr Netzwerk.","potentialAction":[{"@type":"SearchAction","target":{"@type":"EntryPoint","urlTemplate":"https:\/\/wildlifepro.de\/?s={search_term_string}"},"query-input":"required name=search_term_string"}],"inLanguage":"en-GB"}]}},"_links":{"self":[{"href":"https:\/\/wildlifepro.de\/en\/wp-json\/wp\/v2\/pages\/23543"}],"collection":[{"href":"https:\/\/wildlifepro.de\/en\/wp-json\/wp\/v2\/pages"}],"about":[{"href":"https:\/\/wildlifepro.de\/en\/wp-json\/wp\/v2\/types\/page"}],"author":[{"embeddable":true,"href":"https:\/\/wildlifepro.de\/en\/wp-json\/wp\/v2\/users\/1"}],"replies":[{"embeddable":true,"href":"https:\/\/wildlifepro.de\/en\/wp-json\/wp\/v2\/comments?post=23543"}],"version-history":[{"count":3,"href":"https:\/\/wildlifepro.de\/en\/wp-json\/wp\/v2\/pages\/23543\/revisions"}],"predecessor-version":[{"id":23559,"href":"https:\/\/wildlifepro.de\/en\/wp-json\/wp\/v2\/pages\/23543\/revisions\/23559"}],"wp:attachment":[{"href":"https:\/\/wildlifepro.de\/en\/wp-json\/wp\/v2\/media?parent=23543"}],"wp:term":[{"taxonomy":"dipi_cpt_category","embeddable":true,"href":"https:\/\/wildlifepro.de\/en\/wp-json\/wp\/v2\/dipi_cpt_category?post=23543"}],"curies":[{"name":"wp","href":"https:\/\/api.w.org\/{rel}","templated":true}]}}