{"id":23473,"date":"2020-07-10T19:30:33","date_gmt":"2020-07-10T19:30:33","guid":{"rendered":"https:\/\/wildlifepro.de\/?page_id=23473"},"modified":"2020-07-10T19:36:39","modified_gmt":"2020-07-10T19:36:39","slug":"institut-fuer-agrar-und-stadtoekologische-projekte-an-der-humboldt-universitaet-zu-berlin-iasp","status":"publish","type":"page","link":"https:\/\/wildlifepro.de\/en\/institut-fuer-agrar-und-stadtoekologische-projekte-an-der-humboldt-universitaet-zu-berlin-iasp\/","title":{"rendered":"IASP"},"content":{"rendered":"<p>[et_pb_section fb_built=&#8221;1&#8243; _builder_version=&#8221;4.4.9&#8243;][et_pb_row column_structure=&#8221;1_2,1_2&#8243; _builder_version=&#8221;4.4.9&#8243; hover_enabled=&#8221;0&#8243;][et_pb_column type=&#8221;1_2&#8243; _builder_version=&#8221;4.4.9&#8243;][et_pb_text _builder_version=&#8221;4.4.9&#8243; text_font=&#8221;Mukta Malar|700|||||||&#8221; text_font_size=&#8221;25px&#8221; header_3_font=&#8221;Mukta Malar|700|||||||&#8221; header_3_text_color=&#8221;#000000&#8243; header_3_font_size=&#8221;29px&#8221; custom_margin=&#8221;7px||||false|false&#8221; hover_enabled=&#8221;0&#8243;]<\/p>\n<h3>Institute for Agricultural and Urban Ecological Projects at Humboldt University Berlin (IASP)<\/h3>\n<p>[\/et_pb_text][et_pb_divider color=&#8221;#c49e6c&#8221; _builder_version=&#8221;4.4.9&#8243;][\/et_pb_divider][\/et_pb_column][et_pb_column type=&#8221;1_2&#8243; _builder_version=&#8221;4.4.9&#8243;][et_pb_button button_url=&#8221;https:\/\/wildlifepro.de\/&#8221; button_text=&#8221;ZUR\u00dcCK ZUR WEBSITE&#8221; button_alignment=&#8221;right&#8221; _builder_version=&#8221;4.4.9&#8243; custom_button=&#8221;on&#8221; button_text_size=&#8221;15px&#8221; button_text_color=&#8221;#ffffff&#8221; button_bg_color=&#8221;#c49e6c&#8221; button_border_color=&#8221;#c49e6c&#8221; button_border_radius=&#8221;0px&#8221; button_font=&#8221;Mukta Malar||||||||&#8221; button_use_icon=&#8221;off&#8221; custom_margin=&#8221;-2px||||false|false&#8221; custom_padding=&#8221;14px|37px|14px|37px|true|true&#8221; locked=&#8221;off&#8221; button_text_color__hover_enabled=&#8221;on|hover&#8221; button_text_color__hover=&#8221;#ffffff&#8221; button_bg_color__hover_enabled=&#8221;on|desktop&#8221; button_bg_color__hover=&#8221;#495153&#8243; button_bg_enable_color__hover=&#8221;on&#8221; button_border_color__hover_enabled=&#8221;on|hover&#8221; button_border_color__hover=&#8221;#495153&#8243; button_letter_spacing__hover_enabled=&#8221;on|desktop&#8221; button_letter_spacing__hover=&#8221;0px&#8221;][\/et_pb_button][\/et_pb_column][\/et_pb_row][et_pb_row column_structure=&#8221;3_5,2_5&#8243; _builder_version=&#8221;4.4.9&#8243; custom_margin=&#8221;0px|auto||auto||&#8221; custom_padding=&#8221;4px||10px|||&#8221; locked=&#8221;off&#8221;][et_pb_column type=&#8221;3_5&#8243; _builder_version=&#8221;4.4.9&#8243;][et_pb_text _builder_version=&#8221;4.4.9&#8243; text_font_size=&#8221;16px&#8221; hover_enabled=&#8221;0&#8243;]<\/p>\n<p>The IASP is a private research institute without basic funding under the auspices of a non-profit association (A.S.P. e. V.) It was founded in 1996 and employs approx. 35 project-related staff from various disciplines. The IASP's research focus on animal welfare is dedicated to the development of methods and technologies for improving animal health, animal welfare and husbandry conditions. Modern, sensor-based animal monitoring starts at the animal-technology interface and should make it possible to close the animal-human gap, which is due to the constantly growing size of livestock. Based on existing expertise and technical equipment, non-invasive systems for recording physiological parameters of farm animals such as cattle, pigs, horses, poultry and fish are being further developed in a consistent and application-oriented manner. The aim is to detect a disease- or stressor-related deviation from the physiological equilibrium of the individual animal at an early stage and thus to be able to avert a negative effect on its performance-relevant parameters (pregnancy, lifetime performance, birth rate, etc.) through targeted measures.<\/p>\n<p>[\/et_pb_text][et_pb_text _builder_version=&#8221;4.4.9&#8243; text_font_size=&#8221;16px&#8221; hover_enabled=&#8221;0&#8243;]<\/p>\n<p><em><strong>Core competencies for the network<\/strong><\/em><em><strong>: <span>Sensor-based monitoring of fish health<\/span><\/strong><\/em><\/p>\n<p>&nbsp;<\/p>\n<p>[\/et_pb_text][\/et_pb_column][et_pb_column type=&#8221;2_5&#8243; _builder_version=&#8221;4.4.9&#8243; custom_padding=&#8221;30px|30px|30px|30px|true|false&#8221; box_shadow_style=&#8221;preset1&#8243;][et_pb_image src=&#8221;https:\/\/wildlifepro.de\/media\/2020\/06\/iasp.jpg&#8221; title_text=&#8221;iasp&#8221; _builder_version=&#8221;4.4.9&#8243; custom_margin=&#8221;-7px|||||&#8221; custom_padding=&#8221;|||15px||&#8221; hover_enabled=&#8221;0&#8243;][\/et_pb_image][et_pb_blurb use_icon=&#8221;on&#8221; font_icon=&#8221;%%165%%&#8221; icon_color=&#8221;#c49e6c&#8221; icon_placement=&#8221;left&#8221; use_icon_font_size=&#8221;on&#8221; icon_font_size=&#8221;25px&#8221; _builder_version=&#8221;4.4.9&#8243; body_font=&#8221;Mukta Malar|600|||||||&#8221; body_font_size=&#8221;19px&#8221; custom_margin=&#8221;||56px|50px||&#8221; hover_enabled=&#8221;0&#8243;]<\/p>\n<p><a href=\"https:\/\/www.iasp-berlin.de\/\">Visit website<\/a><\/p>\n<p>[\/et_pb_blurb][\/et_pb_column][\/et_pb_row][et_pb_row _builder_version=&#8221;4.4.9&#8243;][et_pb_column type=&#8221;4_4&#8243; _builder_version=&#8221;4.4.9&#8243;][\/et_pb_column][\/et_pb_row][\/et_pb_section]<\/p>","protected":false},"excerpt":{"rendered":"<p>Institut f\u00fcr Agrar- und Stadt\u00f6kologische Projekte an der Humboldt-Universit\u00e4t zu Berlin (IASP) Das IASP ist ein privates Forschungsinstitut ohne Grundfinanzierung in Tr\u00e4gerschaft eines gemeinn\u00fctzigen Vereins (A.S.P. e. V.) Es wurde 1996 gegr\u00fcndet und besch\u00e4ftigt projektbezogen ca. 35 Mitarbeiterinnen und Mitarbeiter unterschiedlicher Fachrichtungen. Der Forschungsschwerpunkt Tierwohl des IASP widmet sich der Entwicklung von Methoden und Technologien [&hellip;]<\/p>","protected":false},"author":1,"featured_media":0,"parent":0,"menu_order":0,"comment_status":"closed","ping_status":"closed","template":"","meta":{"_et_pb_use_builder":"on","_et_pb_old_content":"","_et_gb_content_width":"","footnotes":""},"dipi_cpt_category":[],"yoast_head":"<!-- This site is optimized with the Yoast SEO plugin v22.9 - https:\/\/yoast.com\/wordpress\/plugins\/seo\/ -->\n<title>IASP - WildLifePro<\/title>\n<meta name=\"robots\" content=\"index, follow, max-snippet:-1, max-image-preview:large, max-video-preview:-1\" \/>\n<link rel=\"canonical\" href=\"https:\/\/wildlifepro.de\/en\/institut-fuer-agrar-und-stadtoekologische-projekte-an-der-humboldt-universitaet-zu-berlin-iasp\/\" \/>\n<meta property=\"og:locale\" content=\"en_GB\" \/>\n<meta property=\"og:type\" content=\"article\" \/>\n<meta property=\"og:title\" content=\"IASP - WildLifePro\" \/>\n<meta property=\"og:description\" content=\"Institut f\u00fcr Agrar- und Stadt\u00f6kologische Projekte an der Humboldt-Universit\u00e4t zu Berlin (IASP) Das IASP ist ein privates Forschungsinstitut ohne Grundfinanzierung in Tr\u00e4gerschaft eines gemeinn\u00fctzigen Vereins (A.S.P. e. V.) Es wurde 1996 gegr\u00fcndet und besch\u00e4ftigt projektbezogen ca. 35 Mitarbeiterinnen und Mitarbeiter unterschiedlicher Fachrichtungen. Der Forschungsschwerpunkt Tierwohl des IASP widmet sich der Entwicklung von Methoden und Technologien [&hellip;]\" \/>\n<meta property=\"og:url\" content=\"https:\/\/wildlifepro.de\/en\/institut-fuer-agrar-und-stadtoekologische-projekte-an-der-humboldt-universitaet-zu-berlin-iasp\/\" \/>\n<meta property=\"og:site_name\" content=\"WildLifePro\" \/>\n<meta property=\"article:modified_time\" content=\"2020-07-10T19:36:39+00:00\" \/>\n<meta name=\"twitter:card\" content=\"summary_large_image\" \/>\n<meta name=\"twitter:label1\" content=\"Estimated reading time\" \/>\n\t<meta name=\"twitter:data1\" content=\"3 minutes\" \/>\n<script type=\"application\/ld+json\" class=\"yoast-schema-graph\">{\"@context\":\"https:\/\/schema.org\",\"@graph\":[{\"@type\":\"WebPage\",\"@id\":\"https:\/\/wildlifepro.de\/institut-fuer-agrar-und-stadtoekologische-projekte-an-der-humboldt-universitaet-zu-berlin-iasp\/\",\"url\":\"https:\/\/wildlifepro.de\/institut-fuer-agrar-und-stadtoekologische-projekte-an-der-humboldt-universitaet-zu-berlin-iasp\/\",\"name\":\"IASP - WildLifePro\",\"isPartOf\":{\"@id\":\"https:\/\/wildlifepro.de\/#website\"},\"datePublished\":\"2020-07-10T19:30:33+00:00\",\"dateModified\":\"2020-07-10T19:36:39+00:00\",\"breadcrumb\":{\"@id\":\"https:\/\/wildlifepro.de\/institut-fuer-agrar-und-stadtoekologische-projekte-an-der-humboldt-universitaet-zu-berlin-iasp\/#breadcrumb\"},\"inLanguage\":\"en-GB\",\"potentialAction\":[{\"@type\":\"ReadAction\",\"target\":[\"https:\/\/wildlifepro.de\/institut-fuer-agrar-und-stadtoekologische-projekte-an-der-humboldt-universitaet-zu-berlin-iasp\/\"]}]},{\"@type\":\"BreadcrumbList\",\"@id\":\"https:\/\/wildlifepro.de\/institut-fuer-agrar-und-stadtoekologische-projekte-an-der-humboldt-universitaet-zu-berlin-iasp\/#breadcrumb\",\"itemListElement\":[{\"@type\":\"ListItem\",\"position\":1,\"name\":\"Startseite\",\"item\":\"https:\/\/wildlifepro.de\/\"},{\"@type\":\"ListItem\",\"position\":2,\"name\":\"IASP\"}]},{\"@type\":\"WebSite\",\"@id\":\"https:\/\/wildlifepro.de\/#website\",\"url\":\"https:\/\/wildlifepro.de\/\",\"name\":\"WildLifePro\",\"description\":\"Ihr Netzwerk.\",\"potentialAction\":[{\"@type\":\"SearchAction\",\"target\":{\"@type\":\"EntryPoint\",\"urlTemplate\":\"https:\/\/wildlifepro.de\/?s={search_term_string}\"},\"query-input\":\"required name=search_term_string\"}],\"inLanguage\":\"en-GB\"}]}<\/script>\n<!-- \/ Yoast SEO plugin. -->","yoast_head_json":{"title":"IASP - WildLifePro","robots":{"index":"index","follow":"follow","max-snippet":"max-snippet:-1","max-image-preview":"max-image-preview:large","max-video-preview":"max-video-preview:-1"},"canonical":"https:\/\/wildlifepro.de\/en\/institut-fuer-agrar-und-stadtoekologische-projekte-an-der-humboldt-universitaet-zu-berlin-iasp\/","og_locale":"en_GB","og_type":"article","og_title":"IASP - WildLifePro","og_description":"Institut f\u00fcr Agrar- und Stadt\u00f6kologische Projekte an der Humboldt-Universit\u00e4t zu Berlin (IASP) Das IASP ist ein privates Forschungsinstitut ohne Grundfinanzierung in Tr\u00e4gerschaft eines gemeinn\u00fctzigen Vereins (A.S.P. e. V.) Es wurde 1996 gegr\u00fcndet und besch\u00e4ftigt projektbezogen ca. 35 Mitarbeiterinnen und Mitarbeiter unterschiedlicher Fachrichtungen. Der Forschungsschwerpunkt Tierwohl des IASP widmet sich der Entwicklung von Methoden und Technologien [&hellip;]","og_url":"https:\/\/wildlifepro.de\/en\/institut-fuer-agrar-und-stadtoekologische-projekte-an-der-humboldt-universitaet-zu-berlin-iasp\/","og_site_name":"WildLifePro","article_modified_time":"2020-07-10T19:36:39+00:00","twitter_card":"summary_large_image","twitter_misc":{"Estimated reading time":"3 minutes"},"schema":{"@context":"https:\/\/schema.org","@graph":[{"@type":"WebPage","@id":"https:\/\/wildlifepro.de\/institut-fuer-agrar-und-stadtoekologische-projekte-an-der-humboldt-universitaet-zu-berlin-iasp\/","url":"https:\/\/wildlifepro.de\/institut-fuer-agrar-und-stadtoekologische-projekte-an-der-humboldt-universitaet-zu-berlin-iasp\/","name":"IASP - WildLifePro","isPartOf":{"@id":"https:\/\/wildlifepro.de\/#website"},"datePublished":"2020-07-10T19:30:33+00:00","dateModified":"2020-07-10T19:36:39+00:00","breadcrumb":{"@id":"https:\/\/wildlifepro.de\/institut-fuer-agrar-und-stadtoekologische-projekte-an-der-humboldt-universitaet-zu-berlin-iasp\/#breadcrumb"},"inLanguage":"en-GB","potentialAction":[{"@type":"ReadAction","target":["https:\/\/wildlifepro.de\/institut-fuer-agrar-und-stadtoekologische-projekte-an-der-humboldt-universitaet-zu-berlin-iasp\/"]}]},{"@type":"BreadcrumbList","@id":"https:\/\/wildlifepro.de\/institut-fuer-agrar-und-stadtoekologische-projekte-an-der-humboldt-universitaet-zu-berlin-iasp\/#breadcrumb","itemListElement":[{"@type":"ListItem","position":1,"name":"Startseite","item":"https:\/\/wildlifepro.de\/"},{"@type":"ListItem","position":2,"name":"IASP"}]},{"@type":"WebSite","@id":"https:\/\/wildlifepro.de\/#website","url":"https:\/\/wildlifepro.de\/","name":"WildLifePro","description":"Ihr Netzwerk.","potentialAction":[{"@type":"SearchAction","target":{"@type":"EntryPoint","urlTemplate":"https:\/\/wildlifepro.de\/?s={search_term_string}"},"query-input":"required name=search_term_string"}],"inLanguage":"en-GB"}]}},"_links":{"self":[{"href":"https:\/\/wildlifepro.de\/en\/wp-json\/wp\/v2\/pages\/23473"}],"collection":[{"href":"https:\/\/wildlifepro.de\/en\/wp-json\/wp\/v2\/pages"}],"about":[{"href":"https:\/\/wildlifepro.de\/en\/wp-json\/wp\/v2\/types\/page"}],"author":[{"embeddable":true,"href":"https:\/\/wildlifepro.de\/en\/wp-json\/wp\/v2\/users\/1"}],"replies":[{"embeddable":true,"href":"https:\/\/wildlifepro.de\/en\/wp-json\/wp\/v2\/comments?post=23473"}],"version-history":[{"count":5,"href":"https:\/\/wildlifepro.de\/en\/wp-json\/wp\/v2\/pages\/23473\/revisions"}],"predecessor-version":[{"id":23479,"href":"https:\/\/wildlifepro.de\/en\/wp-json\/wp\/v2\/pages\/23473\/revisions\/23479"}],"wp:attachment":[{"href":"https:\/\/wildlifepro.de\/en\/wp-json\/wp\/v2\/media?parent=23473"}],"wp:term":[{"taxonomy":"dipi_cpt_category","embeddable":true,"href":"https:\/\/wildlifepro.de\/en\/wp-json\/wp\/v2\/dipi_cpt_category?post=23473"}],"curies":[{"name":"wp","href":"https:\/\/api.w.org\/{rel}","templated":true}]}}