{"id":23420,"date":"2020-07-10T18:30:00","date_gmt":"2020-07-10T18:30:00","guid":{"rendered":"https:\/\/wildlifepro.de\/?page_id=23420"},"modified":"2020-07-10T18:37:53","modified_gmt":"2020-07-10T18:37:53","slug":"ibis-industrieautomation-gmbh-co-kg","status":"publish","type":"page","link":"https:\/\/wildlifepro.de\/en\/ibis-industrieautomation-gmbh-co-kg\/","title":{"rendered":"IBIS INDUSTRIEAUTOMATION GMBH &#038; CO. KG"},"content":{"rendered":"<p>[et_pb_section fb_built=&#8221;1&#8243; _builder_version=&#8221;4.4.9&#8243;][et_pb_row column_structure=&#8221;1_2,1_2&#8243; _builder_version=&#8221;4.4.9&#8243;][et_pb_column type=&#8221;1_2&#8243; _builder_version=&#8221;4.4.9&#8243;][et_pb_text _builder_version=&#8221;4.4.9&#8243; text_font=&#8221;Mukta Malar|700|||||||&#8221; text_font_size=&#8221;25px&#8221; header_3_font=&#8221;Mukta Malar|700|||||||&#8221; header_3_text_color=&#8221;#000000&#8243; header_3_font_size=&#8221;29px&#8221; custom_margin=&#8221;7px||||false|false&#8221; hover_enabled=&#8221;0&#8243;]<\/p>\n<h3>IBIS Industrieautomation GmbH &amp; Co. KG<\/h3>\n<p>[\/et_pb_text][et_pb_divider color=&#8221;#c49e6c&#8221; _builder_version=&#8221;4.4.9&#8243;][\/et_pb_divider][\/et_pb_column][et_pb_column type=&#8221;1_2&#8243; _builder_version=&#8221;4.4.9&#8243;][et_pb_button button_url=&#8221;https:\/\/wildlifepro.de\/&#8221; button_text=&#8221;ZUR\u00dcCK ZUR WEBSITE&#8221; button_alignment=&#8221;right&#8221; _builder_version=&#8221;4.4.9&#8243; custom_button=&#8221;on&#8221; button_text_size=&#8221;15px&#8221; button_text_color=&#8221;#ffffff&#8221; button_bg_color=&#8221;#c49e6c&#8221; button_border_color=&#8221;#c49e6c&#8221; button_border_radius=&#8221;0px&#8221; button_font=&#8221;Mukta Malar||||||||&#8221; button_use_icon=&#8221;off&#8221; custom_margin=&#8221;-2px||||false|false&#8221; custom_padding=&#8221;14px|37px|14px|37px|true|true&#8221; locked=&#8221;off&#8221; button_text_color__hover_enabled=&#8221;on|hover&#8221; button_text_color__hover=&#8221;#ffffff&#8221; button_bg_color__hover_enabled=&#8221;on|desktop&#8221; button_bg_color__hover=&#8221;#495153&#8243; button_bg_enable_color__hover=&#8221;on&#8221; button_border_color__hover_enabled=&#8221;on|hover&#8221; button_border_color__hover=&#8221;#495153&#8243; button_letter_spacing__hover_enabled=&#8221;on|desktop&#8221; button_letter_spacing__hover=&#8221;0px&#8221;][\/et_pb_button][\/et_pb_column][\/et_pb_row][et_pb_row column_structure=&#8221;3_5,2_5&#8243; _builder_version=&#8221;4.4.9&#8243; custom_margin=&#8221;0px|auto||auto||&#8221; custom_padding=&#8221;4px||10px|||&#8221; locked=&#8221;off&#8221;][et_pb_column type=&#8221;3_5&#8243; _builder_version=&#8221;4.4.9&#8243;][et_pb_text _builder_version=&#8221;4.4.9&#8243; text_font_size=&#8221;16px&#8221; hover_enabled=&#8221;0&#8243;]<\/p>\n<p>The object of the business activity is the development, production and distribution of customer-specific solutions in the areas of industrial automation and special machine construction. In recent years, proven expertise has been built up in the context of developing and building prototypes for testing and assembly automation. The service portfolio includes CAD design, the implementation of electronics projects and PLC machine programmes, the construction and optimisation of systems through to commissioning at the customer's premises and after-sales service. The company's target customers include the automotive industry, the construction industry, metalworking companies, the electrical engineering and electronics industry as well as companies in the photovoltaic and microelectronics sectors.<\/p>\n<p>[\/et_pb_text][et_pb_text _builder_version=&#8221;4.4.9&#8243; text_font_size=&#8221;16px&#8221; hover_enabled=&#8221;0&#8243;]<\/p>\n<p><em><strong>Core competencies for the network:\u00a0<span>Electronic component and device development<\/span><\/strong><\/em><\/p>\n<p>&nbsp;<\/p>\n<p>[\/et_pb_text][\/et_pb_column][et_pb_column type=&#8221;2_5&#8243; _builder_version=&#8221;4.4.9&#8243; custom_padding=&#8221;30px|30px|30px|30px|true|false&#8221; box_shadow_style=&#8221;preset1&#8243;][et_pb_image src=&#8221;https:\/\/wildlifepro.de\/media\/2020\/06\/ibis.jpg&#8221; title_text=&#8221;ibis&#8221; _builder_version=&#8221;4.4.9&#8243; custom_margin=&#8221;-7px|||||&#8221; custom_padding=&#8221;|||15px||&#8221; hover_enabled=&#8221;0&#8243;][\/et_pb_image][et_pb_blurb use_icon=&#8221;on&#8221; font_icon=&#8221;%%165%%&#8221; icon_color=&#8221;#c49e6c&#8221; icon_placement=&#8221;left&#8221; use_icon_font_size=&#8221;on&#8221; icon_font_size=&#8221;25px&#8221; _builder_version=&#8221;4.4.9&#8243; body_font=&#8221;Mukta Malar|600|||||||&#8221; body_font_size=&#8221;19px&#8221; custom_margin=&#8221;||56px|50px||&#8221; hover_enabled=&#8221;0&#8243;]<\/p>\n<p><a href=\"https:\/\/www.ibis-sondermaschinen.de\/\">Visit website<\/a><\/p>\n<p>[\/et_pb_blurb][\/et_pb_column][\/et_pb_row][et_pb_row _builder_version=&#8221;4.4.9&#8243;][et_pb_column type=&#8221;4_4&#8243; _builder_version=&#8221;4.4.9&#8243;][\/et_pb_column][\/et_pb_row][\/et_pb_section]<\/p>","protected":false},"excerpt":{"rendered":"<p>IBIS Industrieautomation GmbH &amp; Co. KG Gegenstand der Gesch\u00e4ftst\u00e4tigkeit ist die Entwicklung, Produktion und der Vertrieb von kundenspezifischen L\u00f6sungen in den Bereichen der Industrieautomation und des Sondermaschinenbaus. In den letzten Jahren konnte eine ausgewiesene Expertise im Kontext der Entwicklung und des Baus von Prototypen f\u00fcr die Pr\u00fcf- und Montageautomation aufgebaut werden. Das Leistungsportfolio umfasst die [&hellip;]<\/p>","protected":false},"author":1,"featured_media":0,"parent":0,"menu_order":0,"comment_status":"closed","ping_status":"closed","template":"","meta":{"_et_pb_use_builder":"on","_et_pb_old_content":"","_et_gb_content_width":"","footnotes":""},"dipi_cpt_category":[],"yoast_head":"<!-- This site is optimized with the Yoast SEO plugin v22.9 - https:\/\/yoast.com\/wordpress\/plugins\/seo\/ -->\n<title>IBIS INDUSTRIEAUTOMATION GMBH &amp; CO. KG - WildLifePro<\/title>\n<meta name=\"robots\" content=\"index, follow, max-snippet:-1, max-image-preview:large, max-video-preview:-1\" \/>\n<link rel=\"canonical\" href=\"https:\/\/wildlifepro.de\/en\/ibis-industrieautomation-gmbh-co-kg\/\" \/>\n<meta property=\"og:locale\" content=\"en_GB\" \/>\n<meta property=\"og:type\" content=\"article\" \/>\n<meta property=\"og:title\" content=\"IBIS INDUSTRIEAUTOMATION GMBH &amp; CO. KG - WildLifePro\" \/>\n<meta property=\"og:description\" content=\"IBIS Industrieautomation GmbH &amp; Co. KG Gegenstand der Gesch\u00e4ftst\u00e4tigkeit ist die Entwicklung, Produktion und der Vertrieb von kundenspezifischen L\u00f6sungen in den Bereichen der Industrieautomation und des Sondermaschinenbaus. In den letzten Jahren konnte eine ausgewiesene Expertise im Kontext der Entwicklung und des Baus von Prototypen f\u00fcr die Pr\u00fcf- und Montageautomation aufgebaut werden. Das Leistungsportfolio umfasst die [&hellip;]\" \/>\n<meta property=\"og:url\" content=\"https:\/\/wildlifepro.de\/en\/ibis-industrieautomation-gmbh-co-kg\/\" \/>\n<meta property=\"og:site_name\" content=\"WildLifePro\" \/>\n<meta property=\"article:modified_time\" content=\"2020-07-10T18:37:53+00:00\" \/>\n<meta name=\"twitter:card\" content=\"summary_large_image\" \/>\n<meta name=\"twitter:label1\" content=\"Estimated reading time\" \/>\n\t<meta name=\"twitter:data1\" content=\"2 minutes\" \/>\n<script type=\"application\/ld+json\" class=\"yoast-schema-graph\">{\"@context\":\"https:\/\/schema.org\",\"@graph\":[{\"@type\":\"WebPage\",\"@id\":\"https:\/\/wildlifepro.de\/ibis-industrieautomation-gmbh-co-kg\/\",\"url\":\"https:\/\/wildlifepro.de\/ibis-industrieautomation-gmbh-co-kg\/\",\"name\":\"IBIS INDUSTRIEAUTOMATION GMBH & CO. KG - WildLifePro\",\"isPartOf\":{\"@id\":\"https:\/\/wildlifepro.de\/#website\"},\"datePublished\":\"2020-07-10T18:30:00+00:00\",\"dateModified\":\"2020-07-10T18:37:53+00:00\",\"breadcrumb\":{\"@id\":\"https:\/\/wildlifepro.de\/ibis-industrieautomation-gmbh-co-kg\/#breadcrumb\"},\"inLanguage\":\"en-GB\",\"potentialAction\":[{\"@type\":\"ReadAction\",\"target\":[\"https:\/\/wildlifepro.de\/ibis-industrieautomation-gmbh-co-kg\/\"]}]},{\"@type\":\"BreadcrumbList\",\"@id\":\"https:\/\/wildlifepro.de\/ibis-industrieautomation-gmbh-co-kg\/#breadcrumb\",\"itemListElement\":[{\"@type\":\"ListItem\",\"position\":1,\"name\":\"Startseite\",\"item\":\"https:\/\/wildlifepro.de\/\"},{\"@type\":\"ListItem\",\"position\":2,\"name\":\"IBIS INDUSTRIEAUTOMATION GMBH &#038; CO. KG\"}]},{\"@type\":\"WebSite\",\"@id\":\"https:\/\/wildlifepro.de\/#website\",\"url\":\"https:\/\/wildlifepro.de\/\",\"name\":\"WildLifePro\",\"description\":\"Ihr Netzwerk.\",\"potentialAction\":[{\"@type\":\"SearchAction\",\"target\":{\"@type\":\"EntryPoint\",\"urlTemplate\":\"https:\/\/wildlifepro.de\/?s={search_term_string}\"},\"query-input\":\"required name=search_term_string\"}],\"inLanguage\":\"en-GB\"}]}<\/script>\n<!-- \/ Yoast SEO plugin. -->","yoast_head_json":{"title":"IBIS INDUSTRIEAUTOMATION GMBH & CO. KG - WildLifePro","robots":{"index":"index","follow":"follow","max-snippet":"max-snippet:-1","max-image-preview":"max-image-preview:large","max-video-preview":"max-video-preview:-1"},"canonical":"https:\/\/wildlifepro.de\/en\/ibis-industrieautomation-gmbh-co-kg\/","og_locale":"en_GB","og_type":"article","og_title":"IBIS INDUSTRIEAUTOMATION GMBH & CO. KG - WildLifePro","og_description":"IBIS Industrieautomation GmbH &amp; Co. KG Gegenstand der Gesch\u00e4ftst\u00e4tigkeit ist die Entwicklung, Produktion und der Vertrieb von kundenspezifischen L\u00f6sungen in den Bereichen der Industrieautomation und des Sondermaschinenbaus. In den letzten Jahren konnte eine ausgewiesene Expertise im Kontext der Entwicklung und des Baus von Prototypen f\u00fcr die Pr\u00fcf- und Montageautomation aufgebaut werden. Das Leistungsportfolio umfasst die [&hellip;]","og_url":"https:\/\/wildlifepro.de\/en\/ibis-industrieautomation-gmbh-co-kg\/","og_site_name":"WildLifePro","article_modified_time":"2020-07-10T18:37:53+00:00","twitter_card":"summary_large_image","twitter_misc":{"Estimated reading time":"2 minutes"},"schema":{"@context":"https:\/\/schema.org","@graph":[{"@type":"WebPage","@id":"https:\/\/wildlifepro.de\/ibis-industrieautomation-gmbh-co-kg\/","url":"https:\/\/wildlifepro.de\/ibis-industrieautomation-gmbh-co-kg\/","name":"IBIS INDUSTRIEAUTOMATION GMBH & CO. KG - WildLifePro","isPartOf":{"@id":"https:\/\/wildlifepro.de\/#website"},"datePublished":"2020-07-10T18:30:00+00:00","dateModified":"2020-07-10T18:37:53+00:00","breadcrumb":{"@id":"https:\/\/wildlifepro.de\/ibis-industrieautomation-gmbh-co-kg\/#breadcrumb"},"inLanguage":"en-GB","potentialAction":[{"@type":"ReadAction","target":["https:\/\/wildlifepro.de\/ibis-industrieautomation-gmbh-co-kg\/"]}]},{"@type":"BreadcrumbList","@id":"https:\/\/wildlifepro.de\/ibis-industrieautomation-gmbh-co-kg\/#breadcrumb","itemListElement":[{"@type":"ListItem","position":1,"name":"Startseite","item":"https:\/\/wildlifepro.de\/"},{"@type":"ListItem","position":2,"name":"IBIS INDUSTRIEAUTOMATION GMBH &#038; CO. KG"}]},{"@type":"WebSite","@id":"https:\/\/wildlifepro.de\/#website","url":"https:\/\/wildlifepro.de\/","name":"WildLifePro","description":"Ihr Netzwerk.","potentialAction":[{"@type":"SearchAction","target":{"@type":"EntryPoint","urlTemplate":"https:\/\/wildlifepro.de\/?s={search_term_string}"},"query-input":"required name=search_term_string"}],"inLanguage":"en-GB"}]}},"_links":{"self":[{"href":"https:\/\/wildlifepro.de\/en\/wp-json\/wp\/v2\/pages\/23420"}],"collection":[{"href":"https:\/\/wildlifepro.de\/en\/wp-json\/wp\/v2\/pages"}],"about":[{"href":"https:\/\/wildlifepro.de\/en\/wp-json\/wp\/v2\/types\/page"}],"author":[{"embeddable":true,"href":"https:\/\/wildlifepro.de\/en\/wp-json\/wp\/v2\/users\/1"}],"replies":[{"embeddable":true,"href":"https:\/\/wildlifepro.de\/en\/wp-json\/wp\/v2\/comments?post=23420"}],"version-history":[{"count":3,"href":"https:\/\/wildlifepro.de\/en\/wp-json\/wp\/v2\/pages\/23420\/revisions"}],"predecessor-version":[{"id":23425,"href":"https:\/\/wildlifepro.de\/en\/wp-json\/wp\/v2\/pages\/23420\/revisions\/23425"}],"wp:attachment":[{"href":"https:\/\/wildlifepro.de\/en\/wp-json\/wp\/v2\/media?parent=23420"}],"wp:term":[{"taxonomy":"dipi_cpt_category","embeddable":true,"href":"https:\/\/wildlifepro.de\/en\/wp-json\/wp\/v2\/dipi_cpt_category?post=23420"}],"curies":[{"name":"wp","href":"https:\/\/api.w.org\/{rel}","templated":true}]}}