{"id":23291,"date":"2020-06-30T22:49:35","date_gmt":"2020-06-30T22:49:35","guid":{"rendered":"https:\/\/wildlifepro.de\/?page_id=23291"},"modified":"2025-02-06T16:13:54","modified_gmt":"2025-02-06T16:13:54","slug":"impressum","status":"publish","type":"page","link":"https:\/\/wildlifepro.de\/en\/impressum\/","title":{"rendered":"Imprint"},"content":{"rendered":"<p>[et_pb_section fb_built=&#8221;1&#8243; _builder_version=&#8221;4.16&#8243; custom_padding=&#8221;||0px|||&#8221; global_colors_info=&#8221;{}&#8221;][et_pb_row use_custom_gutter=&#8221;on&#8221; gutter_width=&#8221;2&#8243; make_equal=&#8221;on&#8221; admin_label=&#8221;row&#8221; _builder_version=&#8221;4.16&#8243; background_size=&#8221;initial&#8221; background_position=&#8221;top_left&#8221; background_repeat=&#8221;repeat&#8221; width=&#8221;90%&#8221; width_tablet=&#8221;90%&#8221; width_phone=&#8221;90%&#8221; width_last_edited=&#8221;on|desktop&#8221; max_width=&#8221;1120px&#8221; max_width_tablet=&#8221;90%&#8221; max_width_phone=&#8221;90%&#8221; max_width_last_edited=&#8221;on|tablet&#8221; locked=&#8221;off&#8221; global_colors_info=&#8221;{}&#8221;][et_pb_column type=&#8221;4_4&#8243; _builder_version=&#8221;4.16&#8243; custom_padding=&#8221;|||&#8221; global_colors_info=&#8221;{}&#8221; custom_padding__hover=&#8221;|||&#8221;][et_pb_text _builder_version=&#8221;4.16&#8243; header_3_font=&#8221;Mukta Malar|600|||||||&#8221; header_3_text_align=&#8221;center&#8221; header_3_text_color=&#8221;#252937&#8243; header_3_font_size=&#8221;35px&#8221; header_3_line_height=&#8221;1.2em&#8221; max_width=&#8221;850px&#8221; module_alignment=&#8221;center&#8221; header_3_font_size_tablet=&#8221;&#8221; header_3_font_size_phone=&#8221;25px&#8221; header_3_font_size_last_edited=&#8221;on|phone&#8221; global_colors_info=&#8221;{}&#8221;]<\/p>\n<h3>IMPRINT<\/h3>\n<p>[\/et_pb_text][\/et_pb_column][\/et_pb_row][\/et_pb_section][et_pb_section fb_built=&#8221;1&#8243; _builder_version=&#8221;4.16&#8243; custom_padding=&#8221;13px|||||&#8221; global_colors_info=&#8221;{}&#8221;][et_pb_row column_structure=&#8221;1_2,1_2&#8243; _builder_version=&#8221;4.16&#8243; global_colors_info=&#8221;{}&#8221;][et_pb_column type=&#8221;1_2&#8243; _builder_version=&#8221;4.16&#8243; global_colors_info=&#8221;{}&#8221;][et_pb_text _builder_version=&#8221;4.25.2&#8243; text_font=&#8221;Mukta Malar||||||||&#8221; text_font_size=&#8221;16px&#8221; hover_enabled=&#8221;0&#8243; global_colors_info=&#8221;{}&#8221; sticky_enabled=&#8221;0&#8243;]<\/p>\n<p><strong>Angaben gem\u00e4\u00df \u00a7 5 DDG:<\/strong><\/p>\n<p>PromoTool GmbH<\/p>\n<p><span style=\"font-size: large;\"><span style=\"font-size: medium;\">Damerowstra\u00dfe<\/span> 65<\/span><\/p>\n<p><span style=\"font-size: large;\">13187<\/span><span style=\"font-size: 16px;\"> Berlin<\/span><\/p>\n<p>[\/et_pb_text][\/et_pb_column][et_pb_column type=&#8221;1_2&#8243; _builder_version=&#8221;4.16&#8243; custom_padding=&#8221;30px|30px|30px|30px|true|true&#8221; box_shadow_style=&#8221;preset1&#8243; global_colors_info=&#8221;{}&#8221;][et_pb_text _builder_version=&#8221;4.16&#8243; text_font=&#8221;Mukta Malar||||||||&#8221; text_font_size=&#8221;17px&#8221; global_colors_info=&#8221;{}&#8221;]<\/p>\n<p><strong>Logo- &amp; Corporate Design:<\/strong> <a href=\"https:\/\/radtke-grafik.de\/\">Radtke Media<\/a><\/p>\n<p><strong>Webdesign<\/strong>: <a href=\"https:\/\/pabst-media.com\/\">Pabst Media<\/a><\/p>\n<p>[\/et_pb_text][\/et_pb_column][\/et_pb_row][et_pb_row _builder_version=&#8221;4.16&#8243; custom_padding=&#8221;0px|||||&#8221; global_colors_info=&#8221;{}&#8221;][et_pb_column type=&#8221;4_4&#8243; _builder_version=&#8221;4.16&#8243; global_colors_info=&#8221;{}&#8221;][et_pb_text _builder_version=&#8221;4.25.2&#8243; text_font=&#8221;Mukta Malar||||||||&#8221; text_text_color=&#8221;#7d7d7d&#8221; text_font_size=&#8221;16px&#8221; text_line_height=&#8221;2em&#8221; custom_margin_tablet=&#8221;-10px||||false|false&#8221; custom_margin_phone=&#8221;-10px||||false|false&#8221; custom_margin_last_edited=&#8221;on|phone&#8221; hover_enabled=&#8221;0&#8243; locked=&#8221;off&#8221; global_colors_info=&#8221;{}&#8221; sticky_enabled=&#8221;0&#8243;]<\/p>\n<p><strong>Gesch\u00e4ftsf\u00fchrung:<\/strong><\/p>\n<p><span>Eileen Kammann, Dr. Thomas R\u00fcsch<\/span><\/p>\n<p class=\"LC20lb MBeuO DKV0Md\"><strong>Handelsregisternummer:<\/strong><\/p>\n<p><span>HRB 241024 B | Amtsgericht Charlottenburg<\/span><\/p>\n<p><strong>Kontakt:<\/strong><\/p>\n<p><span style=\"font-size: 16px;\">Phone: <span>+49 30 4746596<\/span><\/span><\/p>\n<p><span style=\"font-size: 16px;\">Fax: <span>+49 30 4746597<\/span><\/span><\/p>\n<p>E-Mail: <a href=\"mailto:info@wildlifepro.de\">info@wildlifepro.de<\/a><\/p>\n<p>Rechtsform:\u00a0Gesellschaft mit beschr\u00e4nkter Haftung<\/p>\n<p><strong>Umsatzsteuer-ID:<\/strong><\/p>\n<p>Umsatzsteuer-Identifikationsnummer gem\u00e4\u00df \u00a727 a Umsatzsteuergesetz: USt-ID: DE353814107<\/p>\n<p><strong>Inhalt<\/strong><\/p>\n<p><span>Verantwortlich f\u00fcr den Inhalt nach \u00a7 55 Abs. 2 MStV: Dr. Thomas R\u00fcsch<\/span><\/p>\n<p><strong>Streitschlichtung<\/strong><\/p>\n<p>Die Europ\u00e4ische Kommission stellt eine Plattform zur Online-Streitbeilegung (OS) bereit:\u00a0<a href=\"https:\/\/ec.europa.eu\/consumers\/odr\">https:\/\/ec.europa.eu\/consumers\/odr<\/a>.<\/p>\n<p>Unsere E-Mail-Adresse finden Sie oben im Impressum.<\/p>\n<p>Wir sind nicht bereit oder verpflichtet, an Streitbeilegungsverfahren vor einer Verbraucherschlichtungsstelle teilzunehmen.<\/p>\n<p>&nbsp;<\/p>\n<p><strong>Weitere rechtliche Hinweise<\/strong><\/p>\n<p><strong>Haftung f\u00fcr Inhalte<\/strong><\/p>\n<p>Als Diensteanbieter sind wir gem\u00e4\u00df \u00a7 <span style=\"font-size: large;\">7<\/span> Abs. <span style=\"font-size: large;\">1<\/span> DDG f\u00fcr eigene Inhalte auf dieser Website nach den allgemeinen Gesetzen verantwortlich. Nach \u00a7\u00a7 <span style=\"font-size: large;\">8<\/span> bis <span style=\"font-size: large;\">10<\/span> DDG sind wir als Diensteanbieter jedoch nicht verpflichtet, \u00fcbermittelte oder gespeicherte fremde Informationen zu \u00fcberwachen oder nach Umst\u00e4nden zu forschen, die auf eine rechtswidrige T\u00e4tigkeit hinweisen.<\/p>\n<p>&nbsp;<\/p>\n<p>Die Verpflichtungen zur Entfernung oder Sperrung der Nutzung von Informationen nach den allgemeinen Gesetzen bleiben hiervon unber\u00fchrt. Eine diesbez\u00fcgliche Haftung ist jedoch grunds\u00e4tzlich erst ab dem Zeitpunkt der Kenntnis einer konkreten Rechtsverletzung m\u00f6glich. Bei Bekanntwerden von entsprechenden Rechtverletzungen werden wir diese Inhalte umgehend entfernen oder entsprechend anpassen.<\/p>\n<p>&nbsp;<\/p>\n<p><strong>Haftung f\u00fcr Links<\/strong><\/p>\n<p>Unsere Website enth\u00e4lt Links zu externen Websites Dritter, auf deren Inhalte wir keinen Einfluss haben. Deshalb k\u00f6nnen wir f\u00fcr diese fremden Inhalte auch keine Gew\u00e4hrleistung \u00fcbernehmen. F\u00fcr die Inhalte der verlinkten Websites ist stets der jeweilige Anbieter oder Websitebetreiber verantwortlich. Die von uns verlinkten Websites wurden zum Zeitpunkt der Verlinkung auf m\u00f6gliche Rechtsverst\u00f6\u00dfe \u00fcberpr\u00fcft. Rechtswidrige Inhalte waren zum Zeitpunkt der Verlinkung nicht erkennbar.<\/p>\n<p>&nbsp;<\/p>\n<p>Eine permanente inhaltliche Kontrolle der verlinkten Websites ist jedoch ohne konkrete Anhaltspunkte einer Rechtsverletzung nicht zumutbar. Daher weisen wir daraufhin, dass der Besuch von verlinkten Websites grunds\u00e4tzlich auf eigene Verantwortung geschieht. Bei Bekanntwerden von Rechtsverletzungen werden wir hiervon betroffene Links umgehend entfernen.<\/p>\n<p>&nbsp;<\/p>\n<p><strong>Urheberrecht<\/strong><\/p>\n<p>S\u00e4mtliche durch den Seitenbetreiber erstellten Inhalte und Werke auf dieser Website unterliegen dem deutschen Urheberrecht. Die Vervielf\u00e4ltigung, Bearbeitung, Verbreitung und jede Art der Verwertung au\u00dferhalb der Grenzen des Urheberrechtes bed\u00fcrfen der schriftlichen Zustimmung des jeweiligen Autors bzw. Erstellers. Downloads und Kopien dieser Website sowie einzelner Inhalte sind nur f\u00fcr den privaten, nicht kommerziellen Gebrauch gestattet.<\/p>\n<p>&nbsp;<\/p>\n<p>Soweit die Inhalte auf dieser Website nicht vom Betreiber erstellt wurden, werden die Urheberrechte Dritter entsprechend beachtet. Insbesondere werden Inhalte Dritter je nach Umfang der erworbenen oder anderweitig gew\u00e4hrten Nutzungsrechte als solche gekennzeichnet. Sollten Sie dennoch auf eine Urheberrechtsverletzung oder ungenaue Kennzeichnung aufmerksam werden, bitten wir um einen entsprechenden Hinweis. Bei Bekanntwerden von Rechtsverletzungen werden wir derartige Inhalte umgehend entfernen oder die Kennzeichnung entsprechend anpassen.<\/p>\n<p>&nbsp;<\/p>\n<p><strong>Datenschutz<\/strong><\/p>\n<p>Sie k\u00f6nnen unsere Website grunds\u00e4tzlich ohne Angabe personenbezogener Daten nutzen. Sofern auf unserer Website personenbezogene Daten (wie Name, Anschrift oder E-Mail-Adresse oder mithilfe von Cookies erhobene Nutzungsdaten) verarbeitet werden, erfolgt diese grunds\u00e4tzlich immer erst nach Ihrer freiwilligen und jederzeit widerrufbaren Einwilligung. Die personenbezogenen Daten werden nicht ohne Ihre ausdr\u00fcckliche Einwilligung an Dritte weitergegeben. Die PromoTool GmbH <span>Gesch\u00e4ftsf\u00fchrung: Eileen Kammann, Dr. Thomas R\u00fcsch<\/span> weist darauf hin, dass die Daten\u00fcbertragung im Internet (z.B. bei der Kommunikation per E-Mail) Sicherheitsl\u00fccken aufweisen kann. Soweit m\u00f6glich und angemessen haben wir insbesondere angemessene technische und organisatorische Ma\u00dfnahmen zum Schutz Ihrer Daten vor unberechtigtem Zugriff umgesetzt.<\/p>\n<p>&nbsp;<\/p>\n<p>Hiermit widersprechen wir ausdr\u00fccklich jeglicher Nutzung von im Rahmen der Impressumspflicht ver\u00f6ffentlichten Kontaktdaten durch Dritte zur \u00dcbermittlung von nicht angeforderter Werbung oder sonstigen Informationsmaterialien. Wir als Websitebetreiber halten uns im Falle der ungew\u00fcnschten Zusendung von Werbeinformationen, etwa mittels Spam-Mails, rechtliche Schritte vor.<\/p>\n<p>&nbsp;<\/p>\n<p>Weitere Informationen zum Datenschutz finden Sie in unserer <a href=\"https:\/\/wildlifepro.de\/en\/datenschutzerklaerung\/\">Privacy policy<\/a>.<\/p>\n<p>&nbsp;<\/p>\n<p>[\/et_pb_text][\/et_pb_column][\/et_pb_row][\/et_pb_section]<\/p>","protected":false},"excerpt":{"rendered":"<p>IMPRESSUMAngaben gem\u00e4\u00df \u00a7 5 DDG: PromoTool GmbH Damerowstra\u00dfe 65 13187 BerlinLogo- &amp; Corporate Design: Radtke Media Webdesign: Pabst MediaGesch\u00e4ftsf\u00fchrung: Eileen Kammann, Dr. Thomas R\u00fcsch Handelsregisternummer: HRB 241024 B | Amtsgericht Charlottenburg Kontakt: Telefon: +49 30 4746596 Fax: +49 30 4746597 E-Mail: info@wildlifepro.de Rechtsform:\u00a0Gesellschaft mit beschr\u00e4nkter Haftung Umsatzsteuer-ID: Umsatzsteuer-Identifikationsnummer gem\u00e4\u00df \u00a727 a Umsatzsteuergesetz: USt-ID: DE353814107 Inhalt [&hellip;]<\/p>","protected":false},"author":1,"featured_media":0,"parent":0,"menu_order":0,"comment_status":"closed","ping_status":"closed","template":"","meta":{"_et_pb_use_builder":"on","_et_pb_old_content":"","_et_gb_content_width":"","footnotes":""},"dipi_cpt_category":[],"yoast_head":"<!-- This site is optimized with the Yoast SEO plugin v22.9 - https:\/\/yoast.com\/wordpress\/plugins\/seo\/ -->\n<title>Impressum - WildLifePro<\/title>\n<meta name=\"robots\" content=\"index, follow, max-snippet:-1, max-image-preview:large, max-video-preview:-1\" \/>\n<link rel=\"canonical\" href=\"https:\/\/wildlifepro.de\/en\/impressum\/\" \/>\n<meta property=\"og:locale\" content=\"en_GB\" \/>\n<meta property=\"og:type\" content=\"article\" \/>\n<meta property=\"og:title\" content=\"Impressum - WildLifePro\" \/>\n<meta property=\"og:description\" content=\"IMPRESSUMAngaben gem\u00e4\u00df \u00a7 5 DDG: PromoTool GmbH Damerowstra\u00dfe 65 13187 BerlinLogo- &amp; Corporate Design: Radtke Media Webdesign: Pabst MediaGesch\u00e4ftsf\u00fchrung: Eileen Kammann, Dr. Thomas R\u00fcsch Handelsregisternummer: HRB 241024 B | Amtsgericht Charlottenburg Kontakt: Telefon: +49 30 4746596 Fax: +49 30 4746597 E-Mail: info@wildlifepro.de Rechtsform:\u00a0Gesellschaft mit beschr\u00e4nkter Haftung Umsatzsteuer-ID: Umsatzsteuer-Identifikationsnummer gem\u00e4\u00df \u00a727 a Umsatzsteuergesetz: USt-ID: DE353814107 Inhalt [&hellip;]\" \/>\n<meta property=\"og:url\" content=\"https:\/\/wildlifepro.de\/en\/impressum\/\" \/>\n<meta property=\"og:site_name\" content=\"WildLifePro\" \/>\n<meta property=\"article:modified_time\" content=\"2025-02-06T16:13:54+00:00\" \/>\n<meta name=\"twitter:card\" content=\"summary_large_image\" \/>\n<meta name=\"twitter:label1\" content=\"Estimated reading time\" \/>\n\t<meta name=\"twitter:data1\" content=\"5 minutes\" \/>\n<script type=\"application\/ld+json\" class=\"yoast-schema-graph\">{\"@context\":\"https:\/\/schema.org\",\"@graph\":[{\"@type\":\"WebPage\",\"@id\":\"https:\/\/wildlifepro.de\/impressum\/\",\"url\":\"https:\/\/wildlifepro.de\/impressum\/\",\"name\":\"Impressum - WildLifePro\",\"isPartOf\":{\"@id\":\"https:\/\/wildlifepro.de\/#website\"},\"datePublished\":\"2020-06-30T22:49:35+00:00\",\"dateModified\":\"2025-02-06T16:13:54+00:00\",\"breadcrumb\":{\"@id\":\"https:\/\/wildlifepro.de\/impressum\/#breadcrumb\"},\"inLanguage\":\"en-GB\",\"potentialAction\":[{\"@type\":\"ReadAction\",\"target\":[\"https:\/\/wildlifepro.de\/impressum\/\"]}]},{\"@type\":\"BreadcrumbList\",\"@id\":\"https:\/\/wildlifepro.de\/impressum\/#breadcrumb\",\"itemListElement\":[{\"@type\":\"ListItem\",\"position\":1,\"name\":\"Startseite\",\"item\":\"https:\/\/wildlifepro.de\/\"},{\"@type\":\"ListItem\",\"position\":2,\"name\":\"Impressum\"}]},{\"@type\":\"WebSite\",\"@id\":\"https:\/\/wildlifepro.de\/#website\",\"url\":\"https:\/\/wildlifepro.de\/\",\"name\":\"WildLifePro\",\"description\":\"Ihr Netzwerk.\",\"potentialAction\":[{\"@type\":\"SearchAction\",\"target\":{\"@type\":\"EntryPoint\",\"urlTemplate\":\"https:\/\/wildlifepro.de\/?s={search_term_string}\"},\"query-input\":\"required name=search_term_string\"}],\"inLanguage\":\"en-GB\"}]}<\/script>\n<!-- \/ Yoast SEO plugin. -->","yoast_head_json":{"title":"Impressum - WildLifePro","robots":{"index":"index","follow":"follow","max-snippet":"max-snippet:-1","max-image-preview":"max-image-preview:large","max-video-preview":"max-video-preview:-1"},"canonical":"https:\/\/wildlifepro.de\/en\/impressum\/","og_locale":"en_GB","og_type":"article","og_title":"Impressum - WildLifePro","og_description":"IMPRESSUMAngaben gem\u00e4\u00df \u00a7 5 DDG: PromoTool GmbH Damerowstra\u00dfe 65 13187 BerlinLogo- &amp; Corporate Design: Radtke Media Webdesign: Pabst MediaGesch\u00e4ftsf\u00fchrung: Eileen Kammann, Dr. Thomas R\u00fcsch Handelsregisternummer: HRB 241024 B | Amtsgericht Charlottenburg Kontakt: Telefon: +49 30 4746596 Fax: +49 30 4746597 E-Mail: info@wildlifepro.de Rechtsform:\u00a0Gesellschaft mit beschr\u00e4nkter Haftung Umsatzsteuer-ID: Umsatzsteuer-Identifikationsnummer gem\u00e4\u00df \u00a727 a Umsatzsteuergesetz: USt-ID: DE353814107 Inhalt [&hellip;]","og_url":"https:\/\/wildlifepro.de\/en\/impressum\/","og_site_name":"WildLifePro","article_modified_time":"2025-02-06T16:13:54+00:00","twitter_card":"summary_large_image","twitter_misc":{"Estimated reading time":"5 minutes"},"schema":{"@context":"https:\/\/schema.org","@graph":[{"@type":"WebPage","@id":"https:\/\/wildlifepro.de\/impressum\/","url":"https:\/\/wildlifepro.de\/impressum\/","name":"Impressum - WildLifePro","isPartOf":{"@id":"https:\/\/wildlifepro.de\/#website"},"datePublished":"2020-06-30T22:49:35+00:00","dateModified":"2025-02-06T16:13:54+00:00","breadcrumb":{"@id":"https:\/\/wildlifepro.de\/impressum\/#breadcrumb"},"inLanguage":"en-GB","potentialAction":[{"@type":"ReadAction","target":["https:\/\/wildlifepro.de\/impressum\/"]}]},{"@type":"BreadcrumbList","@id":"https:\/\/wildlifepro.de\/impressum\/#breadcrumb","itemListElement":[{"@type":"ListItem","position":1,"name":"Startseite","item":"https:\/\/wildlifepro.de\/"},{"@type":"ListItem","position":2,"name":"Impressum"}]},{"@type":"WebSite","@id":"https:\/\/wildlifepro.de\/#website","url":"https:\/\/wildlifepro.de\/","name":"WildLifePro","description":"Ihr Netzwerk.","potentialAction":[{"@type":"SearchAction","target":{"@type":"EntryPoint","urlTemplate":"https:\/\/wildlifepro.de\/?s={search_term_string}"},"query-input":"required name=search_term_string"}],"inLanguage":"en-GB"}]}},"_links":{"self":[{"href":"https:\/\/wildlifepro.de\/en\/wp-json\/wp\/v2\/pages\/23291"}],"collection":[{"href":"https:\/\/wildlifepro.de\/en\/wp-json\/wp\/v2\/pages"}],"about":[{"href":"https:\/\/wildlifepro.de\/en\/wp-json\/wp\/v2\/types\/page"}],"author":[{"embeddable":true,"href":"https:\/\/wildlifepro.de\/en\/wp-json\/wp\/v2\/users\/1"}],"replies":[{"embeddable":true,"href":"https:\/\/wildlifepro.de\/en\/wp-json\/wp\/v2\/comments?post=23291"}],"version-history":[{"count":10,"href":"https:\/\/wildlifepro.de\/en\/wp-json\/wp\/v2\/pages\/23291\/revisions"}],"predecessor-version":[{"id":55532,"href":"https:\/\/wildlifepro.de\/en\/wp-json\/wp\/v2\/pages\/23291\/revisions\/55532"}],"wp:attachment":[{"href":"https:\/\/wildlifepro.de\/en\/wp-json\/wp\/v2\/media?parent=23291"}],"wp:term":[{"taxonomy":"dipi_cpt_category","embeddable":true,"href":"https:\/\/wildlifepro.de\/en\/wp-json\/wp\/v2\/dipi_cpt_category?post=23291"}],"curies":[{"name":"wp","href":"https:\/\/api.w.org\/{rel}","templated":true}]}}